{"id":1039,"date":"2023-10-30T16:39:34","date_gmt":"2023-10-30T15:39:34","guid":{"rendered":"https:\/\/aifcampania.it\/?page_id=1039"},"modified":"2023-10-30T18:09:40","modified_gmt":"2023-10-30T17:09:40","slug":"politiche-attive-del-lavoro-e-nuove-sfide-per-i-formatori","status":"publish","type":"page","link":"https:\/\/aifcampania.it\/?page_id=1039","title":{"rendered":"POLITICHE ATTIVE DEL LAVORO E NUOVE SFIDE PER I FORMATORI"},"content":{"rendered":"<div class=\"post-content\">\t\t<div data-elementor-type=\"wp-page\" data-elementor-id=\"1039\" class=\"elementor elementor-1039\">\n\t\t\t\t\t\t<div class=\"elementor-inner\">\n\t\t\t\t<div class=\"elementor-section-wrap\">\n\t\t\t\t\t\t\t\t\t<section class=\"elementor-section elementor-top-section elementor-element elementor-element-79e6c3e8 elementor-section-boxed elementor-section-height-default elementor-section-height-default\" data-id=\"79e6c3e8\" data-element_type=\"section\">\n\t\t\t\t\t\t<div class=\"elementor-container elementor-column-gap-default\">\n\t\t\t\t\t\t\t<div class=\"elementor-row\">\n\t\t\t\t\t<div class=\"elementor-column elementor-col-100 elementor-top-column elementor-element elementor-element-2614fd23\" data-id=\"2614fd23\" data-element_type=\"column\">\n\t\t\t<div class=\"elementor-column-wrap elementor-element-populated\">\n\t\t\t\t\t\t\t<div class=\"elementor-widget-wrap\">\n\t\t\t\t\t\t<div class=\"elementor-element elementor-element-41906146 animated-slow elementor-invisible elementor-widget elementor-widget-heading\" data-id=\"41906146\" data-element_type=\"widget\" data-settings=\"{&quot;_animation&quot;:&quot;slideInRight&quot;}\" data-widget_type=\"heading.default\">\n\t\t\t\t<div class=\"elementor-widget-container\">\n\t\t\t<h4 class=\"elementor-heading-title elementor-size-default\">PARTECIPA Ai NOSTRI  EVENTI<\/h4>\t\t<\/div>\n\t\t\t\t<\/div>\n\t\t\t\t\t\t<\/div>\n\t\t\t\t\t<\/div>\n\t\t<\/div>\n\t\t\t\t\t\t\t\t<\/div>\n\t\t\t\t\t<\/div>\n\t\t<\/section>\n\t\t\t\t<section class=\"elementor-section elementor-top-section elementor-element elementor-element-310ae317 elementor-section-full_width elementor-section-content-middle elementor-section-height-default elementor-section-height-default\" data-id=\"310ae317\" data-element_type=\"section\">\n\t\t\t\t\t\t<div class=\"elementor-container elementor-column-gap-no\">\n\t\t\t\t\t\t\t<div class=\"elementor-row\">\n\t\t\t\t\t<div class=\"elementor-column elementor-col-33 elementor-top-column elementor-element elementor-element-64518e60\" data-id=\"64518e60\" data-element_type=\"column\" data-settings=\"{&quot;background_background&quot;:&quot;classic&quot;}\">\n\t\t\t<div class=\"elementor-column-wrap elementor-element-populated\">\n\t\t\t\t\t\t\t<div class=\"elementor-widget-wrap\">\n\t\t\t\t\t\t\t\t<\/div>\n\t\t\t\t\t<\/div>\n\t\t<\/div>\n\t\t\t\t<div class=\"elementor-column elementor-col-33 elementor-top-column elementor-element elementor-element-2a8ea718\" data-id=\"2a8ea718\" data-element_type=\"column\">\n\t\t\t<div class=\"elementor-column-wrap elementor-element-populated\">\n\t\t\t\t\t\t\t<div class=\"elementor-widget-wrap\">\n\t\t\t\t\t\t<section class=\"elementor-section elementor-inner-section elementor-element elementor-element-1859c153 elementor-section-boxed elementor-section-height-default elementor-section-height-default\" data-id=\"1859c153\" data-element_type=\"section\">\n\t\t\t\t\t\t<div class=\"elementor-container elementor-column-gap-no\">\n\t\t\t\t\t\t\t<div class=\"elementor-row\">\n\t\t\t\t\t<div class=\"elementor-column elementor-col-50 elementor-inner-column elementor-element elementor-element-5a42fc36\" data-id=\"5a42fc36\" data-element_type=\"column\">\n\t\t\t<div class=\"elementor-column-wrap elementor-element-populated\">\n\t\t\t\t\t\t\t<div class=\"elementor-widget-wrap\">\n\t\t\t\t\t\t<div class=\"elementor-element elementor-element-33c32996 elementor-widget elementor-widget-heading\" data-id=\"33c32996\" data-element_type=\"widget\" data-widget_type=\"heading.default\">\n\t\t\t\t<div class=\"elementor-widget-container\">\n\t\t\t<span class=\"elementor-heading-title elementor-size-default\">8<\/span>\t\t<\/div>\n\t\t\t\t<\/div>\n\t\t\t\t\t\t<\/div>\n\t\t\t\t\t<\/div>\n\t\t<\/div>\n\t\t\t\t<div class=\"elementor-column elementor-col-50 elementor-inner-column elementor-element elementor-element-51405b65\" data-id=\"51405b65\" data-element_type=\"column\">\n\t\t\t<div class=\"elementor-column-wrap elementor-element-populated\">\n\t\t\t\t\t\t\t<div class=\"elementor-widget-wrap\">\n\t\t\t\t\t\t<div class=\"elementor-element elementor-element-740dc467 elementor-widget elementor-widget-heading\" data-id=\"740dc467\" data-element_type=\"widget\" data-widget_type=\"heading.default\">\n\t\t\t\t<div class=\"elementor-widget-container\">\n\t\t\t<h2 class=\"elementor-heading-title elementor-size-default\">novembre<\/h2>\t\t<\/div>\n\t\t\t\t<\/div>\n\t\t\t\t<div class=\"elementor-element elementor-element-3459ab6d elementor-widget elementor-widget-text-editor\" data-id=\"3459ab6d\" data-element_type=\"widget\" data-widget_type=\"text-editor.default\">\n\t\t\t\t<div class=\"elementor-widget-container\">\n\t\t\t\t\t\t\t\t<div class=\"elementor-text-editor elementor-clearfix\">\n\t\t\t\t<h3><strong><span style=\"color: #333333;\"><span style=\"color: #808080;\">dalle ore 17:00 alle ore 20:00 &#8211;\u00a0<\/span><\/span><\/strong><span style=\"color: #808080;\">Aula Virtuale &#8211; Partecipa all&#8217;evento online su piattaforma zoom\u00a0<\/span><\/h3>\t\t\t\t\t<\/div>\n\t\t\t\t\t\t<\/div>\n\t\t\t\t<\/div>\n\t\t\t\t\t\t<\/div>\n\t\t\t\t\t<\/div>\n\t\t<\/div>\n\t\t\t\t\t\t\t\t<\/div>\n\t\t\t\t\t<\/div>\n\t\t<\/section>\n\t\t\t\t<div class=\"elementor-element elementor-element-374fbea elementor-align-center elementor-widget elementor-widget-button\" data-id=\"374fbea\" data-element_type=\"widget\" data-widget_type=\"button.default\">\n\t\t\t\t<div class=\"elementor-widget-container\">\n\t\t\t\t\t<div class=\"elementor-button-wrapper\">\n\t\t\t<a href=\"https:\/\/forms.gle\/xCq56HGNkim2QWDH8\" class=\"elementor-button-link elementor-button elementor-size-sm\" role=\"button\">\n\t\t\t\t\t\t<span class=\"elementor-button-content-wrapper\">\n\t\t\t\t\t\t\t<span class=\"elementor-button-icon elementor-align-icon-left\">\n\t\t\t\t<i aria-hidden=\"true\" class=\"fab fa-centercode\"><\/i>\t\t\t<\/span>\n\t\t\t\t\t\t<span class=\"elementor-button-text\">ISCRIVITI SUBITO<\/span>\n\t\t<\/span>\n\t\t\t\t\t<\/a>\n\t\t<\/div>\n\t\t\t\t<\/div>\n\t\t\t\t<\/div>\n\t\t\t\t\t\t<\/div>\n\t\t\t\t\t<\/div>\n\t\t<\/div>\n\t\t\t\t<div class=\"elementor-column elementor-col-33 elementor-top-column elementor-element elementor-element-57785169\" data-id=\"57785169\" data-element_type=\"column\" data-settings=\"{&quot;background_background&quot;:&quot;classic&quot;}\">\n\t\t\t<div class=\"elementor-column-wrap elementor-element-populated\">\n\t\t\t\t\t\t\t<div class=\"elementor-widget-wrap\">\n\t\t\t\t\t\t<div class=\"elementor-element elementor-element-6bbe2de6 elementor-widget elementor-widget-image\" data-id=\"6bbe2de6\" data-element_type=\"widget\" data-widget_type=\"image.default\">\n\t\t\t\t<div class=\"elementor-widget-container\">\n\t\t\t\t\t\t\t\t<div class=\"elementor-image\">\n\t\t\t\t\t\t\t\t\t\t\t\t<img decoding=\"async\" width=\"640\" height=\"640\" src=\"https:\/\/aifcampania.it\/wp-content\/uploads\/2023\/10\/AIF_politiche-attive-del-lavoro-nuove-sfide-per-i-formatori-1024x1024.png\" class=\"attachment-large size-large wp-image-1048\" alt=\"\" loading=\"lazy\" srcset=\"https:\/\/aifcampania.it\/wp-content\/uploads\/2023\/10\/AIF_politiche-attive-del-lavoro-nuove-sfide-per-i-formatori-1024x1024.png 1024w, https:\/\/aifcampania.it\/wp-content\/uploads\/2023\/10\/AIF_politiche-attive-del-lavoro-nuove-sfide-per-i-formatori-300x300.png 300w, https:\/\/aifcampania.it\/wp-content\/uploads\/2023\/10\/AIF_politiche-attive-del-lavoro-nuove-sfide-per-i-formatori-150x150.png 150w, https:\/\/aifcampania.it\/wp-content\/uploads\/2023\/10\/AIF_politiche-attive-del-lavoro-nuove-sfide-per-i-formatori-768x768.png 768w, https:\/\/aifcampania.it\/wp-content\/uploads\/2023\/10\/AIF_politiche-attive-del-lavoro-nuove-sfide-per-i-formatori.png 1080w\" sizes=\"(max-width: 640px) 100vw, 640px\" \/>\t\t\t\t\t\t\t\t\t\t\t\t\t\t<\/div>\n\t\t\t\t\t\t<\/div>\n\t\t\t\t<\/div>\n\t\t\t\t\t\t<\/div>\n\t\t\t\t\t<\/div>\n\t\t<\/div>\n\t\t\t\t\t\t\t\t<\/div>\n\t\t\t\t\t<\/div>\n\t\t<\/section>\n\t\t\t\t<section class=\"elementor-section elementor-top-section elementor-element elementor-element-bec02a9 elementor-section-boxed elementor-section-height-default elementor-section-height-default\" data-id=\"bec02a9\" data-element_type=\"section\">\n\t\t\t\t\t\t<div class=\"elementor-container elementor-column-gap-default\">\n\t\t\t\t\t\t\t<div class=\"elementor-row\">\n\t\t\t\t\t<div class=\"elementor-column elementor-col-100 elementor-top-column elementor-element elementor-element-3c6dfdd\" data-id=\"3c6dfdd\" data-element_type=\"column\">\n\t\t\t<div class=\"elementor-column-wrap elementor-element-populated\">\n\t\t\t\t\t\t\t<div class=\"elementor-widget-wrap\">\n\t\t\t\t\t\t<div class=\"elementor-element elementor-element-aae2560 elementor-widget elementor-widget-text-editor\" data-id=\"aae2560\" data-element_type=\"widget\" data-widget_type=\"text-editor.default\">\n\t\t\t\t<div class=\"elementor-widget-container\">\n\t\t\t\t\t\t\t\t<div class=\"elementor-text-editor elementor-clearfix\">\n\t\t\t\t<p style=\"language: it; line-height: normal; margin-top: 0pt; margin-bottom: 0pt; margin-right: 0in; text-align: center; direction: ltr; unicode-bidi: embed;\"><span style=\"text-indent: 0in;\"><span style=\"color: #d12a22; font-family: Calibri;\"><span style=\"font-size: 26.6667px;\"><b>POLITICHE ATTIVE DEL LAVORO<br \/>E NUOVE SFIDE PER I FORMATORI<\/b><\/span><\/span><\/span><\/p><p style=\"text-align: center;\"><b><i>Evento organizzato dalle Delegazioni AIF Emilia-Romagna, Veneto e Campania<\/i><\/b><\/p>\t\t\t\t\t<\/div>\n\t\t\t\t\t\t<\/div>\n\t\t\t\t<\/div>\n\t\t\t\t\t\t<\/div>\n\t\t\t\t\t<\/div>\n\t\t<\/div>\n\t\t\t\t\t\t\t\t<\/div>\n\t\t\t\t\t<\/div>\n\t\t<\/section>\n\t\t\t\t<section class=\"elementor-section elementor-top-section elementor-element elementor-element-aa4062f elementor-section-boxed elementor-section-height-default elementor-section-height-default\" data-id=\"aa4062f\" data-element_type=\"section\">\n\t\t\t\t\t\t<div class=\"elementor-container elementor-column-gap-default\">\n\t\t\t\t\t\t\t<div class=\"elementor-row\">\n\t\t\t\t\t<div class=\"elementor-column elementor-col-50 elementor-top-column elementor-element elementor-element-b9010f6\" data-id=\"b9010f6\" data-element_type=\"column\">\n\t\t\t<div class=\"elementor-column-wrap elementor-element-populated\">\n\t\t\t\t\t\t\t<div class=\"elementor-widget-wrap\">\n\t\t\t\t\t\t<div class=\"elementor-element elementor-element-87cabc4 elementor-widget elementor-widget-text-editor\" data-id=\"87cabc4\" data-element_type=\"widget\" data-widget_type=\"text-editor.default\">\n\t\t\t\t<div class=\"elementor-widget-container\">\n\t\t\t\t\t\t\t\t<div class=\"elementor-text-editor elementor-clearfix\">\n\t\t\t\t<p><img decoding=\"async\" loading=\"lazy\" src=\"https:\/\/static.xx.fbcdn.net\/images\/emoji.php\/v9\/t2b\/1\/16\/1f4cb.png\" alt=\"\ud83d\udccb\" width=\"16\" height=\"16\" \/> <strong>DESCRIZIONE<\/strong><\/p><div><p>Obiettivo dell\u2019evento \u00e8 aprire un confronto sul tema del <strong>ruolo della formazione nell\u2019ambito delle politiche attive del lavoro<\/strong>, focalizzando in particolare l\u2019attenzione su come le <strong>attivit\u00e0<\/strong> e le <strong>competenze<\/strong> di formatori e formatrici sono chiamate ad evolvere.<\/p><p>Lo faremo attraverso due momenti:\u00a0<strong>testimonianze<\/strong>\u00a0e\u00a0<strong>gruppi di lavoro<\/strong>.<\/p><p><img decoding=\"async\" loading=\"lazy\" src=\"https:\/\/static.xx.fbcdn.net\/images\/emoji.php\/v9\/t2b\/1\/16\/1f4cb.png\" alt=\"\ud83d\udccb\" width=\"16\" height=\"16\" \/>\u00a0<span style=\"font-weight: bolder;\">PROGRAMMA<\/span><\/p><p>Nella prima parte dell\u2019evento\u00a0<strong>i testimoni<\/strong>\u00a0affronteranno il tema da diversi punti di osservazione:<br \/>Partendo dall\u2019analisi di quali interazioni sono previste fra lavoro e formazione nelle strategie nazionali si passera ad interrogarsi su come si muovono, e con quali strumenti, i centri per l\u2019impiego, le agenzie formative e quelle per il lavoro.<\/p><p>Nella seconda parte,\u00a0<strong>i gruppi di lavoro<\/strong>, organizzati in base alle preferenze dei partecipanti, verranno accompagnati da alcuni facilitatori a riflettere su 4 domande stimolo:<br \/>1. Come cambia il modo di analizzare i fabbisogni professionali e di competenze?<br \/>2. Come cambia il modo di progettare la formazione, utilizzando adeguatamente i repertori delle competenze?<br \/>3. Come cambiano le metodologie proposte per la formazione?<br \/>4. Come affrontare e supportare la fragilit\u00e0 dell\u2019utenza?<\/p><\/div>\t\t\t\t\t<\/div>\n\t\t\t\t\t\t<\/div>\n\t\t\t\t<\/div>\n\t\t\t\t\t\t<\/div>\n\t\t\t\t\t<\/div>\n\t\t<\/div>\n\t\t\t\t<div class=\"elementor-column elementor-col-50 elementor-top-column elementor-element elementor-element-9e6db91\" data-id=\"9e6db91\" data-element_type=\"column\">\n\t\t\t<div class=\"elementor-column-wrap elementor-element-populated\">\n\t\t\t\t\t\t\t<div class=\"elementor-widget-wrap\">\n\t\t\t\t\t\t<div class=\"elementor-element elementor-element-33addf8 elementor-widget elementor-widget-text-editor\" data-id=\"33addf8\" data-element_type=\"widget\" data-widget_type=\"text-editor.default\">\n\t\t\t\t<div class=\"elementor-widget-container\">\n\t\t\t\t\t\t\t\t<div class=\"elementor-text-editor elementor-clearfix\">\n\t\t\t\t<div><p><img decoding=\"async\" loading=\"lazy\" style=\"color: black; font-family: Calibri; font-size: 12pt; font-weight: bold;\" src=\"https:\/\/static.xx.fbcdn.net\/images\/emoji.php\/v9\/t79\/1\/16\/1f469_200d_1f4bc.png\" alt=\"\ud83d\udc69\u200d\ud83d\udcbc\" width=\"16\" height=\"16\" \/><span style=\"color: black; font-family: Calibri; font-size: 12pt; font-weight: bold;\"> I TESTIMONI<\/span><\/p><\/div><div><ul><li><strong>Michele Raccuglia<\/strong> \u2013 Responsabile dell\u2019area territoriale Campania e Calabria di Anpal<\/li><li><strong>Mirko Casteller<\/strong> \u2013 Presidente dell\u2019Osservatorio Welfare della Regione Veneto<\/li><li><strong>Lisa Lora<\/strong> \u2013 Dirigente dell\u2019Ambito di Vicenza, Veneto Lavoro<\/li><li><strong>Federica Minarelli<\/strong> \u2013 Responsabile Area Career Education di Fondazione Aldini Valeriani Bologna<\/li><li><strong>Elena della Bella<\/strong> \u2013 Direttrice Job Centre srl, agenzia accreditata presso la Regione Veneto per la formazione continua, superiore e i servizi al lavoro<\/li><li><strong>Testimonianza di utenti dei servizi<\/strong><\/li><\/ul><div><b><img decoding=\"async\" loading=\"lazy\" style=\"color: black; font-family: Calibri; font-size: 12pt; font-weight: bold;\" src=\"https:\/\/static.xx.fbcdn.net\/images\/emoji.php\/v9\/t79\/1\/16\/1f469_200d_1f4bc.png\" alt=\"\ud83d\udc69\u200d\ud83d\udcbc\" width=\"16\" height=\"16\" \/> I FACILITATORI<br \/><\/b><\/div><div><ul><li><strong>Martina Semenzato<\/strong> \u2013 Responsabile Servizio Formazione e Sviluppo Organizzativo del Comune di Venezia<\/li><li><strong>Emiliano Barbuto<\/strong> \u2013 Dirigente scolastico IIS Galilei \u2013 Di Palo di Salerno<\/li><li><strong>Deborah Morgagni<\/strong> \u2013 Socia Aif, formatrice, coach, orientatrice<\/li><li><strong>Assunta Capasso<\/strong> \u2013 Responsabile Progetto Gol Per Virvelle Societ\u00e0 Benefit<b><\/b><\/li><\/ul><p><strong><img decoding=\"async\" loading=\"lazy\" style=\"color: black; font-family: Calibri; font-size: 12pt; font-weight: bold;\" src=\"https:\/\/static.xx.fbcdn.net\/images\/emoji.php\/v9\/t79\/1\/16\/1f469_200d_1f4bc.png\" alt=\"\ud83d\udc69\u200d\ud83d\udcbc\" width=\"16\" height=\"16\" \/> IL COORDINATORE<\/strong><br \/>Cesare Bentivogli \u2013 Consigliere AIF ER<\/p><\/div><\/div>\t\t\t\t\t<\/div>\n\t\t\t\t\t\t<\/div>\n\t\t\t\t<\/div>\n\t\t\t\t\t\t<\/div>\n\t\t\t\t\t<\/div>\n\t\t<\/div>\n\t\t\t\t\t\t\t\t<\/div>\n\t\t\t\t\t<\/div>\n\t\t<\/section>\n\t\t\t\t<section class=\"elementor-section elementor-top-section elementor-element elementor-element-8690392 elementor-section-boxed elementor-section-height-default elementor-section-height-default\" data-id=\"8690392\" data-element_type=\"section\">\n\t\t\t\t\t\t<div class=\"elementor-container elementor-column-gap-default\">\n\t\t\t\t\t\t\t<div class=\"elementor-row\">\n\t\t\t\t\t<div class=\"elementor-column elementor-col-100 elementor-top-column elementor-element elementor-element-fe3b07f\" data-id=\"fe3b07f\" data-element_type=\"column\">\n\t\t\t<div class=\"elementor-column-wrap elementor-element-populated\">\n\t\t\t\t\t\t\t<div class=\"elementor-widget-wrap\">\n\t\t\t\t\t\t<div class=\"elementor-element elementor-element-1be2e09 elementor-widget elementor-widget-text-editor\" data-id=\"1be2e09\" data-element_type=\"widget\" data-widget_type=\"text-editor.default\">\n\t\t\t\t<div class=\"elementor-widget-container\">\n\t\t\t\t\t\t\t\t<div class=\"elementor-text-editor elementor-clearfix\">\n\t\t\t\t<p><strong>NUMERO CREDITI E POSTI DISPONIBILI<\/strong><\/p><div><img decoding=\"async\" loading=\"lazy\" src=\"https:\/\/static.xx.fbcdn.net\/images\/emoji.php\/v9\/tf3\/1\/16\/1f539.png\" alt=\"\ud83d\udd39\" width=\"16\" height=\"16\" \/>\u00a0<b>Webinar ZOOM GRATUITO: <\/b>la partecipazione \u00e8 aperta a soci e non soci AIF. Poich\u00e9 il numero di partecipanti \u00e8 limitato,<br \/>sar\u00e0 data priorit\u00e0 ai soci AIF Emilia-Romagna, Campania e Veneto in regola con l\u2019iscrizione annuale per il 2023.<\/div><div><div><p>Per i soci Aif il seminario vale\u00a0<b>0,5 crediti<\/b>.<\/p><\/div><p>L\u2019evento si svolger\u00e0 online su piattaforma ZOOM l\u2019 8 novembre dalle ore 17.00 alle ore 20.00<\/p><p>Per informazioni:<br \/>emiliaromagna@associazioneitalianaformatori.it<\/p><\/div>\t\t\t\t\t<\/div>\n\t\t\t\t\t\t<\/div>\n\t\t\t\t<\/div>\n\t\t\t\t<div class=\"elementor-element elementor-element-8534d8e elementor-widget elementor-widget-heading\" data-id=\"8534d8e\" data-element_type=\"widget\" data-widget_type=\"heading.default\">\n\t\t\t\t<div class=\"elementor-widget-container\">\n\t\t\t<h3 class=\"elementor-heading-title elementor-size-default\">PARTECIPA ALL'EVENTO ONLINE<\/h3>\t\t<\/div>\n\t\t\t\t<\/div>\n\t\t\t\t<div class=\"elementor-element elementor-element-b22719e elementor-widget elementor-widget-text-editor\" data-id=\"b22719e\" data-element_type=\"widget\" data-widget_type=\"text-editor.default\">\n\t\t\t\t<div class=\"elementor-widget-container\">\n\t\t\t\t\t\t\t\t<div class=\"elementor-text-editor elementor-clearfix\">\n\t\t\t\t<p style=\"text-align: center;\">Iscriviti entro il 4 novembre alle ore 18.00<\/p>\t\t\t\t\t<\/div>\n\t\t\t\t\t\t<\/div>\n\t\t\t\t<\/div>\n\t\t\t\t\t\t<\/div>\n\t\t\t\t\t<\/div>\n\t\t<\/div>\n\t\t\t\t\t\t\t\t<\/div>\n\t\t\t\t\t<\/div>\n\t\t<\/section>\n\t\t\t\t<section class=\"elementor-section elementor-top-section elementor-element elementor-element-f974ff6 elementor-section-boxed elementor-section-height-default elementor-section-height-default\" data-id=\"f974ff6\" data-element_type=\"section\">\n\t\t\t\t\t\t<div class=\"elementor-container elementor-column-gap-default\">\n\t\t\t\t\t\t\t<div class=\"elementor-row\">\n\t\t\t\t\t<div class=\"elementor-column elementor-col-100 elementor-top-column elementor-element elementor-element-8d6bfa2\" data-id=\"8d6bfa2\" data-element_type=\"column\">\n\t\t\t<div class=\"elementor-column-wrap elementor-element-populated\">\n\t\t\t\t\t\t\t<div class=\"elementor-widget-wrap\">\n\t\t\t\t\t\t<div class=\"elementor-element elementor-element-f3e8ff5 elementor-align-center elementor-widget elementor-widget-button\" data-id=\"f3e8ff5\" data-element_type=\"widget\" data-widget_type=\"button.default\">\n\t\t\t\t<div class=\"elementor-widget-container\">\n\t\t\t\t\t<div class=\"elementor-button-wrapper\">\n\t\t\t<a href=\"https:\/\/forms.gle\/xCq56HGNkim2QWDH8\" class=\"elementor-button-link elementor-button elementor-size-sm\" role=\"button\">\n\t\t\t\t\t\t<span class=\"elementor-button-content-wrapper\">\n\t\t\t\t\t\t\t<span class=\"elementor-button-icon elementor-align-icon-left\">\n\t\t\t\t<i aria-hidden=\"true\" class=\"fab fa-centercode\"><\/i>\t\t\t<\/span>\n\t\t\t\t\t\t<span class=\"elementor-button-text\">ISCRIVITI SUBITO<\/span>\n\t\t<\/span>\n\t\t\t\t\t<\/a>\n\t\t<\/div>\n\t\t\t\t<\/div>\n\t\t\t\t<\/div>\n\t\t\t\t\t\t<\/div>\n\t\t\t\t\t<\/div>\n\t\t<\/div>\n\t\t\t\t\t\t\t\t<\/div>\n\t\t\t\t\t<\/div>\n\t\t<\/section>\n\t\t\t\t\t\t\t\t\t<\/div>\n\t\t\t<\/div>\n\t\t\t\t\t<\/div>\n\t\t<\/div>","protected":false},"excerpt":{"rendered":"<div class=\"entry-content-stat post-content\"><p>PARTECIPA Ai NOSTRI EVENTI 8 novembre dalle ore 17:00 alle<\/p>\n<\/div><a href=\"https:\/\/aifcampania.it\/?page_id=1039\">Read More<i class=\"fa fa-long-arrow-right\" aria-hidden=\"true\"><\/i><\/a>","protected":false},"author":1,"featured_media":0,"parent":0,"menu_order":0,"comment_status":"closed","ping_status":"closed","template":"","meta":[],"rise-blocks_excerpt":"PARTECIPA Ai NOSTRI EVENTI 8 novembre dalle ore 17:00 alle ore 20:00 &#8211;\u00a0Aula Virtuale &#8211; Partecipa all&#8217;evento online su piattaforma zoom\u00a0 ISCRIVITI SUBITO POLITICHE ATTIVE DEL LAVOROE NUOVE SFIDE PER I FORMATORIEvento organizzato dalle Delegazioni AIF Emilia-Romagna, Veneto e Campania DESCRIZIONEObiettivo dell\u2019evento \u00e8 aprire un confronto sul tema del ruolo della formazione nell\u2019ambito delle politiche attive del lavoro, focalizzando in..","_links":{"self":[{"href":"https:\/\/aifcampania.it\/index.php?rest_route=\/wp\/v2\/pages\/1039"}],"collection":[{"href":"https:\/\/aifcampania.it\/index.php?rest_route=\/wp\/v2\/pages"}],"about":[{"href":"https:\/\/aifcampania.it\/index.php?rest_route=\/wp\/v2\/types\/page"}],"author":[{"embeddable":true,"href":"https:\/\/aifcampania.it\/index.php?rest_route=\/wp\/v2\/users\/1"}],"replies":[{"embeddable":true,"href":"https:\/\/aifcampania.it\/index.php?rest_route=%2Fwp%2Fv2%2Fcomments&post=1039"}],"version-history":[{"count":17,"href":"https:\/\/aifcampania.it\/index.php?rest_route=\/wp\/v2\/pages\/1039\/revisions"}],"predecessor-version":[{"id":1062,"href":"https:\/\/aifcampania.it\/index.php?rest_route=\/wp\/v2\/pages\/1039\/revisions\/1062"}],"wp:attachment":[{"href":"https:\/\/aifcampania.it\/index.php?rest_route=%2Fwp%2Fv2%2Fmedia&parent=1039"}],"curies":[{"name":"wp","href":"https:\/\/api.w.org\/{rel}","templated":true}]}}