{"id":259,"date":"2020-05-06T23:07:22","date_gmt":"2020-05-06T22:07:22","guid":{"rendered":"http:\/\/aifcampania.it\/?page_id=259"},"modified":"2020-05-06T23:27:39","modified_gmt":"2020-05-06T22:27:39","slug":"linnovazione-personale","status":"publish","type":"page","link":"https:\/\/aifcampania.it\/?page_id=259","title":{"rendered":"L&#8217;innovazione personale"},"content":{"rendered":"<div class=\"post-content\">\t\t<div data-elementor-type=\"wp-page\" data-elementor-id=\"259\" class=\"elementor elementor-259\">\n\t\t\t\t\t\t<div class=\"elementor-inner\">\n\t\t\t\t<div class=\"elementor-section-wrap\">\n\t\t\t\t\t\t\t\t\t<section class=\"elementor-section elementor-top-section elementor-element elementor-element-40cbb28e elementor-section-boxed elementor-section-height-default elementor-section-height-default\" data-id=\"40cbb28e\" data-element_type=\"section\">\n\t\t\t\t\t\t<div class=\"elementor-container elementor-column-gap-default\">\n\t\t\t\t\t\t\t<div class=\"elementor-row\">\n\t\t\t\t\t<div class=\"elementor-column elementor-col-100 elementor-top-column elementor-element elementor-element-25a899f7\" data-id=\"25a899f7\" data-element_type=\"column\">\n\t\t\t<div class=\"elementor-column-wrap elementor-element-populated\">\n\t\t\t\t\t\t\t<div class=\"elementor-widget-wrap\">\n\t\t\t\t\t\t<div class=\"elementor-element elementor-element-24c620dc elementor-widget elementor-widget-heading\" data-id=\"24c620dc\" data-element_type=\"widget\" data-widget_type=\"heading.default\">\n\t\t\t\t<div class=\"elementor-widget-container\">\n\t\t\t<h2 class=\"elementor-heading-title elementor-size-default\">Seminario Formativo    <br>15 Maggio 2020 -  17.30 \/ 19:30<\/h2>\t\t<\/div>\n\t\t\t\t<\/div>\n\t\t\t\t\t\t<\/div>\n\t\t\t\t\t<\/div>\n\t\t<\/div>\n\t\t\t\t\t\t\t\t<\/div>\n\t\t\t\t\t<\/div>\n\t\t<\/section>\n\t\t\t\t<section class=\"elementor-section elementor-top-section elementor-element elementor-element-3fa99e6a elementor-section-boxed elementor-section-height-default elementor-section-height-default\" data-id=\"3fa99e6a\" data-element_type=\"section\">\n\t\t\t\t\t\t<div class=\"elementor-container elementor-column-gap-default\">\n\t\t\t\t\t\t\t<div class=\"elementor-row\">\n\t\t\t\t\t<div class=\"elementor-column elementor-col-50 elementor-top-column elementor-element elementor-element-6eedd912\" data-id=\"6eedd912\" data-element_type=\"column\">\n\t\t\t<div class=\"elementor-column-wrap elementor-element-populated\">\n\t\t\t\t\t\t\t<div class=\"elementor-widget-wrap\">\n\t\t\t\t\t\t<div class=\"elementor-element elementor-element-5d0aa7bb elementor-widget elementor-widget-text-editor\" data-id=\"5d0aa7bb\" data-element_type=\"widget\" data-widget_type=\"text-editor.default\">\n\t\t\t\t<div class=\"elementor-widget-container\">\n\t\t\t\t\t\t\t\t<div class=\"elementor-text-editor elementor-clearfix\">\n\t\t\t\t\t\t\t\t\t<\/div>\n\t\t\t\t\t\t<\/div>\n\t\t\t\t<\/div>\n\t\t\t\t<div class=\"elementor-element elementor-element-2af9632 elementor-widget elementor-widget-text-editor\" data-id=\"2af9632\" data-element_type=\"widget\" data-widget_type=\"text-editor.default\">\n\t\t\t\t<div class=\"elementor-widget-container\">\n\t\t\t\t\t\t\t\t<div class=\"elementor-text-editor elementor-clearfix\">\n\t\t\t\t<h2>L&#8217;INNOVAZIONE PERSONALE<\/h2>\n<h4>APPRENDIMENTO, MEMORIA E CREATIVITA&#8217;<\/h4>\n<p>Lynda Gratton e Andrew Scott, nel loro recente libro <em>The 100-year life<\/em>, sostengono che la rapida crescita della speranza media di vita verso i 100 anni porter\u00e0 gli individui a dover impostare la vita stessa in pi\u00f9 fasi; Un maggior numero di generazioni vivranno contemporaneamente gli stessi contesti organizzativi. Giovani e anziani avranno le stesse possibilit\u00e0 di agire il proprio ruolo ?<\/p>\n<p>Molti ritengono che la mente di un anziano non sia in grado di apprendere come quella di un giovane.&nbsp; Ci soffermeremo quindi sul tema dell\u2019<strong>apprendimento<\/strong> (anche quello di tipo formale), <strong>utile e indispensabile a qualunque et\u00e0<\/strong>, con un\u2019importanza e un impatto addirittura crescenti all\u2019aumentare dell\u2019et\u00e0 stessa.&nbsp; Ma quanto e come la <strong>memoria<\/strong> influisce sull&#8217;apprendimento nei diversi momenti della nostra vita. Le <strong>neuroscienze&nbsp;<\/strong> saranno in grado di dimostrare queste relazioni. <\/p>\n<div>La persona sar\u00f2 in grado di mantenere la motivazione all&#8217;apprendimento nel tempo? Sar\u00e0 in grado di generare la propria innovazione? <\/div>\n<div>&nbsp;<\/div>\n<div><strong>Per combattere la rapida obsolescenza delle conoscenza occorrer\u00e0 abilitare modalit\u00e0 di innovazione personale, ovvero la creativit\u00e0<\/strong>. <br><\/div>\n<div>\n<p><em>&#8220;La creativit\u00e0 \u00e8 un tentativo di risolvere un conflitto generato da pulsioni istintive e biologiche non scaricate, perci\u00f2 i desideri insoddisfatti sono la forza motrice della fantasia ed alimentano i sogni notturni e quelli ad occhi aperti.&#8221;<br>S. Freud<\/em><\/p>\n<\/div>\n<div>&nbsp;<\/div>\n<div>&nbsp;<\/div>\n<div>&nbsp;<\/div>\n<p><strong>&nbsp;PROGRAMMA<\/strong><\/p>\n<ol>\n<li>l&#8217;aumento delle aspettative di vita e di lavoro<\/li>\n<li>Innovazione personale<\/li>\n<li>l&#8217;apprendimento come risorsa&nbsp;<\/li>\n<li>il ruolo della memoria<\/li>\n<li>La creativit\u00e0 come chiave di successo <strong><br><\/strong><\/li>\n<\/ol>\n<p><strong>&nbsp;DESTINATARI<\/strong><\/p>\n<p>Docenti, progettisti di formazione, direttori di organismo, coach e facilitatori.<\/p>\n<p><\/p>\n<p><i>Seminario aperto ai soci ed ai non soci AIF<\/i><\/p>\n<p><\/p>\n<p><i>Attribuisce 0,5 Crediti formativi<\/i><\/p>\n<p><\/p>\n<p><i>WEB MEETING ZOOM<\/i><\/p>\n<p><\/p>\n<p><i>Gli iscritti riceveranno il link di Accesso alla piattaforma la sera prima dell&#8217;incontro.<\/i><\/p>\n<p><\/p>\n<p><i>Sar\u00e0 possibile iscriversi entro le 17. del 14 maggio 2020.<\/i><\/p>\n<p><\/p>\t\t\t\t\t<\/div>\n\t\t\t\t\t\t<\/div>\n\t\t\t\t<\/div>\n\t\t\t\t\t\t<\/div>\n\t\t\t\t\t<\/div>\n\t\t<\/div>\n\t\t\t\t<div class=\"elementor-column elementor-col-50 elementor-top-column elementor-element elementor-element-957d83e\" data-id=\"957d83e\" data-element_type=\"column\">\n\t\t\t<div class=\"elementor-column-wrap elementor-element-populated\">\n\t\t\t\t\t\t\t<div class=\"elementor-widget-wrap\">\n\t\t\t\t\t\t<div class=\"elementor-element elementor-element-63d6fc52 elementor-widget elementor-widget-gallery\" data-id=\"63d6fc52\" data-element_type=\"widget\" data-settings=\"{&quot;gallery_layout&quot;:&quot;justified&quot;,&quot;gap&quot;:{&quot;unit&quot;:&quot;px&quot;,&quot;size&quot;:5,&quot;sizes&quot;:[]},&quot;ideal_row_height&quot;:{&quot;unit&quot;:&quot;px&quot;,&quot;size&quot;:191,&quot;sizes&quot;:[]},&quot;lazyload&quot;:&quot;yes&quot;,&quot;ideal_row_height_tablet&quot;:{&quot;unit&quot;:&quot;px&quot;,&quot;size&quot;:150,&quot;sizes&quot;:[]},&quot;ideal_row_height_mobile&quot;:{&quot;unit&quot;:&quot;px&quot;,&quot;size&quot;:150,&quot;sizes&quot;:[]},&quot;gap_tablet&quot;:{&quot;unit&quot;:&quot;px&quot;,&quot;size&quot;:10,&quot;sizes&quot;:[]},&quot;gap_mobile&quot;:{&quot;unit&quot;:&quot;px&quot;,&quot;size&quot;:10,&quot;sizes&quot;:[]},&quot;link_to&quot;:&quot;file&quot;,&quot;overlay_background&quot;:&quot;yes&quot;,&quot;content_hover_animation&quot;:&quot;fade-in&quot;}\" data-widget_type=\"gallery.default\">\n\t\t\t\t<div class=\"elementor-widget-container\">\n\t\t\t\t\t<div class=\"elementor-gallery__container\">\n\t\t\t\t\t\t\t<a class=\"e-gallery-item elementor-gallery-item elementor-animated-content\" href=\"https:\/\/aifcampania.it\/wp-content\/uploads\/2020\/05\/0-2.jpg\" data-elementor-open-lightbox=\"yes\" data-elementor-lightbox-slideshow=\"all-63d6fc52\" data-elementor-lightbox-title=\"0 (2)\" data-e-action-hash=\"#elementor-action%3Aaction%3Dlightbox%26settings%3DeyJpZCI6MjY2LCJ1cmwiOiJodHRwczpcL1wvYWlmY2FtcGFuaWEuaXRcL3dwLWNvbnRlbnRcL3VwbG9hZHNcLzIwMjBcLzA1XC8wLTIuanBnIiwic2xpZGVzaG93IjoiYWxsLTYzZDZmYzUyIn0%3D\">\n\t\t\t\t\t<div class=\"e-gallery-image elementor-gallery-item__image\" data-thumbnail=\"https:\/\/aifcampania.it\/wp-content\/uploads\/2020\/05\/0-2-768x768.jpg\" data-width=\"640\" data-height=\"640\" alt=\"\" ><\/div>\n\t\t\t\t\t\t\t\t\t\t\t<div class=\"elementor-gallery-item__overlay\"><\/div>\n\t\t\t\t\t\t\t\t\t\t\t\t\t\t<\/a>\n\t\t\t\t\t\t\t<a class=\"e-gallery-item elementor-gallery-item elementor-animated-content\" href=\"https:\/\/aifcampania.it\/wp-content\/uploads\/2020\/05\/0.jpg\" data-elementor-open-lightbox=\"yes\" data-elementor-lightbox-slideshow=\"all-63d6fc52\" data-e-action-hash=\"#elementor-action%3Aaction%3Dlightbox%26settings%3DeyJpZCI6MjY3LCJ1cmwiOiJodHRwczpcL1wvYWlmY2FtcGFuaWEuaXRcL3dwLWNvbnRlbnRcL3VwbG9hZHNcLzIwMjBcLzA1XC8wLmpwZyIsInNsaWRlc2hvdyI6ImFsbC02M2Q2ZmM1MiJ9\">\n\t\t\t\t\t<div class=\"e-gallery-image elementor-gallery-item__image\" data-thumbnail=\"https:\/\/aifcampania.it\/wp-content\/uploads\/2020\/05\/0-768x768.jpg\" data-width=\"640\" data-height=\"640\" alt=\"\" ><\/div>\n\t\t\t\t\t\t\t\t\t\t\t<div class=\"elementor-gallery-item__overlay\"><\/div>\n\t\t\t\t\t\t\t\t\t\t\t\t\t\t<\/a>\n\t\t\t\t\t<\/div>\n\t\t\t<\/div>\n\t\t\t\t<\/div>\n\t\t\t\t<div class=\"elementor-element elementor-element-21ba15da elementor-widget elementor-widget-text-editor\" data-id=\"21ba15da\" data-element_type=\"widget\" data-widget_type=\"text-editor.default\">\n\t\t\t\t<div class=\"elementor-widget-container\">\n\t\t\t\t\t\t\t\t<div class=\"elementor-text-editor elementor-clearfix\">\n\t\t\t\t<p>INTERVENTI<strong><br \/><\/strong><\/p><p><strong>FERRUCCIO FIORDISPINI <\/strong><br \/>laureato con lode in Economia e Commercio presso l\u2019Universit\u00e0 di Perugia ha conseguito il master in comunicazione e marketing Publitalia \u201980 a Milano. E\u2019 stato ufficiale istruttore col grado di sottotenente presso l\u2019Accademia di Guardia di Finanza, ed \u00e8 attualmente un formatore nazionale e internazionale di AFS Intercultura, la pi\u00f9 importante associazione di volontariato al mondo, dedita allo sviluppo dell\u2019educazione interculturale. Nel corso della sua carriera \u00e8 stato anche direttore della Scuola Internazionale di Alta Formazione, fondata dalla Scuola Superiore Sant\u2019Anna di Pisa, oltre che presidente del prestigioso Centro Studi sul Turismo di Assisi. Country Representative di Emergenetics International per l\u2019Italia, \u00e8 il responsabile dello sviluppo e della gestione delle attivit\u00e0 in questo Paese. Ferruccio \u00e8 un Associate Emergenetics Certificato dal 2010, successivamente \u00e8 stato promosso Formatore Avanzato, e ora \u00e8 un Master Associate, ossia un formatore di trainer Emergenetics.<\/p><div><strong>ELISA MARCHESELLI<\/strong> <\/div><div>Laureata all&#8217;Universit\u00e0 di Firenze in Scienze e Tecniche di Psicologia dello Sviluppo e dell&#8217;Educazione. Ha conseguito l&#8217;attentato di Psicodiagnosta Rirschach frequentando la Scuola Romana Rorschach. Esperta di social crime: il cyberbullismo, la cyberpedofilia ,il cyberstalking, gambling on line,cybercrime, internet addiction. Presidente del Gruppo Psicologi Confcommercio Arezzo in rappresentanza della professione e Presidente dell&#8217;Associazione ERA EmpatyReallyAction, con progettualit\u00e0 sui temi del cyberbullismo\/hatespeech. Formatore\/docente Scuola dello Sport(CONI).<\/div><p>\u00a0<\/p><p><strong>\u00a0<\/strong>COORDINAMENTO<\/p><p><b>MARIO TESTA\u00a0 <\/b>Consigliere Delegazione Campania &#8211; Docente Associato Universit\u00e0 degli studi di Salerno<b><br \/><\/b><\/p>\t\t\t\t\t<\/div>\n\t\t\t\t\t\t<\/div>\n\t\t\t\t<\/div>\n\t\t\t\t<div class=\"elementor-element elementor-element-220efe6 elementor-widget elementor-widget-button\" data-id=\"220efe6\" data-element_type=\"widget\" data-widget_type=\"button.default\">\n\t\t\t\t<div class=\"elementor-widget-container\">\n\t\t\t\t\t<div class=\"elementor-button-wrapper\">\n\t\t\t<a href=\"https:\/\/www.hbritalia.it\/mondo-formazione\/2019\/08\/12\/news\/il-valore-della-memoria-e-dellapprendimento-continuo-nellinnovazione-personale-3774\/\" class=\"elementor-button-link elementor-button elementor-size-sm\" role=\"button\">\n\t\t\t\t\t\t<span class=\"elementor-button-content-wrapper\">\n\t\t\t\t\t\t<span class=\"elementor-button-text\">Leggi l'articolo di Ferruccio Fiordispini su HBR<\/span>\n\t\t<\/span>\n\t\t\t\t\t<\/a>\n\t\t<\/div>\n\t\t\t\t<\/div>\n\t\t\t\t<\/div>\n\t\t\t\t\t\t<\/div>\n\t\t\t\t\t<\/div>\n\t\t<\/div>\n\t\t\t\t\t\t\t\t<\/div>\n\t\t\t\t\t<\/div>\n\t\t<\/section>\n\t\t\t\t<section class=\"elementor-section elementor-top-section elementor-element elementor-element-1d95f353 elementor-section-boxed elementor-section-height-default elementor-section-height-default\" data-id=\"1d95f353\" data-element_type=\"section\">\n\t\t\t\t\t\t<div class=\"elementor-container elementor-column-gap-default\">\n\t\t\t\t\t\t\t<div class=\"elementor-row\">\n\t\t\t\t\t<div class=\"elementor-column elementor-col-100 elementor-top-column elementor-element elementor-element-56cd49ed\" data-id=\"56cd49ed\" data-element_type=\"column\">\n\t\t\t<div class=\"elementor-column-wrap elementor-element-populated\">\n\t\t\t\t\t\t\t<div class=\"elementor-widget-wrap\">\n\t\t\t\t\t\t<div class=\"elementor-element elementor-element-59797970 elementor-widget elementor-widget-heading\" data-id=\"59797970\" data-element_type=\"widget\" data-widget_type=\"heading.default\">\n\t\t\t\t<div class=\"elementor-widget-container\">\n\t\t\t<h2 class=\"elementor-heading-title elementor-size-default\">ISCRIVITI ORA <\/h2>\t\t<\/div>\n\t\t\t\t<\/div>\n\t\t\t\t\t\t<\/div>\n\t\t\t\t\t<\/div>\n\t\t<\/div>\n\t\t\t\t\t\t\t\t<\/div>\n\t\t\t\t\t<\/div>\n\t\t<\/section>\n\t\t\t\t<section class=\"elementor-section elementor-top-section elementor-element elementor-element-2201b4e1 elementor-section-boxed elementor-section-height-default elementor-section-height-default\" data-id=\"2201b4e1\" data-element_type=\"section\">\n\t\t\t\t\t\t<div class=\"elementor-container elementor-column-gap-default\">\n\t\t\t\t\t\t\t<div class=\"elementor-row\">\n\t\t\t\t\t<div class=\"elementor-column elementor-col-100 elementor-top-column elementor-element elementor-element-43a02316\" data-id=\"43a02316\" data-element_type=\"column\">\n\t\t\t<div class=\"elementor-column-wrap elementor-element-populated\">\n\t\t\t\t\t\t\t<div class=\"elementor-widget-wrap\">\n\t\t\t\t\t\t<div class=\"elementor-element elementor-element-111fa006 elementor-widget-divider--view-line elementor-widget elementor-widget-divider\" data-id=\"111fa006\" data-element_type=\"widget\" data-widget_type=\"divider.default\">\n\t\t\t\t<div class=\"elementor-widget-container\">\n\t\t\t\t\t<div class=\"elementor-divider\">\n\t\t\t<span class=\"elementor-divider-separator\">\n\t\t\t\t\t\t<\/span>\n\t\t<\/div>\n\t\t\t\t<\/div>\n\t\t\t\t<\/div>\n\t\t\t\t<div class=\"elementor-element elementor-element-53185816 elementor-button-align-stretch elementor-widget elementor-widget-form\" data-id=\"53185816\" data-element_type=\"widget\" data-settings=\"{&quot;button_width&quot;:&quot;100&quot;,&quot;step_next_label&quot;:&quot;Successivo&quot;,&quot;step_previous_label&quot;:&quot;Precedente&quot;,&quot;step_type&quot;:&quot;number_text&quot;,&quot;step_icon_shape&quot;:&quot;circle&quot;}\" data-widget_type=\"form.default\">\n\t\t\t\t<div class=\"elementor-widget-container\">\n\t\t\t\t\t<form class=\"elementor-form\" method=\"post\" name=\"ISCRIVITI ORA \">\n\t\t\t<input type=\"hidden\" name=\"post_id\" value=\"259\"\/>\n\t\t\t<input type=\"hidden\" name=\"form_id\" value=\"53185816\"\/>\n\t\t\t<input type=\"hidden\" name=\"referer_title\" value=\"\" \/>\n\n\t\t\t\n\t\t\t<div class=\"elementor-form-fields-wrapper elementor-labels-above\">\n\t\t\t\t\t\t\t\t<div class=\"elementor-field-type-text elementor-field-group elementor-column elementor-field-group-name elementor-col-100\">\n\t\t\t\t\t\t\t\t\t\t\t\t<label for=\"form-field-name\" class=\"elementor-field-label\">\n\t\t\t\t\t\t\t\tName\t\t\t\t\t\t\t<\/label>\n\t\t\t\t\t\t\t\t\t\t\t\t\t\t<input size=\"1\" type=\"text\" name=\"form_fields[name]\" id=\"form-field-name\" class=\"elementor-field elementor-size-sm  elementor-field-textual\" placeholder=\"Name\">\n\t\t\t\t\t\t\t\t\t\t\t<\/div>\n\t\t\t\t\t\t\t\t<div class=\"elementor-field-type-text elementor-field-group elementor-column elementor-field-group-field_e6ca04b elementor-col-100\">\n\t\t\t\t\t\t\t\t\t\t\t\t<label for=\"form-field-field_e6ca04b\" class=\"elementor-field-label\">\n\t\t\t\t\t\t\t\tCognome \t\t\t\t\t\t\t<\/label>\n\t\t\t\t\t\t\t\t\t\t\t\t\t\t<input size=\"1\" type=\"text\" name=\"form_fields[field_e6ca04b]\" id=\"form-field-field_e6ca04b\" class=\"elementor-field elementor-size-sm  elementor-field-textual\" placeholder=\"Cognome \">\n\t\t\t\t\t\t\t\t\t\t\t<\/div>\n\t\t\t\t\t\t\t\t<div class=\"elementor-field-type-email elementor-field-group elementor-column elementor-field-group-email elementor-col-100 elementor-field-required\">\n\t\t\t\t\t\t\t\t\t\t\t\t<label for=\"form-field-email\" class=\"elementor-field-label\">\n\t\t\t\t\t\t\t\tEmail\t\t\t\t\t\t\t<\/label>\n\t\t\t\t\t\t\t\t\t\t\t\t\t\t<input size=\"1\" type=\"email\" name=\"form_fields[email]\" id=\"form-field-email\" class=\"elementor-field elementor-size-sm  elementor-field-textual\" placeholder=\"Email\" required=\"required\" aria-required=\"true\">\n\t\t\t\t\t\t\t\t\t\t\t<\/div>\n\t\t\t\t\t\t\t\t<div class=\"elementor-field-type-text elementor-field-group elementor-column elementor-field-group-field_fc308af elementor-col-100\">\n\t\t\t\t\t\t\t\t\t\t\t\t<label for=\"form-field-field_fc308af\" class=\"elementor-field-label\">\n\t\t\t\t\t\t\t\tCellulare \t\t\t\t\t\t\t<\/label>\n\t\t\t\t\t\t\t\t\t\t\t\t\t\t<input size=\"1\" type=\"text\" name=\"form_fields[field_fc308af]\" id=\"form-field-field_fc308af\" class=\"elementor-field elementor-size-sm  elementor-field-textual\" placeholder=\"Mobile \">\n\t\t\t\t\t\t\t\t\t\t\t<\/div>\n\t\t\t\t\t\t\t\t<div class=\"elementor-field-group elementor-column elementor-field-type-submit elementor-col-100 e-form__buttons\">\n\t\t\t\t\t<button type=\"submit\" class=\"elementor-button elementor-size-sm\">\n\t\t\t\t\t\t<span >\n\t\t\t\t\t\t\t\t\t\t\t\t\t\t\t<span class=\"elementor-align-icon-left elementor-button-icon\">\n\t\t\t\t\t\t\t\t\t<i aria-hidden=\"true\" class=\"far fa-gem\"><\/i>\t\t\t\t\t\t\t\t\t\t\t\t\t\t\t\t\t<\/span>\n\t\t\t\t\t\t\t\t\t\t\t\t\t\t\t\t\t\t\t\t\t\t<span class=\"elementor-button-text\">Send<\/span>\n\t\t\t\t\t\t\t\t\t\t\t\t\t<\/span>\n\t\t\t\t\t<\/button>\n\t\t\t\t<\/div>\n\t\t\t<\/div>\n\t\t<\/form>\n\t\t\t\t<\/div>\n\t\t\t\t<\/div>\n\t\t\t\t\t\t<\/div>\n\t\t\t\t\t<\/div>\n\t\t<\/div>\n\t\t\t\t\t\t\t\t<\/div>\n\t\t\t\t\t<\/div>\n\t\t<\/section>\n\t\t\t\t\t\t\t\t\t<\/div>\n\t\t\t<\/div>\n\t\t\t\t\t<\/div>\n\t\t<\/div>","protected":false},"excerpt":{"rendered":"<div class=\"entry-content-stat post-content\"><p>Seminario Formativo 15 Maggio 2020 &#8211; 17.30 \/ 19:30 L&#8217;INNOVAZIONE<\/p>\n<\/div><a href=\"https:\/\/aifcampania.it\/?page_id=259\">Read More<i class=\"fa fa-long-arrow-right\" aria-hidden=\"true\"><\/i><\/a>","protected":false},"author":1,"featured_media":0,"parent":0,"menu_order":0,"comment_status":"closed","ping_status":"closed","template":"","meta":[],"rise-blocks_excerpt":"Seminario Formativo 15 Maggio 2020 &#8211; 17.30 \/ 19:30 L&#8217;INNOVAZIONE PERSONALE APPRENDIMENTO, MEMORIA E CREATIVITA&#8217; Lynda Gratton e Andrew Scott, nel loro recente libro The 100-year life, sostengono che la rapida crescita della speranza media di vita verso i 100 anni porter\u00e0 gli individui a dover impostare la vita stessa in pi\u00f9 fasi; Un maggior numero di generazioni vivranno contemporaneamente..","_links":{"self":[{"href":"https:\/\/aifcampania.it\/index.php?rest_route=\/wp\/v2\/pages\/259"}],"collection":[{"href":"https:\/\/aifcampania.it\/index.php?rest_route=\/wp\/v2\/pages"}],"about":[{"href":"https:\/\/aifcampania.it\/index.php?rest_route=\/wp\/v2\/types\/page"}],"author":[{"embeddable":true,"href":"https:\/\/aifcampania.it\/index.php?rest_route=\/wp\/v2\/users\/1"}],"replies":[{"embeddable":true,"href":"https:\/\/aifcampania.it\/index.php?rest_route=%2Fwp%2Fv2%2Fcomments&post=259"}],"version-history":[{"count":6,"href":"https:\/\/aifcampania.it\/index.php?rest_route=\/wp\/v2\/pages\/259\/revisions"}],"predecessor-version":[{"id":270,"href":"https:\/\/aifcampania.it\/index.php?rest_route=\/wp\/v2\/pages\/259\/revisions\/270"}],"wp:attachment":[{"href":"https:\/\/aifcampania.it\/index.php?rest_route=%2Fwp%2Fv2%2Fmedia&parent=259"}],"curies":[{"name":"wp","href":"https:\/\/api.w.org\/{rel}","templated":true}]}}