{"id":317,"date":"2020-11-23T01:37:50","date_gmt":"2020-11-23T00:37:50","guid":{"rendered":"http:\/\/aifcampania.it\/?page_id=317"},"modified":"2022-03-31T15:01:42","modified_gmt":"2022-03-31T14:01:42","slug":"la-privacy-a-scuola-ai-tempi-del-covid","status":"publish","type":"page","link":"https:\/\/aifcampania.it\/?page_id=317","title":{"rendered":"La Privacy a Scuola ai tempi del Covid"},"content":{"rendered":"<div class=\"post-content\">\t\t<div data-elementor-type=\"wp-page\" data-elementor-id=\"317\" class=\"elementor elementor-317\">\n\t\t\t\t\t\t<div class=\"elementor-inner\">\n\t\t\t\t<div class=\"elementor-section-wrap\">\n\t\t\t\t\t\t\t\t\t<section class=\"elementor-section elementor-top-section elementor-element elementor-element-136324df elementor-section-height-min-height elementor-section-content-middle elementor-section-boxed elementor-section-height-default elementor-section-items-middle\" data-id=\"136324df\" data-element_type=\"section\">\n\t\t\t\t\t\t<div class=\"elementor-container elementor-column-gap-default\">\n\t\t\t\t\t\t\t<div class=\"elementor-row\">\n\t\t\t\t\t<div class=\"elementor-column elementor-col-50 elementor-top-column elementor-element elementor-element-186435da\" data-id=\"186435da\" data-element_type=\"column\">\n\t\t\t<div class=\"elementor-column-wrap elementor-element-populated\">\n\t\t\t\t\t\t\t<div class=\"elementor-widget-wrap\">\n\t\t\t\t\t\t<div class=\"elementor-element elementor-element-42edad1 elementor-widget elementor-widget-heading\" data-id=\"42edad1\" data-element_type=\"widget\" data-widget_type=\"heading.default\">\n\t\t\t\t<div class=\"elementor-widget-container\">\n\t\t\t<h2 class=\"elementor-heading-title elementor-size-default\">SEMINARIO FORMATIVO ON LINE - 19 APRILE ORE 16.00<\/h2>\t\t<\/div>\n\t\t\t\t<\/div>\n\t\t\t\t<div class=\"elementor-element elementor-element-36f0b6f1 elementor-widget elementor-widget-heading\" data-id=\"36f0b6f1\" data-element_type=\"widget\" data-widget_type=\"heading.default\">\n\t\t\t\t<div class=\"elementor-widget-container\">\n\t\t\t<p class=\"elementor-heading-title elementor-size-default\">Sistema di Gestione Privacy e il ruolo del DPO<\/p>\t\t<\/div>\n\t\t\t\t<\/div>\n\t\t\t\t\t\t<\/div>\n\t\t\t\t\t<\/div>\n\t\t<\/div>\n\t\t\t\t<div class=\"elementor-column elementor-col-50 elementor-top-column elementor-element elementor-element-34fa8af2\" data-id=\"34fa8af2\" data-element_type=\"column\">\n\t\t\t<div class=\"elementor-column-wrap elementor-element-populated\">\n\t\t\t\t\t\t\t<div class=\"elementor-widget-wrap\">\n\t\t\t\t\t\t<div class=\"elementor-element elementor-element-48e71b64 elementor-shape-circle e-grid-align-right e-grid-align-tablet-right e-grid-align-mobile-center elementor-grid-0 elementor-widget elementor-widget-social-icons\" data-id=\"48e71b64\" data-element_type=\"widget\" data-widget_type=\"social-icons.default\">\n\t\t\t\t<div class=\"elementor-widget-container\">\n\t\t\t\t\t<div class=\"elementor-social-icons-wrapper elementor-grid\">\n\t\t\t\t\t\t\t<span class=\"elementor-grid-item\">\n\t\t\t\t\t<a class=\"elementor-icon elementor-social-icon elementor-social-icon-facebook-f elementor-repeater-item-oj9fk8m\" href=\"https:\/\/www.facebook.com\/AIFCampania\" target=\"_blank\">\n\t\t\t\t\t\t<span class=\"elementor-screen-only\">Facebook-f<\/span>\n\t\t\t\t\t\t<i class=\"fab fa-facebook-f\"><\/i>\t\t\t\t\t<\/a>\n\t\t\t\t<\/span>\n\t\t\t\t\t<\/div>\n\t\t\t\t<\/div>\n\t\t\t\t<\/div>\n\t\t\t\t\t\t<\/div>\n\t\t\t\t\t<\/div>\n\t\t<\/div>\n\t\t\t\t\t\t\t\t<\/div>\n\t\t\t\t\t<\/div>\n\t\t<\/section>\n\t\t\t\t<section class=\"elementor-section elementor-top-section elementor-element elementor-element-e1270a0 elementor-section-boxed elementor-section-height-default elementor-section-height-default\" data-id=\"e1270a0\" data-element_type=\"section\">\n\t\t\t\t\t\t<div class=\"elementor-container elementor-column-gap-default\">\n\t\t\t\t\t\t\t<div class=\"elementor-row\">\n\t\t\t\t\t<div class=\"elementor-column elementor-col-100 elementor-top-column elementor-element elementor-element-1db3b2b\" data-id=\"1db3b2b\" data-element_type=\"column\">\n\t\t\t<div class=\"elementor-column-wrap elementor-element-populated\">\n\t\t\t\t\t\t\t<div class=\"elementor-widget-wrap\">\n\t\t\t\t\t\t<div class=\"elementor-element elementor-element-3739b33 elementor-widget elementor-widget-text-editor\" data-id=\"3739b33\" data-element_type=\"widget\" data-widget_type=\"text-editor.default\">\n\t\t\t\t<div class=\"elementor-widget-container\">\n\t\t\t\t\t\t\t\t<div class=\"elementor-text-editor elementor-clearfix\">\n\t\t\t\t<p>Seminario a cura di AIF Campania e GDPR Scuola<\/p>\t\t\t\t\t<\/div>\n\t\t\t\t\t\t<\/div>\n\t\t\t\t<\/div>\n\t\t\t\t\t\t<\/div>\n\t\t\t\t\t<\/div>\n\t\t<\/div>\n\t\t\t\t\t\t\t\t<\/div>\n\t\t\t\t\t<\/div>\n\t\t<\/section>\n\t\t\t\t<section class=\"elementor-section elementor-top-section elementor-element elementor-element-71b54a24 elementor-section-content-middle elementor-reverse-mobile elementor-section-boxed elementor-section-height-default elementor-section-height-default\" data-id=\"71b54a24\" data-element_type=\"section\">\n\t\t\t\t\t\t<div class=\"elementor-container elementor-column-gap-default\">\n\t\t\t\t\t\t\t<div class=\"elementor-row\">\n\t\t\t\t\t<div class=\"elementor-column elementor-col-50 elementor-top-column elementor-element elementor-element-1c8fb83d\" data-id=\"1c8fb83d\" data-element_type=\"column\">\n\t\t\t<div class=\"elementor-column-wrap elementor-element-populated\">\n\t\t\t\t\t\t\t<div class=\"elementor-widget-wrap\">\n\t\t\t\t\t\t<div class=\"elementor-element elementor-element-1afbfb79 elementor-widget elementor-widget-heading\" data-id=\"1afbfb79\" data-element_type=\"widget\" data-widget_type=\"heading.default\">\n\t\t\t\t<div class=\"elementor-widget-container\">\n\t\t\t<h3 class=\"elementor-heading-title elementor-size-default\">Finalit\u00e0 <\/h3>\t\t<\/div>\n\t\t\t\t<\/div>\n\t\t\t\t<div class=\"elementor-element elementor-element-110ace2a elementor-widget elementor-widget-text-editor\" data-id=\"110ace2a\" data-element_type=\"widget\" data-widget_type=\"text-editor.default\">\n\t\t\t\t<div class=\"elementor-widget-container\">\n\t\t\t\t\t\t\t\t<div class=\"elementor-text-editor elementor-clearfix\">\n\t\t\t\t<p>Il diritto di libert\u00e0 alla protezione dei dati e alla privacy pu\u00f2 venire compromesso in una situazione di emergenza come quella attuale dovuta all\u2019epidemia da coronavirus.<\/p><p>Le limitazioni imposte per affrontare la crisi sanitaria hanno modificato radicalmente il nostro modo di lavorare, di vivere e di socializzare.<br \/>Anche il mondo della scuola e la didattica si sono trasformati.<br \/>Nell\u2019incontro affronteremo questo tema, focalizzando l\u2019attenzione in particolare sulle modalit\u00e0 di trattamento dei dati in questo periodo di emergenza.<br \/>Parleremo inoltre del ruolo dei docenti in qualit\u00e0 di persone autorizzate al trattamento, nonch\u00e9 delle responsabilit\u00e0 della scuola in caso di mancato rispetto degli obblighi di segretezza e di riservatezza, e dei casi di\u00a0 violazioni di dati.<\/p>\t\t\t\t\t<\/div>\n\t\t\t\t\t\t<\/div>\n\t\t\t\t<\/div>\n\t\t\t\t\t\t<\/div>\n\t\t\t\t\t<\/div>\n\t\t<\/div>\n\t\t\t\t<div class=\"elementor-column elementor-col-50 elementor-top-column elementor-element elementor-element-3efa2beb\" data-id=\"3efa2beb\" data-element_type=\"column\">\n\t\t\t<div class=\"elementor-column-wrap elementor-element-populated\">\n\t\t\t\t\t\t\t<div class=\"elementor-widget-wrap\">\n\t\t\t\t\t\t<div class=\"elementor-element elementor-element-2311ab82 elementor-widget elementor-widget-image\" data-id=\"2311ab82\" data-element_type=\"widget\" loading=\"lazy\" data-widget_type=\"image.default\">\n\t\t\t\t<div class=\"elementor-widget-container\">\n\t\t\t\t\t\t\t\t<div class=\"elementor-image\">\n\t\t\t\t\t\t\t\t\t\t\t\t<img decoding=\"async\" width=\"1024\" height=\"736\" src=\"https:\/\/aifcampania.it\/wp-content\/uploads\/2020\/11\/didattica-a-distanza-1024x736-1.jpg\" class=\"attachment-full size-full wp-image-403\" alt=\"\" loading=\"lazy\" srcset=\"https:\/\/aifcampania.it\/wp-content\/uploads\/2020\/11\/didattica-a-distanza-1024x736-1.jpg 1024w, https:\/\/aifcampania.it\/wp-content\/uploads\/2020\/11\/didattica-a-distanza-1024x736-1-300x216.jpg 300w, https:\/\/aifcampania.it\/wp-content\/uploads\/2020\/11\/didattica-a-distanza-1024x736-1-768x552.jpg 768w\" sizes=\"(max-width: 1024px) 100vw, 1024px\" \/>\t\t\t\t\t\t\t\t\t\t\t\t\t\t<\/div>\n\t\t\t\t\t\t<\/div>\n\t\t\t\t<\/div>\n\t\t\t\t\t\t<\/div>\n\t\t\t\t\t<\/div>\n\t\t<\/div>\n\t\t\t\t\t\t\t\t<\/div>\n\t\t\t\t\t<\/div>\n\t\t<\/section>\n\t\t\t\t<section class=\"elementor-section elementor-top-section elementor-element elementor-element-7cff0edf elementor-section-content-middle elementor-section-boxed elementor-section-height-default elementor-section-height-default\" data-id=\"7cff0edf\" data-element_type=\"section\">\n\t\t\t\t\t\t<div class=\"elementor-container elementor-column-gap-default\">\n\t\t\t\t\t\t\t<div class=\"elementor-row\">\n\t\t\t\t\t<div class=\"elementor-column elementor-col-50 elementor-top-column elementor-element elementor-element-70f26d09\" data-id=\"70f26d09\" data-element_type=\"column\">\n\t\t\t<div class=\"elementor-column-wrap elementor-element-populated\">\n\t\t\t\t\t\t\t<div class=\"elementor-widget-wrap\">\n\t\t\t\t\t\t<div class=\"elementor-element elementor-element-7be4a01e elementor-widget elementor-widget-image\" data-id=\"7be4a01e\" data-element_type=\"widget\" loading=\"lazy\" data-widget_type=\"image.default\">\n\t\t\t\t<div class=\"elementor-widget-container\">\n\t\t\t\t\t\t\t\t<div class=\"elementor-image\">\n\t\t\t\t\t\t\t\t\t\t\t\t<img decoding=\"async\" width=\"720\" height=\"340\" src=\"https:\/\/aifcampania.it\/wp-content\/uploads\/2020\/11\/Privacy-720x340-1.png\" class=\"attachment-full size-full wp-image-414\" alt=\"\" loading=\"lazy\" srcset=\"https:\/\/aifcampania.it\/wp-content\/uploads\/2020\/11\/Privacy-720x340-1.png 720w, https:\/\/aifcampania.it\/wp-content\/uploads\/2020\/11\/Privacy-720x340-1-300x142.png 300w\" sizes=\"(max-width: 720px) 100vw, 720px\" \/>\t\t\t\t\t\t\t\t\t\t\t\t\t\t<\/div>\n\t\t\t\t\t\t<\/div>\n\t\t\t\t<\/div>\n\t\t\t\t\t\t<\/div>\n\t\t\t\t\t<\/div>\n\t\t<\/div>\n\t\t\t\t<div class=\"elementor-column elementor-col-50 elementor-top-column elementor-element elementor-element-15489e2d\" data-id=\"15489e2d\" data-element_type=\"column\">\n\t\t\t<div class=\"elementor-column-wrap elementor-element-populated\">\n\t\t\t\t\t\t\t<div class=\"elementor-widget-wrap\">\n\t\t\t\t\t\t<div class=\"elementor-element elementor-element-2813695f elementor-widget elementor-widget-heading\" data-id=\"2813695f\" data-element_type=\"widget\" data-widget_type=\"heading.default\">\n\t\t\t\t<div class=\"elementor-widget-container\">\n\t\t\t<h3 class=\"elementor-heading-title elementor-size-default\">Programma<\/h3>\t\t<\/div>\n\t\t\t\t<\/div>\n\t\t\t\t<div class=\"elementor-element elementor-element-25b38bbf elementor-widget elementor-widget-text-editor\" data-id=\"25b38bbf\" data-element_type=\"widget\" data-widget_type=\"text-editor.default\">\n\t\t\t\t<div class=\"elementor-widget-container\">\n\t\t\t\t\t\t\t\t<div class=\"elementor-text-editor elementor-clearfix\">\n\t\t\t\t<p>\u25cf Il diritto di riservatezza e le restrizioni dovute all\u2019emergenza epidemiologica<br \/>\u25cf Come \u00e8 cambiata la scuola:<br \/>\u00a0\u00a0 a)\u200b \u200bMonitoraggio degli ingressi e acquisizione di dati<br \/>\u00a0\u00a0 b)\u200b \u200bLa Didattica Digitale Integrata:<br \/>\u00a0\u00a0\u00a0\u00a0\u00a0 \u2794 Obbligatoriet\u00e0 del trattamento<br \/>\u00a0\u00a0\u00a0\u00a0\u00a0 \u2794 La piattaforma per la DDI e le istruzioni per il personale<br \/>\u00a0\u00a0\u00a0\u00a0\u00a0 \u2794 Utilizzo della webcam<br \/>\u25cf Il ruolo dei docenti quali persone autorizzate al trattamento dei dati<br \/>\u25cf Le responsabilit\u00e0 della scuola e degli insegnanti in caso di violazione dei dati&#8221;<\/p>\t\t\t\t\t<\/div>\n\t\t\t\t\t\t<\/div>\n\t\t\t\t<\/div>\n\t\t\t\t\t\t<\/div>\n\t\t\t\t\t<\/div>\n\t\t<\/div>\n\t\t\t\t\t\t\t\t<\/div>\n\t\t\t\t\t<\/div>\n\t\t<\/section>\n\t\t\t\t<section class=\"elementor-section elementor-top-section elementor-element elementor-element-4fb500dd elementor-section-content-middle elementor-reverse-mobile elementor-section-boxed elementor-section-height-default elementor-section-height-default\" data-id=\"4fb500dd\" data-element_type=\"section\">\n\t\t\t\t\t\t<div class=\"elementor-container elementor-column-gap-default\">\n\t\t\t\t\t\t\t<div class=\"elementor-row\">\n\t\t\t\t\t<div class=\"elementor-column elementor-col-100 elementor-top-column elementor-element elementor-element-76d78181\" data-id=\"76d78181\" data-element_type=\"column\">\n\t\t\t<div class=\"elementor-column-wrap elementor-element-populated\">\n\t\t\t\t\t\t\t<div class=\"elementor-widget-wrap\">\n\t\t\t\t\t\t<div class=\"elementor-element elementor-element-2e0a562 elementor-widget elementor-widget-heading\" data-id=\"2e0a562\" data-element_type=\"widget\" data-widget_type=\"heading.default\">\n\t\t\t\t<div class=\"elementor-widget-container\">\n\t\t\t<h3 class=\"elementor-heading-title elementor-size-default\">I relatori <\/h3>\t\t<\/div>\n\t\t\t\t<\/div>\n\t\t\t\t<div class=\"elementor-element elementor-element-25cf1bf5 elementor-widget__width-initial elementor-widget elementor-widget-text-editor\" data-id=\"25cf1bf5\" data-element_type=\"widget\" data-widget_type=\"text-editor.default\">\n\t\t\t\t<div class=\"elementor-widget-container\">\n\t\t\t\t\t\t\t\t<div class=\"elementor-text-editor elementor-clearfix\">\n\t\t\t\t<p>Coordiner\u00e0 il seminario <strong>GAETANO BERNIERI, <\/strong>Consigliere AIF Campania<strong><br \/><\/strong><\/p><p>Interverranno <strong>LUCIA GAMALERO e\u00a0 FEDERICO CROSO <\/strong>di GDPR Scuola <strong><br \/><\/strong><\/p><p>\u00a0<\/p><p><strong>PRESENTAZIONE DEI RELATORI<\/strong><\/p><p><strong>LUCIA GAMALERO<\/strong><br \/>La Dott.ssa Gamalero ha conseguito una laurea magistrale in Giurisprudenza presso l\u2019Universit\u00e0 Cattolica del Sacro Cuore di Milano e un Master di primo livello in \u201cTeorie e metodi per le pubbliche amministrazioni\u201d presso l\u2019Universit\u00e0 degli Studi del Piemonte Orientale. Ha frequentato il \u201cCorso di Perfezionamento in Data Protection e Data Governance\u201d presso l\u2019Universit\u00e0 degli Studi di Milano, e la prima edizione del \u201cCorso di Alta formazione per Data Protection Officer\u201d presso l\u2019Universit\u00e0 degli Studi del Piemonte Orientale. \u00c8 responsabile dello staff di GDPR Scuola (progetto di Karon srl nato dall\u2019esigenza di fornire agli istituti un adeguato supporto in relazione all\u2019entrata in vigore del nuovo regolamento europeo sulla protezione dei dati), nonch\u00e9 consulente esperta e formatrice in materia di privacy, e collabora attualmente con pi\u00f9 di 160 scuole.<br \/>Di recente \u00e8 stato pubblicato il suo primo libro: \u201cGDPR e protezione dei dati personali a scuola. Manuale pratico per il dirigente scolastico\u201d. <br \/>Ha collaborato alla redazione dei seguenti volumi:<br \/>\u25cf Privacy e scuola &#8211; Guida alla protezione dei dati per i docenti<br \/>\u25cf I dati a scuola &#8211; Guida alla protezione dei dati per il personale ATA<br \/>\u25cf La sicurezza informatica a scuola &#8211; Guida pratica per i docenti e la segreteria<br \/>\u25cf Non cadere nella rete &#8211; Alunni e buone pratiche sul web<br \/>\u25cf 99 suggerimenti per la protezione dei tuoi dati personali<\/p><p><strong>FEDERICO CROSO<\/strong><br \/>Il Dott. Federico Croso ha conseguito nel 1994, presso l\u2019Universit\u00e0 \u201cL. Bocconi\u201d di Milano, la Laurea in Economia Politica.<br \/>\u00c8 iscritto all\u2019Albo Dottori Commercialisti ed Esperti Contabili di Vercelli dal 1996 e titolare dello \u201cStudio Legale Tributario Croso\u201d.<br \/>Ha frequentato la prima edizione del \u201cCorso di Alta formazione per Data Protection Officer\u201d presso l\u2019Universit\u00e0 degli Studi del Piemonte Orientale (sede di Novara). <br \/>Il Dott. Federico Croso \u00e8 Responsabile per la Protezione dei Dati di diversi istituti scolastici italiani, nonch\u00e9 formatore ed esperto di privacy.<br \/>Ha partecipato, quale relatore, ai webinar dal titolo \u201cGDPR: cosa deve fare la scuola?\u201d (consultabile al link https:\/\/www.youtube.com\/watch?v=62UkDDhQbQw&amp;t=7s) e dal titolo \u201cProtezione dei dati e GDPR: la tua scuola \u00e8 pronta?\u201d (consultabile al link https:\/\/www.youtube.com\/watch?v=_UBwW1gfCoo&amp;t=5s).<\/p><p>\u00a0<\/p>\t\t\t\t\t<\/div>\n\t\t\t\t\t\t<\/div>\n\t\t\t\t<\/div>\n\t\t\t\t\t\t<\/div>\n\t\t\t\t\t<\/div>\n\t\t<\/div>\n\t\t\t\t\t\t\t\t<\/div>\n\t\t\t\t\t<\/div>\n\t\t<\/section>\n\t\t\t\t<section class=\"elementor-section elementor-top-section elementor-element elementor-element-39b23b0 elementor-section-content-middle elementor-reverse-mobile elementor-section-boxed elementor-section-height-default elementor-section-height-default\" data-id=\"39b23b0\" data-element_type=\"section\">\n\t\t\t\t\t\t<div class=\"elementor-container elementor-column-gap-default\">\n\t\t\t\t\t\t\t<div class=\"elementor-row\">\n\t\t\t\t\t<div class=\"elementor-column elementor-col-100 elementor-top-column elementor-element elementor-element-4c473c5\" data-id=\"4c473c5\" data-element_type=\"column\">\n\t\t\t<div class=\"elementor-column-wrap elementor-element-populated\">\n\t\t\t\t\t\t\t<div class=\"elementor-widget-wrap\">\n\t\t\t\t\t\t<div class=\"elementor-element elementor-element-9793f54 elementor-widget elementor-widget-heading\" data-id=\"9793f54\" data-element_type=\"widget\" data-widget_type=\"heading.default\">\n\t\t\t\t<div class=\"elementor-widget-container\">\n\t\t\t<h1 class=\"elementor-heading-title elementor-size-default\">COME PARTECIPARE \n<\/h1>\t\t<\/div>\n\t\t\t\t<\/div>\n\t\t\t\t<div class=\"elementor-element elementor-element-44e782d elementor-widget elementor-widget-text-editor\" data-id=\"44e782d\" data-element_type=\"widget\" data-widget_type=\"text-editor.default\">\n\t\t\t\t<div class=\"elementor-widget-container\">\n\t\t\t\t\t\t\t\t<div class=\"elementor-text-editor elementor-clearfix\">\n\t\t\t\t<p>La partecipazione \u00e8 gratuita per i soci AIF e per i docenti della scuola.<\/p><p>Il seminario si terr\u00e0\u00a0 a distanza in modalit\u00e0 riunione con la piattaforma ZOOM;<\/p><p>I soci Aif otterranno il riconoscimento di 0,5 crediti formativi.<\/p><p>Numero massimo degli iscritti: 200<\/p><p>\u00a0<\/p>\t\t\t\t\t<\/div>\n\t\t\t\t\t\t<\/div>\n\t\t\t\t<\/div>\n\t\t\t\t\t\t<\/div>\n\t\t\t\t\t<\/div>\n\t\t<\/div>\n\t\t\t\t\t\t\t\t<\/div>\n\t\t\t\t\t<\/div>\n\t\t<\/section>\n\t\t\t\t<section class=\"elementor-section elementor-top-section elementor-element elementor-element-67bfeec3 elementor-section-content-middle elementor-section-boxed elementor-section-height-default elementor-section-height-default\" data-id=\"67bfeec3\" data-element_type=\"section\" data-settings=\"{&quot;background_background&quot;:&quot;classic&quot;}\">\n\t\t\t\t\t\t<div class=\"elementor-container elementor-column-gap-default\">\n\t\t\t\t\t\t\t<div class=\"elementor-row\">\n\t\t\t\t\t<div class=\"elementor-column elementor-col-50 elementor-top-column elementor-element elementor-element-ea66c78\" data-id=\"ea66c78\" data-element_type=\"column\">\n\t\t\t<div class=\"elementor-column-wrap elementor-element-populated\">\n\t\t\t\t\t\t\t<div class=\"elementor-widget-wrap\">\n\t\t\t\t\t\t<div class=\"elementor-element elementor-element-7260d2b6 elementor-widget elementor-widget-heading\" data-id=\"7260d2b6\" data-element_type=\"widget\" data-widget_type=\"heading.default\">\n\t\t\t\t<div class=\"elementor-widget-container\">\n\t\t\t<h3 class=\"elementor-heading-title elementor-size-default\">ISCRIVITI ORA <\/h3>\t\t<\/div>\n\t\t\t\t<\/div>\n\t\t\t\t\t\t<\/div>\n\t\t\t\t\t<\/div>\n\t\t<\/div>\n\t\t\t\t<div class=\"elementor-column elementor-col-50 elementor-top-column elementor-element elementor-element-7b79b103\" data-id=\"7b79b103\" data-element_type=\"column\">\n\t\t\t<div class=\"elementor-column-wrap elementor-element-populated\">\n\t\t\t\t\t\t\t<div class=\"elementor-widget-wrap\">\n\t\t\t\t\t\t<div class=\"elementor-element elementor-element-4707e060 elementor-align-right elementor-mobile-align-center elementor-widget elementor-widget-button\" data-id=\"4707e060\" data-element_type=\"widget\" data-widget_type=\"button.default\">\n\t\t\t\t<div class=\"elementor-widget-container\">\n\t\t\t\t\t<div class=\"elementor-button-wrapper\">\n\t\t\t<a href=\"https:\/\/us02web.zoom.us\/meeting\/register\/tZUlcOiqqDIjGdF-NPI8AYauazO7raf6iwTj%20\" class=\"elementor-button-link elementor-button elementor-size-lg\" role=\"button\">\n\t\t\t\t\t\t<span class=\"elementor-button-content-wrapper\">\n\t\t\t\t\t\t\t<span class=\"elementor-button-icon elementor-align-icon-right\">\n\t\t\t\t<i aria-hidden=\"true\" class=\"fas fa-angle-double-right\"><\/i>\t\t\t<\/span>\n\t\t\t\t\t\t<span class=\"elementor-button-text\">ISCRIVITI<\/span>\n\t\t<\/span>\n\t\t\t\t\t<\/a>\n\t\t<\/div>\n\t\t\t\t<\/div>\n\t\t\t\t<\/div>\n\t\t\t\t\t\t<\/div>\n\t\t\t\t\t<\/div>\n\t\t<\/div>\n\t\t\t\t\t\t\t\t<\/div>\n\t\t\t\t\t<\/div>\n\t\t<\/section>\n\t\t\t\t\t\t\t\t\t<\/div>\n\t\t\t<\/div>\n\t\t\t\t\t<\/div>\n\t\t<\/div>","protected":false},"excerpt":{"rendered":"<div class=\"entry-content-stat post-content\"><p>SEMINARIO FORMATIVO ON LINE &#8211; 19 APRILE ORE 16.00 Sistema<\/p>\n<\/div><a href=\"https:\/\/aifcampania.it\/?page_id=317\">Read More<i class=\"fa fa-long-arrow-right\" aria-hidden=\"true\"><\/i><\/a>","protected":false},"author":1,"featured_media":0,"parent":0,"menu_order":0,"comment_status":"closed","ping_status":"closed","template":"","meta":[],"rise-blocks_excerpt":"SEMINARIO FORMATIVO ON LINE &#8211; 19 APRILE ORE 16.00 Sistema di Gestione Privacy e il ruolo del DPO Facebook-f Seminario a cura di AIF Campania e GDPR Scuola Finalit\u00e0 Il diritto di libert\u00e0 alla protezione dei dati e alla privacy pu\u00f2 venire compromesso in una situazione di emergenza come quella attuale dovuta all\u2019epidemia da coronavirus.Le limitazioni imposte per affrontare la..","_links":{"self":[{"href":"https:\/\/aifcampania.it\/index.php?rest_route=\/wp\/v2\/pages\/317"}],"collection":[{"href":"https:\/\/aifcampania.it\/index.php?rest_route=\/wp\/v2\/pages"}],"about":[{"href":"https:\/\/aifcampania.it\/index.php?rest_route=\/wp\/v2\/types\/page"}],"author":[{"embeddable":true,"href":"https:\/\/aifcampania.it\/index.php?rest_route=\/wp\/v2\/users\/1"}],"replies":[{"embeddable":true,"href":"https:\/\/aifcampania.it\/index.php?rest_route=%2Fwp%2Fv2%2Fcomments&post=317"}],"version-history":[{"count":22,"href":"https:\/\/aifcampania.it\/index.php?rest_route=\/wp\/v2\/pages\/317\/revisions"}],"predecessor-version":[{"id":745,"href":"https:\/\/aifcampania.it\/index.php?rest_route=\/wp\/v2\/pages\/317\/revisions\/745"}],"wp:attachment":[{"href":"https:\/\/aifcampania.it\/index.php?rest_route=%2Fwp%2Fv2%2Fmedia&parent=317"}],"curies":[{"name":"wp","href":"https:\/\/api.w.org\/{rel}","templated":true}]}}