{"id":32,"date":"2020-03-16T22:04:42","date_gmt":"2020-03-16T21:04:42","guid":{"rendered":"http:\/\/aifcampania.it\/?page_id=32"},"modified":"2020-05-06T21:54:33","modified_gmt":"2020-05-06T20:54:33","slug":"eventi-2020","status":"publish","type":"page","link":"https:\/\/aifcampania.it\/?page_id=32","title":{"rendered":"Evento I Capi sono Soli"},"content":{"rendered":"<div class=\"post-content\">\t\t<div data-elementor-type=\"wp-page\" data-elementor-id=\"32\" class=\"elementor elementor-32\">\n\t\t\t\t\t\t<div class=\"elementor-inner\">\n\t\t\t\t<div class=\"elementor-section-wrap\">\n\t\t\t\t\t\t\t\t\t<section class=\"elementor-section elementor-top-section elementor-element elementor-element-0e30430 elementor-section-boxed elementor-section-height-default elementor-section-height-default\" data-id=\"0e30430\" data-element_type=\"section\">\n\t\t\t\t\t\t<div class=\"elementor-container elementor-column-gap-default\">\n\t\t\t\t\t\t\t<div class=\"elementor-row\">\n\t\t\t\t\t<div class=\"elementor-column elementor-col-100 elementor-top-column elementor-element elementor-element-dc6c0aa\" data-id=\"dc6c0aa\" data-element_type=\"column\">\n\t\t\t<div class=\"elementor-column-wrap elementor-element-populated\">\n\t\t\t\t\t\t\t<div class=\"elementor-widget-wrap\">\n\t\t\t\t\t\t<div class=\"elementor-element elementor-element-51464cd elementor-widget elementor-widget-heading\" data-id=\"51464cd\" data-element_type=\"widget\" data-widget_type=\"heading.default\">\n\t\t\t\t<div class=\"elementor-widget-container\">\n\t\t\t<h2 class=\"elementor-heading-title elementor-size-default\">Workshop      <br>28 aprile 2020 18.30<\/h2>\t\t<\/div>\n\t\t\t\t<\/div>\n\t\t\t\t\t\t<\/div>\n\t\t\t\t\t<\/div>\n\t\t<\/div>\n\t\t\t\t\t\t\t\t<\/div>\n\t\t\t\t\t<\/div>\n\t\t<\/section>\n\t\t\t\t<section class=\"elementor-section elementor-top-section elementor-element elementor-element-6c34a92c elementor-section-boxed elementor-section-height-default elementor-section-height-default\" data-id=\"6c34a92c\" data-element_type=\"section\">\n\t\t\t\t\t\t<div class=\"elementor-container elementor-column-gap-default\">\n\t\t\t\t\t\t\t<div class=\"elementor-row\">\n\t\t\t\t\t<div class=\"elementor-column elementor-col-100 elementor-top-column elementor-element elementor-element-5872e03\" data-id=\"5872e03\" data-element_type=\"column\">\n\t\t\t<div class=\"elementor-column-wrap elementor-element-populated\">\n\t\t\t\t\t\t\t<div class=\"elementor-widget-wrap\">\n\t\t\t\t\t\t<div class=\"elementor-element elementor-element-5797bda6 elementor-widget elementor-widget-text-editor\" data-id=\"5797bda6\" data-element_type=\"widget\" data-widget_type=\"text-editor.default\">\n\t\t\t\t<div class=\"elementor-widget-container\">\n\t\t\t\t\t\t\t\t<div class=\"elementor-text-editor elementor-clearfix\">\n\t\t\t\t<p><!-- wp:group --><\/p>\n<div class=\"rise-blocks-title\">\n<div class=\"rise-blocks-boxed rise-blocks-section-wrapper\">\n<div class=\"rise-blocks-section-inner\">\n<div class=\"wp-block-columns\">\n<div class=\"wp-block-column\">\n<section id=\"rise-blocks-heading-block-instance-0\">\n<div class=\"rise-blocks-heading-section wp-block-rise-blocks-heading left\">\n<h1 class=\"rise-blocks-title\"><span style=\"color: #808080;\">EMERGENZA E RIPARTENZA<\/span><br \/><span style=\"color: #808080;\">QUALE SUPPORTO PER I MANAGER DELLA FORMAZIONE<\/span><\/h1>\n<p>\u00a0<\/p>\n<div class=\"rise-blocks-sub-description\">\n<p>L\u2019emergenza sanitaria in atto ha rallentato, enormemente, il settore della formazione che, solo in parte, ha proseguito mediante le attivit\u00e0 di e-learning e i sistemi di web-meeting.<br \/>A subire un minor freno le attivit\u00e0 one-to-one, che vedono molti manager e professionisti continuare i propri percorsi di coaching o affiancamento.<br \/>Mentre tutto ci\u00f2 accade, i direttori ed i responsabili degli organismi formativi si sono trovati a dover riorganizzare le strutture che dirigono, tra smart-worker, lavoratori in CIG, aule virtuali ed allievi da coinvolgere.<br \/>Ma con quali strumenti e quali risorse staranno affrontando questa fase? Ritrovandosi a fare i conti con loro stessi o avvalendosi del supporto di Associazioni e Istituzioni?<\/p>\n<p><strong>Programma <br \/><\/strong><\/p>\n<p><strong>Fabrizia Ingenito<\/strong> racconter\u00e0 gli aspetti pi\u00f9 attuali del coaching e illustrer\u00e0 come il suo libro permetta di vivere un&#8217;esperienza di coaching pi\u00f9 riservata, come se fosse un coach virtuale. <br \/><b>Marina Camboni<\/b> e\u00a0 <strong>Roberto Sanseverino<\/strong>, interverranno sul tema.<\/p>\n<p><strong>Matilde Cesaro<\/strong> coordiner\u00e0 il dibattito con i formatori ed i manager della Campania. <br \/>&#8230;&#8230;.<\/p>\n<p>\u00a0<\/p>\n<p>DOVE: ZOOM Meeting<\/p>\n<\/div>\n<\/div>\n<\/section>\n<p><!-- \/wp:rise-blocks\/heading --><\/p>\n<\/div>\n<p><!-- \/wp:column --><\/p>\n<p><!-- wp:column --><\/p>\n<p><!-- \/wp:column --><\/p>\n<\/div>\n<p><!-- \/wp:columns --><\/p>\n<p><!-- wp:paragraph --><\/p>\n<p><!-- \/wp:paragraph --><\/p>\n<\/div>\n<\/div>\n<\/div>\n<p><!-- \/wp:rise-blocks\/section --><\/p>\t\t\t\t\t<\/div>\n\t\t\t\t\t\t<\/div>\n\t\t\t\t<\/div>\n\t\t\t\t\t\t<\/div>\n\t\t\t\t\t<\/div>\n\t\t<\/div>\n\t\t\t\t<div class=\"elementor-column elementor-col-100 elementor-top-column elementor-element elementor-element-10e83196\" data-id=\"10e83196\" data-element_type=\"column\">\n\t\t\t<div class=\"elementor-column-wrap elementor-element-populated\">\n\t\t\t\t\t\t\t<div class=\"elementor-widget-wrap\">\n\t\t\t\t\t\t<div class=\"elementor-element elementor-element-dc8f689 elementor-widget elementor-widget-gallery\" data-id=\"dc8f689\" data-element_type=\"widget\" data-settings=\"{&quot;gallery_layout&quot;:&quot;justified&quot;,&quot;gap&quot;:{&quot;unit&quot;:&quot;px&quot;,&quot;size&quot;:5,&quot;sizes&quot;:[]},&quot;ideal_row_height&quot;:{&quot;unit&quot;:&quot;px&quot;,&quot;size&quot;:335,&quot;sizes&quot;:[]},&quot;lazyload&quot;:&quot;yes&quot;,&quot;ideal_row_height_tablet&quot;:{&quot;unit&quot;:&quot;px&quot;,&quot;size&quot;:150,&quot;sizes&quot;:[]},&quot;ideal_row_height_mobile&quot;:{&quot;unit&quot;:&quot;px&quot;,&quot;size&quot;:150,&quot;sizes&quot;:[]},&quot;gap_tablet&quot;:{&quot;unit&quot;:&quot;px&quot;,&quot;size&quot;:10,&quot;sizes&quot;:[]},&quot;gap_mobile&quot;:{&quot;unit&quot;:&quot;px&quot;,&quot;size&quot;:10,&quot;sizes&quot;:[]},&quot;link_to&quot;:&quot;file&quot;,&quot;overlay_background&quot;:&quot;yes&quot;,&quot;content_hover_animation&quot;:&quot;fade-in&quot;}\" data-widget_type=\"gallery.default\">\n\t\t\t\t<div class=\"elementor-widget-container\">\n\t\t\t\t\t<div class=\"elementor-gallery__container\">\n\t\t\t\t\t\t\t<a class=\"e-gallery-item elementor-gallery-item elementor-animated-content\" href=\"https:\/\/aifcampania.it\/wp-content\/uploads\/2020\/04\/Foto-Ingenito_profilo-e1591607996571.jpg\" data-elementor-open-lightbox=\"yes\" data-elementor-lightbox-slideshow=\"all-dc8f689\" data-elementor-lightbox-title=\"Foto-Ingenito_profilo\" data-e-action-hash=\"#elementor-action%3Aaction%3Dlightbox%26settings%3DeyJpZCI6MTc3LCJ1cmwiOiJodHRwczpcL1wvYWlmY2FtcGFuaWEuaXRcL3dwLWNvbnRlbnRcL3VwbG9hZHNcLzIwMjBcLzA0XC9Gb3RvLUluZ2VuaXRvX3Byb2ZpbG8tZTE1OTE2MDc5OTY1NzEuanBnIiwic2xpZGVzaG93IjoiYWxsLWRjOGY2ODkifQ%3D%3D\">\n\t\t\t\t\t<div class=\"e-gallery-image elementor-gallery-item__image\" data-thumbnail=\"https:\/\/aifcampania.it\/wp-content\/uploads\/2020\/04\/Foto-Ingenito_profilo-e1591607996571.jpg\" data-width=\"358\" data-height=\"343\" alt=\"\" ><\/div>\n\t\t\t\t\t\t\t\t\t\t\t<div class=\"elementor-gallery-item__overlay\"><\/div>\n\t\t\t\t\t\t\t\t\t\t\t\t\t\t<\/a>\n\t\t\t\t\t\t\t<a class=\"e-gallery-item elementor-gallery-item elementor-animated-content\" href=\"https:\/\/aifcampania.it\/wp-content\/uploads\/2020\/04\/Capi.jpg\" data-elementor-open-lightbox=\"yes\" data-elementor-lightbox-slideshow=\"all-dc8f689\" data-elementor-lightbox-title=\"Capi\" data-e-action-hash=\"#elementor-action%3Aaction%3Dlightbox%26settings%3DeyJpZCI6MTY0LCJ1cmwiOiJodHRwczpcL1wvYWlmY2FtcGFuaWEuaXRcL3dwLWNvbnRlbnRcL3VwbG9hZHNcLzIwMjBcLzA0XC9DYXBpLmpwZyIsInNsaWRlc2hvdyI6ImFsbC1kYzhmNjg5In0%3D\">\n\t\t\t\t\t<div class=\"e-gallery-image elementor-gallery-item__image\" data-thumbnail=\"https:\/\/aifcampania.it\/wp-content\/uploads\/2020\/04\/Capi.jpg\" data-width=\"451\" data-height=\"511\" alt=\"\" ><\/div>\n\t\t\t\t\t\t\t\t\t\t\t<div class=\"elementor-gallery-item__overlay\"><\/div>\n\t\t\t\t\t\t\t\t\t\t\t\t\t\t<\/a>\n\t\t\t\t\t<\/div>\n\t\t\t<\/div>\n\t\t\t\t<\/div>\n\t\t\t\t<div class=\"elementor-element elementor-element-71dc587 elementor-widget elementor-widget-text-editor\" data-id=\"71dc587\" data-element_type=\"widget\" data-widget_type=\"text-editor.default\">\n\t\t\t\t<div class=\"elementor-widget-container\">\n\t\t\t\t\t\t\t\t<div class=\"elementor-text-editor elementor-clearfix\">\n\t\t\t\t<p><strong>INTERVENTI <br \/><\/strong><\/p>\n<p><strong>FABRIZIA INGENITO<\/strong>, Executive &amp; Corporate Coach \u2013 PCC (Professional Certified Coach) &#8211; Presidente 2012 di ICF Italia, docente in Master per la formazione di coach professionisti, lavora con aziende nazionali e multinazionali per lo sviluppo professionale individuale e di team. Ha scritto \u201cConciliare con il Coaching\u201d ed. Franco Angeli e \u201cI capi sono soli\u201d ed. Aracne.<\/p>\n<p><b>MARINA CAMBONI,\u00a0<\/b> Direttore ERFAP UIL CAMPANIA <b><br \/><\/b><\/p>\n<p><b>ROBERTO SANSEVERINO, <\/b>Consigliere Nazionale AIF <b><br \/><\/b><\/p>\n<p><b>MATILDE CESARO, <\/b>Vicepresidente Delegazione Campania<b><br \/><\/b><\/p>\n<p>\u00a0<\/p>\t\t\t\t\t<\/div>\n\t\t\t\t\t\t<\/div>\n\t\t\t\t<\/div>\n\t\t\t\t\t\t<\/div>\n\t\t\t\t\t<\/div>\n\t\t<\/div>\n\t\t\t\t\t\t\t\t<\/div>\n\t\t\t\t\t<\/div>\n\t\t<\/section>\n\t\t\t\t<section class=\"elementor-section elementor-top-section elementor-element elementor-element-b25f0e8 elementor-section-boxed elementor-section-height-default elementor-section-height-default\" data-id=\"b25f0e8\" data-element_type=\"section\">\n\t\t\t\t\t\t<div class=\"elementor-container elementor-column-gap-default\">\n\t\t\t\t\t\t\t<div class=\"elementor-row\">\n\t\t\t\t\t<div class=\"elementor-column elementor-col-100 elementor-top-column elementor-element elementor-element-8b425d3\" data-id=\"8b425d3\" data-element_type=\"column\">\n\t\t\t<div class=\"elementor-column-wrap elementor-element-populated\">\n\t\t\t\t\t\t\t<div class=\"elementor-widget-wrap\">\n\t\t\t\t\t\t<div class=\"elementor-element elementor-element-0f86d18 elementor-widget elementor-widget-heading\" data-id=\"0f86d18\" data-element_type=\"widget\" data-widget_type=\"heading.default\">\n\t\t\t\t<div class=\"elementor-widget-container\">\n\t\t\t<h2 class=\"elementor-heading-title elementor-size-default\">ISCRIVITI ORA <\/h2>\t\t<\/div>\n\t\t\t\t<\/div>\n\t\t\t\t\t\t<\/div>\n\t\t\t\t\t<\/div>\n\t\t<\/div>\n\t\t\t\t\t\t\t\t<\/div>\n\t\t\t\t\t<\/div>\n\t\t<\/section>\n\t\t\t\t<section class=\"elementor-section elementor-top-section elementor-element elementor-element-f8562ef elementor-section-boxed elementor-section-height-default elementor-section-height-default\" data-id=\"f8562ef\" data-element_type=\"section\">\n\t\t\t\t\t\t<div class=\"elementor-container elementor-column-gap-default\">\n\t\t\t\t\t\t\t<div class=\"elementor-row\">\n\t\t\t\t\t<div class=\"elementor-column elementor-col-100 elementor-top-column elementor-element elementor-element-6e9568c\" data-id=\"6e9568c\" data-element_type=\"column\">\n\t\t\t<div class=\"elementor-column-wrap elementor-element-populated\">\n\t\t\t\t\t\t\t<div class=\"elementor-widget-wrap\">\n\t\t\t\t\t\t<div class=\"elementor-element elementor-element-001358d elementor-widget-divider--view-line elementor-widget elementor-widget-divider\" data-id=\"001358d\" data-element_type=\"widget\" data-widget_type=\"divider.default\">\n\t\t\t\t<div class=\"elementor-widget-container\">\n\t\t\t\t\t<div class=\"elementor-divider\">\n\t\t\t<span class=\"elementor-divider-separator\">\n\t\t\t\t\t\t<\/span>\n\t\t<\/div>\n\t\t\t\t<\/div>\n\t\t\t\t<\/div>\n\t\t\t\t<div class=\"elementor-element elementor-element-5601fc7 elementor-button-align-stretch elementor-widget elementor-widget-form\" data-id=\"5601fc7\" data-element_type=\"widget\" data-settings=\"{&quot;button_width&quot;:&quot;100&quot;,&quot;step_next_label&quot;:&quot;Successivo&quot;,&quot;step_previous_label&quot;:&quot;Precedente&quot;,&quot;step_type&quot;:&quot;number_text&quot;,&quot;step_icon_shape&quot;:&quot;circle&quot;}\" data-widget_type=\"form.default\">\n\t\t\t\t<div class=\"elementor-widget-container\">\n\t\t\t\t\t<form class=\"elementor-form\" method=\"post\" name=\"ISCRIVITI ORA \">\n\t\t\t<input type=\"hidden\" name=\"post_id\" value=\"32\"\/>\n\t\t\t<input type=\"hidden\" name=\"form_id\" value=\"5601fc7\"\/>\n\t\t\t<input type=\"hidden\" name=\"referer_title\" value=\"\" \/>\n\n\t\t\t\n\t\t\t<div class=\"elementor-form-fields-wrapper elementor-labels-above\">\n\t\t\t\t\t\t\t\t<div class=\"elementor-field-type-text elementor-field-group elementor-column elementor-field-group-name elementor-col-100\">\n\t\t\t\t\t\t\t\t\t\t\t\t<label for=\"form-field-name\" class=\"elementor-field-label\">\n\t\t\t\t\t\t\t\tName\t\t\t\t\t\t\t<\/label>\n\t\t\t\t\t\t\t\t\t\t\t\t\t\t<input size=\"1\" type=\"text\" name=\"form_fields[name]\" id=\"form-field-name\" class=\"elementor-field elementor-size-sm  elementor-field-textual\" placeholder=\"Name\">\n\t\t\t\t\t\t\t\t\t\t\t<\/div>\n\t\t\t\t\t\t\t\t<div class=\"elementor-field-type-text elementor-field-group elementor-column elementor-field-group-field_e6ca04b elementor-col-100\">\n\t\t\t\t\t\t\t\t\t\t\t\t<label for=\"form-field-field_e6ca04b\" class=\"elementor-field-label\">\n\t\t\t\t\t\t\t\tCognome \t\t\t\t\t\t\t<\/label>\n\t\t\t\t\t\t\t\t\t\t\t\t\t\t<input size=\"1\" type=\"text\" name=\"form_fields[field_e6ca04b]\" id=\"form-field-field_e6ca04b\" class=\"elementor-field elementor-size-sm  elementor-field-textual\" placeholder=\"Cognome \">\n\t\t\t\t\t\t\t\t\t\t\t<\/div>\n\t\t\t\t\t\t\t\t<div class=\"elementor-field-type-email elementor-field-group elementor-column elementor-field-group-email elementor-col-100 elementor-field-required\">\n\t\t\t\t\t\t\t\t\t\t\t\t<label for=\"form-field-email\" class=\"elementor-field-label\">\n\t\t\t\t\t\t\t\tEmail\t\t\t\t\t\t\t<\/label>\n\t\t\t\t\t\t\t\t\t\t\t\t\t\t<input size=\"1\" type=\"email\" name=\"form_fields[email]\" id=\"form-field-email\" class=\"elementor-field elementor-size-sm  elementor-field-textual\" placeholder=\"Email\" required=\"required\" aria-required=\"true\">\n\t\t\t\t\t\t\t\t\t\t\t<\/div>\n\t\t\t\t\t\t\t\t<div class=\"elementor-field-type-text elementor-field-group elementor-column elementor-field-group-field_fc308af elementor-col-100\">\n\t\t\t\t\t\t\t\t\t\t\t\t<label for=\"form-field-field_fc308af\" class=\"elementor-field-label\">\n\t\t\t\t\t\t\t\tCellulare \t\t\t\t\t\t\t<\/label>\n\t\t\t\t\t\t\t\t\t\t\t\t\t\t<input size=\"1\" type=\"text\" name=\"form_fields[field_fc308af]\" id=\"form-field-field_fc308af\" class=\"elementor-field elementor-size-sm  elementor-field-textual\" placeholder=\"Mobile \">\n\t\t\t\t\t\t\t\t\t\t\t<\/div>\n\t\t\t\t\t\t\t\t<div class=\"elementor-field-group elementor-column elementor-field-type-submit elementor-col-100 e-form__buttons\">\n\t\t\t\t\t<button type=\"submit\" class=\"elementor-button elementor-size-sm\">\n\t\t\t\t\t\t<span >\n\t\t\t\t\t\t\t\t\t\t\t\t\t\t\t<span class=\"elementor-align-icon-left elementor-button-icon\">\n\t\t\t\t\t\t\t\t\t<i aria-hidden=\"true\" class=\"far fa-gem\"><\/i>\t\t\t\t\t\t\t\t\t\t\t\t\t\t\t\t\t<\/span>\n\t\t\t\t\t\t\t\t\t\t\t\t\t\t\t\t\t\t\t\t\t\t<span class=\"elementor-button-text\">Send<\/span>\n\t\t\t\t\t\t\t\t\t\t\t\t\t<\/span>\n\t\t\t\t\t<\/button>\n\t\t\t\t<\/div>\n\t\t\t<\/div>\n\t\t<\/form>\n\t\t\t\t<\/div>\n\t\t\t\t<\/div>\n\t\t\t\t\t\t<\/div>\n\t\t\t\t\t<\/div>\n\t\t<\/div>\n\t\t\t\t\t\t\t\t<\/div>\n\t\t\t\t\t<\/div>\n\t\t<\/section>\n\t\t\t\t\t\t\t\t\t<\/div>\n\t\t\t<\/div>\n\t\t\t\t\t<\/div>\n\t\t<\/div>","protected":false},"excerpt":{"rendered":"<div class=\"entry-content-stat post-content\"><p>Workshop 28 aprile 2020 18.30 EMERGENZA E RIPARTENZAQUALE SUPPORTO PER<\/p>\n<\/div><a href=\"https:\/\/aifcampania.it\/?page_id=32\">Read More<i class=\"fa fa-long-arrow-right\" aria-hidden=\"true\"><\/i><\/a>","protected":false},"author":1,"featured_media":0,"parent":0,"menu_order":0,"comment_status":"closed","ping_status":"closed","template":"","meta":[],"rise-blocks_excerpt":"Workshop 28 aprile 2020 18.30 EMERGENZA E RIPARTENZAQUALE SUPPORTO PER I MANAGER DELLA FORMAZIONE \u00a0 L\u2019emergenza sanitaria in atto ha rallentato, enormemente, il settore della formazione che, solo in parte, ha proseguito mediante le attivit\u00e0 di e-learning e i sistemi di web-meeting.A subire un minor freno le attivit\u00e0 one-to-one, che vedono molti manager e professionisti continuare i propri percorsi di..","_links":{"self":[{"href":"https:\/\/aifcampania.it\/index.php?rest_route=\/wp\/v2\/pages\/32"}],"collection":[{"href":"https:\/\/aifcampania.it\/index.php?rest_route=\/wp\/v2\/pages"}],"about":[{"href":"https:\/\/aifcampania.it\/index.php?rest_route=\/wp\/v2\/types\/page"}],"author":[{"embeddable":true,"href":"https:\/\/aifcampania.it\/index.php?rest_route=\/wp\/v2\/users\/1"}],"replies":[{"embeddable":true,"href":"https:\/\/aifcampania.it\/index.php?rest_route=%2Fwp%2Fv2%2Fcomments&post=32"}],"version-history":[{"count":67,"href":"https:\/\/aifcampania.it\/index.php?rest_route=\/wp\/v2\/pages\/32\/revisions"}],"predecessor-version":[{"id":250,"href":"https:\/\/aifcampania.it\/index.php?rest_route=\/wp\/v2\/pages\/32\/revisions\/250"}],"wp:attachment":[{"href":"https:\/\/aifcampania.it\/index.php?rest_route=%2Fwp%2Fv2%2Fmedia&parent=32"}],"curies":[{"name":"wp","href":"https:\/\/api.w.org\/{rel}","templated":true}]}}