{"id":378,"date":"2020-10-29T16:40:25","date_gmt":"2020-10-29T15:40:25","guid":{"rendered":"http:\/\/aifcampania.it\/?page_id=378"},"modified":"2021-04-15T07:55:34","modified_gmt":"2021-04-15T06:55:34","slug":"leadership-da-remoto","status":"publish","type":"page","link":"https:\/\/aifcampania.it\/?page_id=378","title":{"rendered":"Leadership da Remoto"},"content":{"rendered":"<div class=\"post-content\">\t\t<div data-elementor-type=\"wp-page\" data-elementor-id=\"378\" class=\"elementor elementor-378\">\n\t\t\t\t\t\t<div class=\"elementor-inner\">\n\t\t\t\t<div class=\"elementor-section-wrap\">\n\t\t\t\t\t\t\t\t\t<section class=\"elementor-section elementor-top-section elementor-element elementor-element-6a169590 elementor-section-boxed elementor-section-height-default elementor-section-height-default\" data-id=\"6a169590\" data-element_type=\"section\">\n\t\t\t\t\t\t<div class=\"elementor-container elementor-column-gap-default\">\n\t\t\t\t\t\t\t<div class=\"elementor-row\">\n\t\t\t\t\t<div class=\"elementor-column elementor-col-100 elementor-top-column elementor-element elementor-element-539ad592\" data-id=\"539ad592\" data-element_type=\"column\">\n\t\t\t<div class=\"elementor-column-wrap elementor-element-populated\">\n\t\t\t\t\t\t\t<div class=\"elementor-widget-wrap\">\n\t\t\t\t\t\t<div class=\"elementor-element elementor-element-150e678a elementor-widget elementor-widget-heading\" data-id=\"150e678a\" data-element_type=\"widget\" data-widget_type=\"heading.default\">\n\t\t\t\t<div class=\"elementor-widget-container\">\n\t\t\t<h2 class=\"elementor-heading-title elementor-size-default\">WEBINAR      <br>12 novembre 2020 - ore 17.00<\/h2>\t\t<\/div>\n\t\t\t\t<\/div>\n\t\t\t\t\t\t<\/div>\n\t\t\t\t\t<\/div>\n\t\t<\/div>\n\t\t\t\t\t\t\t\t<\/div>\n\t\t\t\t\t<\/div>\n\t\t<\/section>\n\t\t\t\t<section class=\"elementor-section elementor-top-section elementor-element elementor-element-393c7f88 elementor-section-boxed elementor-section-height-default elementor-section-height-default\" data-id=\"393c7f88\" data-element_type=\"section\">\n\t\t\t\t\t\t<div class=\"elementor-container elementor-column-gap-default\">\n\t\t\t\t\t\t\t<div class=\"elementor-row\">\n\t\t\t\t\t<div class=\"elementor-column elementor-col-50 elementor-top-column elementor-element elementor-element-1aa3ad23\" data-id=\"1aa3ad23\" data-element_type=\"column\">\n\t\t\t<div class=\"elementor-column-wrap elementor-element-populated\">\n\t\t\t\t\t\t\t<div class=\"elementor-widget-wrap\">\n\t\t\t\t\t\t<div class=\"elementor-element elementor-element-108bf6e0 elementor-widget elementor-widget-text-editor\" data-id=\"108bf6e0\" data-element_type=\"widget\" data-widget_type=\"text-editor.default\">\n\t\t\t\t<div class=\"elementor-widget-container\">\n\t\t\t\t\t\t\t\t<div class=\"elementor-text-editor elementor-clearfix\">\n\t\t\t\t<p><!-- wp:group --><\/p><div class=\"rise-blocks-title\"><div class=\"rise-blocks-boxed rise-blocks-section-wrapper\"><div class=\"rise-blocks-section-inner\"><div class=\"wp-block-columns\"><div class=\"wp-block-column\"><section id=\"rise-blocks-heading-block-instance-0\"><div class=\"rise-blocks-heading-section wp-block-rise-blocks-heading left\"><h1><b>LEADERSHIP DA REMOTO<\/b><\/h1><h4><span style=\"color: #999999;\"><b>L&#8217;evoluzione della formazione e\u00a0<\/b><\/span><span style=\"color: #999999;\"><b> delle organizzazioni<\/b><\/span><\/h4><div class=\"rise-blocks-sub-description\"><p>Abbiamo necessit\u00e0 di adattarci velocemente ad un nuovo modo di lavorare, a tempi e spazi rivoluzionati improvvisamente: come possiamo noi, operatori della formazione, riorganizzare i nostri team di lavoro? Come possiamo ottimizzare tempi e flussi, preservando motivazione, entusiasmo, creativit\u00e0 delle nostre risorse? Come trasformiamo una risposta organizzativa emergenziale in un\u2019opportunit\u00e0 di miglioramento dei nostri servizi formativi?<\/p><p><b>OBIETTIVI<\/b><\/p><p>Comprendere quali strategie e modalit\u00e0 di organizzazione enti di formazione, formatori, coach possano adottare per affrontare questo periodo di profonda trasformazione<\/p><p><b>PROGRAMMA<\/b><\/p><ul><li>Scenari futuri: il contesto, le risorse, le necessit\u00e0<\/li><li>Nuovi modelli organizzativi per le imprese<\/li><li>Nuovi scenari per la formazione<\/li><li>Apprendimento emotivo<\/li><\/ul><p>Coordiner\u00e0 l&#8217;evento <strong>Immacolata Stizzo, <\/strong>Consigliere del direttivo della Campanaia.<\/p><\/div><\/div><\/section><p><!-- \/wp:rise-blocks\/heading --><\/p><\/div><p><!-- \/wp:column --><\/p><p><!-- wp:column --><\/p><p><!-- \/wp:column --><\/p><\/div><p><!-- \/wp:columns --><\/p><p><!-- wp:paragraph --><\/p><p><!-- \/wp:paragraph --><\/p><\/div><\/div><\/div><p><!-- \/wp:rise-blocks\/section --><\/p>\t\t\t\t\t<\/div>\n\t\t\t\t\t\t<\/div>\n\t\t\t\t<\/div>\n\t\t\t\t\t\t<\/div>\n\t\t\t\t\t<\/div>\n\t\t<\/div>\n\t\t\t\t<div class=\"elementor-column elementor-col-50 elementor-top-column elementor-element elementor-element-4549bba3\" data-id=\"4549bba3\" data-element_type=\"column\">\n\t\t\t<div class=\"elementor-column-wrap elementor-element-populated\">\n\t\t\t\t\t\t\t<div class=\"elementor-widget-wrap\">\n\t\t\t\t\t\t<div class=\"elementor-element elementor-element-21aff elementor-widget elementor-widget-gallery\" data-id=\"21aff\" data-element_type=\"widget\" data-settings=\"{&quot;gallery_layout&quot;:&quot;justified&quot;,&quot;gap&quot;:{&quot;unit&quot;:&quot;px&quot;,&quot;size&quot;:4,&quot;sizes&quot;:[]},&quot;ideal_row_height&quot;:{&quot;unit&quot;:&quot;px&quot;,&quot;size&quot;:396,&quot;sizes&quot;:[]},&quot;lazyload&quot;:&quot;yes&quot;,&quot;ideal_row_height_tablet&quot;:{&quot;unit&quot;:&quot;px&quot;,&quot;size&quot;:150,&quot;sizes&quot;:[]},&quot;ideal_row_height_mobile&quot;:{&quot;unit&quot;:&quot;px&quot;,&quot;size&quot;:150,&quot;sizes&quot;:[]},&quot;gap_tablet&quot;:{&quot;unit&quot;:&quot;px&quot;,&quot;size&quot;:10,&quot;sizes&quot;:[]},&quot;gap_mobile&quot;:{&quot;unit&quot;:&quot;px&quot;,&quot;size&quot;:10,&quot;sizes&quot;:[]},&quot;link_to&quot;:&quot;file&quot;,&quot;overlay_background&quot;:&quot;yes&quot;,&quot;content_hover_animation&quot;:&quot;fade-in&quot;}\" data-widget_type=\"gallery.default\">\n\t\t\t\t<div class=\"elementor-widget-container\">\n\t\t\t\t\t<div class=\"elementor-gallery__container\">\n\t\t\t\t\t\t\t<a class=\"e-gallery-item elementor-gallery-item elementor-animated-content\" href=\"https:\/\/aifcampania.it\/wp-content\/uploads\/2020\/10\/Leadership.jpg\" data-elementor-open-lightbox=\"yes\" data-elementor-lightbox-slideshow=\"all-21aff\" data-elementor-lightbox-title=\"Leadership\" data-e-action-hash=\"#elementor-action%3Aaction%3Dlightbox%26settings%3DeyJpZCI6MzgwLCJ1cmwiOiJodHRwczpcL1wvYWlmY2FtcGFuaWEuaXRcL3dwLWNvbnRlbnRcL3VwbG9hZHNcLzIwMjBcLzEwXC9MZWFkZXJzaGlwLmpwZyIsInNsaWRlc2hvdyI6ImFsbC0yMWFmZiJ9\">\n\t\t\t\t\t<div class=\"e-gallery-image elementor-gallery-item__image\" data-thumbnail=\"https:\/\/aifcampania.it\/wp-content\/uploads\/2020\/10\/Leadership.jpg\" data-width=\"362\" data-height=\"164\" alt=\"\" ><\/div>\n\t\t\t\t\t\t\t\t\t\t\t<div class=\"elementor-gallery-item__overlay\"><\/div>\n\t\t\t\t\t\t\t\t\t\t\t\t\t\t<\/a>\n\t\t\t\t\t<\/div>\n\t\t\t<\/div>\n\t\t\t\t<\/div>\n\t\t\t\t<div class=\"elementor-element elementor-element-666b2317 elementor-widget elementor-widget-text-editor\" data-id=\"666b2317\" data-element_type=\"widget\" data-widget_type=\"text-editor.default\">\n\t\t\t\t<div class=\"elementor-widget-container\">\n\t\t\t\t\t\t\t\t<div class=\"elementor-text-editor elementor-clearfix\">\n\t\t\t\t<p><strong>INTERVENTI <br><\/strong><\/p>\n<p><b><i>DANIELA CHIRU&nbsp;<\/i><\/b><\/p>\n<p>Senior Consultant in ambito HR Innovation gestisce progetti di Adaptive e Learning Organization, di change management e trasformazione digitale, Esperta in competenze manageriali e leadership antifragile, Direttore Scientifico e Docente ai Master in Human Resources Management, Certificata nell&#8217;utilizzo di metodologie e linguaggi innovativi.<\/p>\t\t\t\t\t<\/div>\n\t\t\t\t\t\t<\/div>\n\t\t\t\t<\/div>\n\t\t\t\t<div class=\"elementor-element elementor-element-8ab49da elementor-widget elementor-widget-text-editor\" data-id=\"8ab49da\" data-element_type=\"widget\" data-widget_type=\"text-editor.default\">\n\t\t\t\t<div class=\"elementor-widget-container\">\n\t\t\t\t\t\t\t\t<div class=\"elementor-text-editor elementor-clearfix\">\n\t\t\t\t<p><b>Numero crediti e posti disponibili<\/b><\/p><p>La partecipazione \u00e8 gratuita per i soci e non soci AIF. Sar\u00e0 data priorit\u00e0 ai soci della Campania e, quindi, a quelli delle altre regioni in regola con l\u2019iscrizione annuale per il 2020. Numero massimo di iscritti: 50 partecipanti. Rilascio di 0,5 crediti per i soci AIF<\/p><p>Per info scrivi a campania@associazioneitalianaformatori.it<\/p><p>&#8230;&#8230;.<\/p><p>DOVE: ZOOM Meeting<\/p>\t\t\t\t\t<\/div>\n\t\t\t\t\t\t<\/div>\n\t\t\t\t<\/div>\n\t\t\t\t\t\t<\/div>\n\t\t\t\t\t<\/div>\n\t\t<\/div>\n\t\t\t\t\t\t\t\t<\/div>\n\t\t\t\t\t<\/div>\n\t\t<\/section>\n\t\t\t\t<section class=\"elementor-section elementor-top-section elementor-element elementor-element-3fa7ccae elementor-section-boxed elementor-section-height-default elementor-section-height-default\" data-id=\"3fa7ccae\" data-element_type=\"section\">\n\t\t\t\t\t\t<div class=\"elementor-container elementor-column-gap-default\">\n\t\t\t\t\t\t\t<div class=\"elementor-row\">\n\t\t\t\t\t<div class=\"elementor-column elementor-col-100 elementor-top-column elementor-element elementor-element-135d2ed4\" data-id=\"135d2ed4\" data-element_type=\"column\">\n\t\t\t<div class=\"elementor-column-wrap elementor-element-populated\">\n\t\t\t\t\t\t\t<div class=\"elementor-widget-wrap\">\n\t\t\t\t\t\t<div class=\"elementor-element elementor-element-2ff22567 elementor-widget elementor-widget-heading\" data-id=\"2ff22567\" data-element_type=\"widget\" data-widget_type=\"heading.default\">\n\t\t\t\t<div class=\"elementor-widget-container\">\n\t\t\t<h2 class=\"elementor-heading-title elementor-size-default\">ISCRIVITI ORA <\/h2>\t\t<\/div>\n\t\t\t\t<\/div>\n\t\t\t\t\t\t<\/div>\n\t\t\t\t\t<\/div>\n\t\t<\/div>\n\t\t\t\t\t\t\t\t<\/div>\n\t\t\t\t\t<\/div>\n\t\t<\/section>\n\t\t\t\t<section class=\"elementor-section elementor-top-section elementor-element elementor-element-5bb78fb3 elementor-section-boxed elementor-section-height-default elementor-section-height-default\" data-id=\"5bb78fb3\" data-element_type=\"section\">\n\t\t\t\t\t\t<div class=\"elementor-container elementor-column-gap-default\">\n\t\t\t\t\t\t\t<div class=\"elementor-row\">\n\t\t\t\t\t<div class=\"elementor-column elementor-col-100 elementor-top-column elementor-element elementor-element-3d3dbe32\" data-id=\"3d3dbe32\" data-element_type=\"column\">\n\t\t\t<div class=\"elementor-column-wrap elementor-element-populated\">\n\t\t\t\t\t\t\t<div class=\"elementor-widget-wrap\">\n\t\t\t\t\t\t<div class=\"elementor-element elementor-element-e48f9bb elementor-button-align-stretch elementor-widget elementor-widget-form\" data-id=\"e48f9bb\" data-element_type=\"widget\" data-settings=\"{&quot;button_width&quot;:&quot;100&quot;,&quot;step_next_label&quot;:&quot;Successivo&quot;,&quot;step_previous_label&quot;:&quot;Precedente&quot;,&quot;step_type&quot;:&quot;number_text&quot;,&quot;step_icon_shape&quot;:&quot;circle&quot;}\" data-widget_type=\"form.default\">\n\t\t\t\t<div class=\"elementor-widget-container\">\n\t\t\t\t\t<form class=\"elementor-form\" method=\"post\" name=\"AIF Iscrizioni\">\n\t\t\t<input type=\"hidden\" name=\"post_id\" value=\"378\"\/>\n\t\t\t<input type=\"hidden\" name=\"form_id\" value=\"e48f9bb\"\/>\n\t\t\t<input type=\"hidden\" name=\"referer_title\" value=\"\" \/>\n\n\t\t\t\n\t\t\t<div class=\"elementor-form-fields-wrapper elementor-labels-above\">\n\t\t\t\t\t\t\t\t<div class=\"elementor-field-type-text elementor-field-group elementor-column elementor-field-group-name elementor-col-100\">\n\t\t\t\t\t\t\t\t\t\t\t\t<label for=\"form-field-name\" class=\"elementor-field-label\">\n\t\t\t\t\t\t\t\tName\t\t\t\t\t\t\t<\/label>\n\t\t\t\t\t\t\t\t\t\t\t\t\t\t<input size=\"1\" type=\"text\" name=\"form_fields[name]\" id=\"form-field-name\" class=\"elementor-field elementor-size-sm  elementor-field-textual\" placeholder=\"Name\">\n\t\t\t\t\t\t\t\t\t\t\t<\/div>\n\t\t\t\t\t\t\t\t<div class=\"elementor-field-type-text elementor-field-group elementor-column elementor-field-group-field_76438a5 elementor-col-100\">\n\t\t\t\t\t\t\t\t\t\t\t\t<label for=\"form-field-field_76438a5\" class=\"elementor-field-label\">\n\t\t\t\t\t\t\t\tCognome \t\t\t\t\t\t\t<\/label>\n\t\t\t\t\t\t\t\t\t\t\t\t\t\t<input size=\"1\" type=\"text\" name=\"form_fields[field_76438a5]\" id=\"form-field-field_76438a5\" class=\"elementor-field elementor-size-sm  elementor-field-textual\" placeholder=\"Cognome \">\n\t\t\t\t\t\t\t\t\t\t\t<\/div>\n\t\t\t\t\t\t\t\t<div class=\"elementor-field-type-email elementor-field-group elementor-column elementor-field-group-email elementor-col-100 elementor-field-required\">\n\t\t\t\t\t\t\t\t\t\t\t\t<label for=\"form-field-email\" class=\"elementor-field-label\">\n\t\t\t\t\t\t\t\tEmail\t\t\t\t\t\t\t<\/label>\n\t\t\t\t\t\t\t\t\t\t\t\t\t\t<input size=\"1\" type=\"email\" name=\"form_fields[email]\" id=\"form-field-email\" class=\"elementor-field elementor-size-sm  elementor-field-textual\" placeholder=\"Email\" required=\"required\" aria-required=\"true\">\n\t\t\t\t\t\t\t\t\t\t\t<\/div>\n\t\t\t\t\t\t\t\t<div class=\"elementor-field-group elementor-column elementor-field-type-submit elementor-col-100 e-form__buttons\">\n\t\t\t\t\t<button type=\"submit\" class=\"elementor-button elementor-size-sm\">\n\t\t\t\t\t\t<span >\n\t\t\t\t\t\t\t\t\t\t\t\t\t\t\t<span class=\" elementor-button-icon\">\n\t\t\t\t\t\t\t\t\t\t\t\t\t\t\t\t\t\t\t\t\t\t\t\t\t\t<\/span>\n\t\t\t\t\t\t\t\t\t\t\t\t\t\t\t\t\t\t\t\t\t\t<span class=\"elementor-button-text\">Send<\/span>\n\t\t\t\t\t\t\t\t\t\t\t\t\t<\/span>\n\t\t\t\t\t<\/button>\n\t\t\t\t<\/div>\n\t\t\t<\/div>\n\t\t<\/form>\n\t\t\t\t<\/div>\n\t\t\t\t<\/div>\n\t\t\t\t\t\t<\/div>\n\t\t\t\t\t<\/div>\n\t\t<\/div>\n\t\t\t\t\t\t\t\t<\/div>\n\t\t\t\t\t<\/div>\n\t\t<\/section>\n\t\t\t\t\t\t\t\t\t<\/div>\n\t\t\t<\/div>\n\t\t\t\t\t<\/div>\n\t\t<\/div>","protected":false},"excerpt":{"rendered":"<div class=\"entry-content-stat post-content\"><p>WEBINAR 12 novembre 2020 &#8211; ore 17.00 LEADERSHIP DA REMOTOL&#8217;evoluzione<\/p>\n<\/div><a href=\"https:\/\/aifcampania.it\/?page_id=378\">Read More<i class=\"fa fa-long-arrow-right\" aria-hidden=\"true\"><\/i><\/a>","protected":false},"author":1,"featured_media":0,"parent":0,"menu_order":0,"comment_status":"closed","ping_status":"closed","template":"","meta":[],"rise-blocks_excerpt":"WEBINAR 12 novembre 2020 &#8211; ore 17.00 LEADERSHIP DA REMOTOL&#8217;evoluzione della formazione e\u00a0 delle organizzazioniAbbiamo necessit\u00e0 di adattarci velocemente ad un nuovo modo di lavorare, a tempi e spazi rivoluzionati improvvisamente: come possiamo noi, operatori della formazione, riorganizzare i nostri team di lavoro? Come possiamo ottimizzare tempi e flussi, preservando motivazione, entusiasmo, creativit\u00e0 delle nostre risorse? Come trasformiamo una risposta..","_links":{"self":[{"href":"https:\/\/aifcampania.it\/index.php?rest_route=\/wp\/v2\/pages\/378"}],"collection":[{"href":"https:\/\/aifcampania.it\/index.php?rest_route=\/wp\/v2\/pages"}],"about":[{"href":"https:\/\/aifcampania.it\/index.php?rest_route=\/wp\/v2\/types\/page"}],"author":[{"embeddable":true,"href":"https:\/\/aifcampania.it\/index.php?rest_route=\/wp\/v2\/users\/1"}],"replies":[{"embeddable":true,"href":"https:\/\/aifcampania.it\/index.php?rest_route=%2Fwp%2Fv2%2Fcomments&post=378"}],"version-history":[{"count":4,"href":"https:\/\/aifcampania.it\/index.php?rest_route=\/wp\/v2\/pages\/378\/revisions"}],"predecessor-version":[{"id":571,"href":"https:\/\/aifcampania.it\/index.php?rest_route=\/wp\/v2\/pages\/378\/revisions\/571"}],"wp:attachment":[{"href":"https:\/\/aifcampania.it\/index.php?rest_route=%2Fwp%2Fv2%2Fmedia&parent=378"}],"curies":[{"name":"wp","href":"https:\/\/api.w.org\/{rel}","templated":true}]}}