{"id":564,"date":"2021-04-15T07:53:37","date_gmt":"2021-04-15T06:53:37","guid":{"rendered":"https:\/\/aifcampania.it\/?page_id=564"},"modified":"2021-04-16T09:13:15","modified_gmt":"2021-04-16T08:13:15","slug":"erica-rizziato","status":"publish","type":"page","link":"https:\/\/aifcampania.it\/?page_id=564","title":{"rendered":"Erica Rizziato"},"content":{"rendered":"<div class=\"post-content\">\t\t<div data-elementor-type=\"wp-page\" data-elementor-id=\"564\" class=\"elementor elementor-564\">\n\t\t\t\t\t\t<div class=\"elementor-inner\">\n\t\t\t\t<div class=\"elementor-section-wrap\">\n\t\t\t\t\t\t\t\t\t<section class=\"elementor-section elementor-top-section elementor-element elementor-element-e242e8c elementor-section-boxed elementor-section-height-default elementor-section-height-default\" data-id=\"e242e8c\" data-element_type=\"section\">\n\t\t\t\t\t\t<div class=\"elementor-container elementor-column-gap-default\">\n\t\t\t\t\t\t\t<div class=\"elementor-row\">\n\t\t\t\t\t<div class=\"elementor-column elementor-col-100 elementor-top-column elementor-element elementor-element-b0ffbbb\" data-id=\"b0ffbbb\" data-element_type=\"column\">\n\t\t\t<div class=\"elementor-column-wrap elementor-element-populated\">\n\t\t\t\t\t\t\t<div class=\"elementor-widget-wrap\">\n\t\t\t\t\t\t<div class=\"elementor-element elementor-element-39139483 elementor-widget elementor-widget-heading\" data-id=\"39139483\" data-element_type=\"widget\" data-widget_type=\"heading.default\">\n\t\t\t\t<div class=\"elementor-widget-container\">\n\t\t\t<h2 class=\"elementor-heading-title elementor-size-default\">SEMINARIO FORMATIVO<br><br>LEADERSHIP ORIZZONTALE E ORGANIZZAZIONI INTEGRATE<br>CAMBIARE IL MODO DI CAMBIARE <\/h2>\t\t<\/div>\n\t\t\t\t<\/div>\n\t\t\t\t\t\t<\/div>\n\t\t\t\t\t<\/div>\n\t\t<\/div>\n\t\t\t\t\t\t\t\t<\/div>\n\t\t\t\t\t<\/div>\n\t\t<\/section>\n\t\t\t\t<section class=\"elementor-section elementor-top-section elementor-element elementor-element-c7ddfdf elementor-section-boxed elementor-section-height-default elementor-section-height-default\" data-id=\"c7ddfdf\" data-element_type=\"section\">\n\t\t\t\t\t\t<div class=\"elementor-container elementor-column-gap-default\">\n\t\t\t\t\t\t\t<div class=\"elementor-row\">\n\t\t\t\t\t<div class=\"elementor-column elementor-col-50 elementor-top-column elementor-element elementor-element-58b69aa9\" data-id=\"58b69aa9\" data-element_type=\"column\">\n\t\t\t<div class=\"elementor-column-wrap elementor-element-populated\">\n\t\t\t\t\t\t\t<div class=\"elementor-widget-wrap\">\n\t\t\t\t\t\t<div class=\"elementor-element elementor-element-4b91374a elementor-widget elementor-widget-text-editor\" data-id=\"4b91374a\" data-element_type=\"widget\" data-widget_type=\"text-editor.default\">\n\t\t\t\t<div class=\"elementor-widget-container\">\n\t\t\t\t\t\t\t\t<div class=\"elementor-text-editor elementor-clearfix\">\n\t\t\t\t<h3 style=\"text-align: center;\"><img decoding=\"async\" loading=\"lazy\" class=\"aligncenter\" src=\"https:\/\/static.xx.fbcdn.net\/images\/emoji.php\/v9\/t10\/1.5\/16\/1f58b.png\" alt=\"\ud83d\udd8b\" width=\"16\" height=\"16\" \/><strong><span style=\"color: #003366;\">Marted\u00ec 20 aprile 2021 &#8211; ore 17.30<\/span><\/strong><\/h3><h3 style=\"text-align: center;\"><span style=\"color: #003366;\"><strong>Associazione Italiana Formatori Delegazione Campania<\/strong><\/span><\/h3><h3 style=\"text-align: center;\"><span style=\"color: #003366;\">e <br \/><\/span><\/h3><h3 style=\"text-align: center;\"><span style=\"color: #003366;\"><strong>AIDP Campania<\/strong><\/span><\/h3><h3 style=\"text-align: center;\"><span style=\"color: #003366;\"><strong>o<\/strong>rganizzano un seminario formativo con la partecipazione di\u00a0\u00a0 <\/span><\/h3><h2 style=\"text-align: center;\"><strong>Elena Rizziato<\/strong><\/h2><h4 style=\"text-align: center;\"><em>che illustrer\u00e0 <\/em><i>la leadership orizzontale e la metodologia per la costruzione di organizzazioni integrate (LOOI<\/i>).<\/h4><p style=\"text-align: center;\">La metodologia proposta \u00e8 il risultato di un processo di ricerca-azione: consente alle organizzazioni di divenire moderne \u201ccomunit\u00e0\u201d di senso umano e sociale, cio\u00e8 delle organizzazioni integrate.<\/p><p style=\"text-align: center;\">introdurranno e coordineranno l&#8217;intervento :<\/p><h4 style=\"text-align: center;\">Matilde Marandola, presidente di AIDP Campania\u00a0 Mario Vitolo presidente di AIF Campania.<\/h4>\t\t\t\t\t<\/div>\n\t\t\t\t\t\t<\/div>\n\t\t\t\t<\/div>\n\t\t\t\t<div class=\"elementor-element elementor-element-3d56346 elementor-widget elementor-widget-image\" data-id=\"3d56346\" data-element_type=\"widget\" data-widget_type=\"image.default\">\n\t\t\t\t<div class=\"elementor-widget-container\">\n\t\t\t\t\t\t\t\t<div class=\"elementor-image\">\n\t\t\t\t\t\t\t\t\t\t\t\t<img decoding=\"async\" width=\"400\" height=\"156\" src=\"https:\/\/aifcampania.it\/wp-content\/uploads\/2021\/04\/AIF-AIDP-tt.png\" class=\"attachment-large size-large wp-image-581\" alt=\"\" loading=\"lazy\" srcset=\"https:\/\/aifcampania.it\/wp-content\/uploads\/2021\/04\/AIF-AIDP-tt.png 400w, https:\/\/aifcampania.it\/wp-content\/uploads\/2021\/04\/AIF-AIDP-tt-300x117.png 300w\" sizes=\"(max-width: 400px) 100vw, 400px\" \/>\t\t\t\t\t\t\t\t\t\t\t\t\t\t<\/div>\n\t\t\t\t\t\t<\/div>\n\t\t\t\t<\/div>\n\t\t\t\t<div class=\"elementor-element elementor-element-3231585 elementor-widget elementor-widget-text-editor\" data-id=\"3231585\" data-element_type=\"widget\" data-widget_type=\"text-editor.default\">\n\t\t\t\t<div class=\"elementor-widget-container\">\n\t\t\t\t\t\t\t\t<div class=\"elementor-text-editor elementor-clearfix\">\n\t\t\t\t<p><b>Numero crediti e posti disponibili<\/b><\/p><p>La partecipazione \u00e8 gratuita per i soci e non soci AIF. Sar\u00e0 data priorit\u00e0 ai soci della Campania ed ai soci di AIDP Campania, quindi, a quelli delle altre regioni in regola con l\u2019iscrizione annuale per il 2021. Numero massimo di iscritti: 50 partecipanti. Rilascio di 0,5 crediti per i soci AIF<\/p><p>Per info scrivi a campania@associazioneitalianaformatori.it<\/p><p>&#8230;&#8230;.<\/p><p>DOVE: ZOOM Meeting<\/p>\t\t\t\t\t<\/div>\n\t\t\t\t\t\t<\/div>\n\t\t\t\t<\/div>\n\t\t\t\t\t\t<\/div>\n\t\t\t\t\t<\/div>\n\t\t<\/div>\n\t\t\t\t<div class=\"elementor-column elementor-col-50 elementor-top-column elementor-element elementor-element-4edf0a8\" data-id=\"4edf0a8\" data-element_type=\"column\">\n\t\t\t<div class=\"elementor-column-wrap elementor-element-populated\">\n\t\t\t\t\t\t\t<div class=\"elementor-widget-wrap\">\n\t\t\t\t\t\t<div class=\"elementor-element elementor-element-e7fee60 elementor-widget elementor-widget-image\" data-id=\"e7fee60\" data-element_type=\"widget\" data-widget_type=\"image.default\">\n\t\t\t\t<div class=\"elementor-widget-container\">\n\t\t\t\t\t\t\t\t<div class=\"elementor-image\">\n\t\t\t\t\t\t\t\t\t\t\t\t<img decoding=\"async\" width=\"280\" height=\"280\" src=\"https:\/\/aifcampania.it\/wp-content\/uploads\/2021\/04\/1516791707515.jpg\" class=\"attachment-large size-large wp-image-566\" alt=\"\" loading=\"lazy\" srcset=\"https:\/\/aifcampania.it\/wp-content\/uploads\/2021\/04\/1516791707515.jpg 280w, https:\/\/aifcampania.it\/wp-content\/uploads\/2021\/04\/1516791707515-150x150.jpg 150w\" sizes=\"(max-width: 280px) 100vw, 280px\" \/>\t\t\t\t\t\t\t\t\t\t\t\t\t\t<\/div>\n\t\t\t\t\t\t<\/div>\n\t\t\t\t<\/div>\n\t\t\t\t<div class=\"elementor-element elementor-element-002d5e0 elementor-widget elementor-widget-text-editor\" data-id=\"002d5e0\" data-element_type=\"widget\" data-widget_type=\"text-editor.default\">\n\t\t\t\t<div class=\"elementor-widget-container\">\n\t\t\t\t\t\t\t\t<div class=\"elementor-text-editor elementor-clearfix\">\n\t\t\t\t<p style=\"text-align: center;\">Responsabile della linea di ricerca &#8220;Sviluppo Organizzarivo, locale e multidisciplinarit\u00e0&#8221; presso il <strong>CNR-IRCRES<\/strong>. Fondatrice di <strong>IMO Italia,\u00a0<\/strong>una community di consulenti, formatori e ricercatori attiva in 10 paesi. Autrice del testo edito da Franco Angeli nell&#8217;ambito della collana AIF, <em><strong>&#8220;Verso un umanesimo della vita organizzativa &#8211; Generare sviluppo nella complessit\u00e0 con la leadership orizzontale&#8221;<\/strong><\/em><\/p>\t\t\t\t\t<\/div>\n\t\t\t\t\t\t<\/div>\n\t\t\t\t<\/div>\n\t\t\t\t<div class=\"elementor-element elementor-element-376c2b1 elementor-view-default elementor-widget elementor-widget-icon\" data-id=\"376c2b1\" data-element_type=\"widget\" data-widget_type=\"icon.default\">\n\t\t\t\t<div class=\"elementor-widget-container\">\n\t\t\t\t\t<div class=\"elementor-icon-wrapper\">\n\t\t\t<a class=\"elementor-icon\" href=\"http:\/\/linkedin.com\/in\/erica-rizziato-29984518\">\n\t\t\t<i aria-hidden=\"true\" class=\"fab fa-linkedin\"><\/i>\t\t\t<\/a>\n\t\t<\/div>\n\t\t\t\t<\/div>\n\t\t\t\t<\/div>\n\t\t\t\t<div class=\"elementor-element elementor-element-26da5d2 elementor-widget elementor-widget-image\" data-id=\"26da5d2\" data-element_type=\"widget\" data-widget_type=\"image.default\">\n\t\t\t\t<div class=\"elementor-widget-container\">\n\t\t\t\t\t\t\t\t<div class=\"elementor-image\">\n\t\t\t\t\t\t\t\t\t\t\t\t<img decoding=\"async\" width=\"337\" height=\"512\" src=\"https:\/\/aifcampania.it\/wp-content\/uploads\/2021\/03\/unnamed.jpg\" class=\"attachment-large size-large wp-image-488\" alt=\"\" loading=\"lazy\" srcset=\"https:\/\/aifcampania.it\/wp-content\/uploads\/2021\/03\/unnamed.jpg 337w, https:\/\/aifcampania.it\/wp-content\/uploads\/2021\/03\/unnamed-197x300.jpg 197w\" sizes=\"(max-width: 337px) 100vw, 337px\" \/>\t\t\t\t\t\t\t\t\t\t\t\t\t\t<\/div>\n\t\t\t\t\t\t<\/div>\n\t\t\t\t<\/div>\n\t\t\t\t<div class=\"elementor-element elementor-element-1ec8117 elementor-widget elementor-widget-text-editor\" data-id=\"1ec8117\" data-element_type=\"widget\" data-widget_type=\"text-editor.default\">\n\t\t\t\t<div class=\"elementor-widget-container\">\n\t\t\t\t\t\t\t\t<div class=\"elementor-text-editor elementor-clearfix\">\n\t\t\t\t<p>\u00a0<em>\u201cpu\u00f2 l\u2019industria darsi dei fini? Esistono questi fini solo nell\u2019indice dei profitti o non c\u2019\u00e8 una trama ideale, una vocazione, anche nella vita di fabbrica?\u201d &#8211; Adriano Olivetti.<\/em><\/p>\t\t\t\t\t<\/div>\n\t\t\t\t\t\t<\/div>\n\t\t\t\t<\/div>\n\t\t\t\t\t\t<\/div>\n\t\t\t\t\t<\/div>\n\t\t<\/div>\n\t\t\t\t\t\t\t\t<\/div>\n\t\t\t\t\t<\/div>\n\t\t<\/section>\n\t\t\t\t<section class=\"elementor-section elementor-top-section elementor-element elementor-element-5c32104 elementor-section-boxed elementor-section-height-default elementor-section-height-default\" data-id=\"5c32104\" data-element_type=\"section\">\n\t\t\t\t\t\t<div class=\"elementor-container elementor-column-gap-default\">\n\t\t\t\t\t\t\t<div class=\"elementor-row\">\n\t\t\t\t\t<div class=\"elementor-column elementor-col-100 elementor-top-column elementor-element elementor-element-dc198ab\" data-id=\"dc198ab\" data-element_type=\"column\">\n\t\t\t<div class=\"elementor-column-wrap elementor-element-populated\">\n\t\t\t\t\t\t\t<div class=\"elementor-widget-wrap\">\n\t\t\t\t\t\t<div class=\"elementor-element elementor-element-89bf84a elementor-align-justify elementor-widget elementor-widget-button\" data-id=\"89bf84a\" data-element_type=\"widget\" data-widget_type=\"button.default\">\n\t\t\t\t<div class=\"elementor-widget-container\">\n\t\t\t\t\t<div class=\"elementor-button-wrapper\">\n\t\t\t<a href=\"https:\/\/us02web.zoom.us\/meeting\/register\/tZYrceGprjstEtedS6f7jjSZ3OZ5Gp2O53Dh\" class=\"elementor-button-link elementor-button elementor-size-xl\" role=\"button\">\n\t\t\t\t\t\t<span class=\"elementor-button-content-wrapper\">\n\t\t\t\t\t\t<span class=\"elementor-button-text\">ISCRIVITI SUBITO <\/span>\n\t\t<\/span>\n\t\t\t\t\t<\/a>\n\t\t<\/div>\n\t\t\t\t<\/div>\n\t\t\t\t<\/div>\n\t\t\t\t\t\t<\/div>\n\t\t\t\t\t<\/div>\n\t\t<\/div>\n\t\t\t\t\t\t\t\t<\/div>\n\t\t\t\t\t<\/div>\n\t\t<\/section>\n\t\t\t\t\t\t\t\t\t<\/div>\n\t\t\t<\/div>\n\t\t\t\t\t<\/div>\n\t\t<\/div>","protected":false},"excerpt":{"rendered":"<div class=\"entry-content-stat post-content\"><p>SEMINARIO FORMATIVOLEADERSHIP ORIZZONTALE E ORGANIZZAZIONI INTEGRATECAMBIARE IL MODO DI CAMBIARE<\/p>\n<\/div><a href=\"https:\/\/aifcampania.it\/?page_id=564\">Read More<i class=\"fa fa-long-arrow-right\" aria-hidden=\"true\"><\/i><\/a>","protected":false},"author":1,"featured_media":0,"parent":0,"menu_order":0,"comment_status":"closed","ping_status":"closed","template":"","meta":[],"rise-blocks_excerpt":"SEMINARIO FORMATIVOLEADERSHIP ORIZZONTALE E ORGANIZZAZIONI INTEGRATECAMBIARE IL MODO DI CAMBIARE Marted\u00ec 20 aprile 2021 &#8211; ore 17.30Associazione Italiana Formatori Delegazione Campaniae AIDP Campaniaorganizzano un seminario formativo con la partecipazione di\u00a0\u00a0 Elena Rizziatoche illustrer\u00e0 la leadership orizzontale e la metodologia per la costruzione di organizzazioni integrate (LOOI).La metodologia proposta \u00e8 il risultato di un processo di ricerca-azione: consente alle organizzazioni di..","_links":{"self":[{"href":"https:\/\/aifcampania.it\/index.php?rest_route=\/wp\/v2\/pages\/564"}],"collection":[{"href":"https:\/\/aifcampania.it\/index.php?rest_route=\/wp\/v2\/pages"}],"about":[{"href":"https:\/\/aifcampania.it\/index.php?rest_route=\/wp\/v2\/types\/page"}],"author":[{"embeddable":true,"href":"https:\/\/aifcampania.it\/index.php?rest_route=\/wp\/v2\/users\/1"}],"replies":[{"embeddable":true,"href":"https:\/\/aifcampania.it\/index.php?rest_route=%2Fwp%2Fv2%2Fcomments&post=564"}],"version-history":[{"count":17,"href":"https:\/\/aifcampania.it\/index.php?rest_route=\/wp\/v2\/pages\/564\/revisions"}],"predecessor-version":[{"id":590,"href":"https:\/\/aifcampania.it\/index.php?rest_route=\/wp\/v2\/pages\/564\/revisions\/590"}],"wp:attachment":[{"href":"https:\/\/aifcampania.it\/index.php?rest_route=%2Fwp%2Fv2%2Fmedia&parent=564"}],"curies":[{"name":"wp","href":"https:\/\/api.w.org\/{rel}","templated":true}]}}