{"id":596,"date":"2021-05-11T19:40:11","date_gmt":"2021-05-11T18:40:11","guid":{"rendered":"https:\/\/aifcampania.it\/?page_id=596"},"modified":"2021-05-20T22:29:58","modified_gmt":"2021-05-20T21:29:58","slug":"effetto-digitale","status":"publish","type":"page","link":"https:\/\/aifcampania.it\/?page_id=596","title":{"rendered":"Effetto Digitale"},"content":{"rendered":"<div class=\"post-content\">\t\t<div data-elementor-type=\"wp-page\" data-elementor-id=\"596\" class=\"elementor elementor-596\">\n\t\t\t\t\t\t<div class=\"elementor-inner\">\n\t\t\t\t<div class=\"elementor-section-wrap\">\n\t\t\t\t\t\t\t\t\t<section class=\"elementor-section elementor-top-section elementor-element elementor-element-0a16119 elementor-section-boxed elementor-section-height-default elementor-section-height-default\" data-id=\"0a16119\" data-element_type=\"section\">\n\t\t\t\t\t\t<div class=\"elementor-container elementor-column-gap-default\">\n\t\t\t\t\t\t\t<div class=\"elementor-row\">\n\t\t\t\t\t<div class=\"elementor-column elementor-col-100 elementor-top-column elementor-element elementor-element-9247a99\" data-id=\"9247a99\" data-element_type=\"column\">\n\t\t\t<div class=\"elementor-column-wrap elementor-element-populated\">\n\t\t\t\t\t\t\t<div class=\"elementor-widget-wrap\">\n\t\t\t\t\t\t<div class=\"elementor-element elementor-element-471c5ffa animated-slow elementor-invisible elementor-widget elementor-widget-heading\" data-id=\"471c5ffa\" data-element_type=\"widget\" data-settings=\"{&quot;_animation&quot;:&quot;slideInRight&quot;}\" data-widget_type=\"heading.default\">\n\t\t\t\t<div class=\"elementor-widget-container\">\n\t\t\t<h4 class=\"elementor-heading-title elementor-size-default\">I FORMATORI INCONTRANO L'AUTORE    <\/h4>\t\t<\/div>\n\t\t\t\t<\/div>\n\t\t\t\t\t\t<\/div>\n\t\t\t\t\t<\/div>\n\t\t<\/div>\n\t\t\t\t\t\t\t\t<\/div>\n\t\t\t\t\t<\/div>\n\t\t<\/section>\n\t\t\t\t<section class=\"elementor-section elementor-top-section elementor-element elementor-element-71dfede9 elementor-section-boxed elementor-section-height-default elementor-section-height-default\" data-id=\"71dfede9\" data-element_type=\"section\">\n\t\t\t\t\t\t<div class=\"elementor-container elementor-column-gap-default\">\n\t\t\t\t\t\t\t<div class=\"elementor-row\">\n\t\t\t\t\t<div class=\"elementor-column elementor-col-100 elementor-top-column elementor-element elementor-element-69f6027\" data-id=\"69f6027\" data-element_type=\"column\">\n\t\t\t<div class=\"elementor-column-wrap elementor-element-populated\">\n\t\t\t\t\t\t\t<div class=\"elementor-widget-wrap\">\n\t\t\t\t\t\t<div class=\"elementor-element elementor-element-10932d6 elementor-widget elementor-widget-heading\" data-id=\"10932d6\" data-element_type=\"widget\" data-widget_type=\"heading.default\">\n\t\t\t\t<div class=\"elementor-widget-container\">\n\t\t\t<h1 class=\"elementor-heading-title elementor-size-default\">EFFETTO DIGITALE - VISIONI D'IMPRESA E INDUSTRIA 5.0 \n<\/h1>\t\t<\/div>\n\t\t\t\t<\/div>\n\t\t\t\t\t\t<\/div>\n\t\t\t\t\t<\/div>\n\t\t<\/div>\n\t\t\t\t\t\t\t\t<\/div>\n\t\t\t\t\t<\/div>\n\t\t<\/section>\n\t\t\t\t<section class=\"elementor-section elementor-top-section elementor-element elementor-element-336a5150 elementor-section-full_width elementor-section-content-middle elementor-section-height-default elementor-section-height-default\" data-id=\"336a5150\" data-element_type=\"section\">\n\t\t\t\t\t\t<div class=\"elementor-container elementor-column-gap-no\">\n\t\t\t\t\t\t\t<div class=\"elementor-row\">\n\t\t\t\t\t<div class=\"elementor-column elementor-col-33 elementor-top-column elementor-element elementor-element-150c0311\" data-id=\"150c0311\" data-element_type=\"column\" data-settings=\"{&quot;background_background&quot;:&quot;classic&quot;}\">\n\t\t\t<div class=\"elementor-column-wrap elementor-element-populated\">\n\t\t\t\t\t\t\t<div class=\"elementor-widget-wrap\">\n\t\t\t\t\t\t\t\t<\/div>\n\t\t\t\t\t<\/div>\n\t\t<\/div>\n\t\t\t\t<div class=\"elementor-column elementor-col-33 elementor-top-column elementor-element elementor-element-65b7ff0a\" data-id=\"65b7ff0a\" data-element_type=\"column\">\n\t\t\t<div class=\"elementor-column-wrap elementor-element-populated\">\n\t\t\t\t\t\t\t<div class=\"elementor-widget-wrap\">\n\t\t\t\t\t\t<section class=\"elementor-section elementor-inner-section elementor-element elementor-element-5cb402f5 elementor-section-boxed elementor-section-height-default elementor-section-height-default\" data-id=\"5cb402f5\" data-element_type=\"section\">\n\t\t\t\t\t\t<div class=\"elementor-container elementor-column-gap-no\">\n\t\t\t\t\t\t\t<div class=\"elementor-row\">\n\t\t\t\t\t<div class=\"elementor-column elementor-col-50 elementor-inner-column elementor-element elementor-element-30b6daee\" data-id=\"30b6daee\" data-element_type=\"column\">\n\t\t\t<div class=\"elementor-column-wrap elementor-element-populated\">\n\t\t\t\t\t\t\t<div class=\"elementor-widget-wrap\">\n\t\t\t\t\t\t<div class=\"elementor-element elementor-element-42ddfd92 elementor-widget elementor-widget-heading\" data-id=\"42ddfd92\" data-element_type=\"widget\" data-widget_type=\"heading.default\">\n\t\t\t\t<div class=\"elementor-widget-container\">\n\t\t\t<span class=\"elementor-heading-title elementor-size-default\">20<\/span>\t\t<\/div>\n\t\t\t\t<\/div>\n\t\t\t\t\t\t<\/div>\n\t\t\t\t\t<\/div>\n\t\t<\/div>\n\t\t\t\t<div class=\"elementor-column elementor-col-50 elementor-inner-column elementor-element elementor-element-33a5a34f\" data-id=\"33a5a34f\" data-element_type=\"column\">\n\t\t\t<div class=\"elementor-column-wrap elementor-element-populated\">\n\t\t\t\t\t\t\t<div class=\"elementor-widget-wrap\">\n\t\t\t\t\t\t<div class=\"elementor-element elementor-element-7557d818 elementor-widget elementor-widget-heading\" data-id=\"7557d818\" data-element_type=\"widget\" data-widget_type=\"heading.default\">\n\t\t\t\t<div class=\"elementor-widget-container\">\n\t\t\t<h2 class=\"elementor-heading-title elementor-size-default\">maGGIO<\/h2>\t\t<\/div>\n\t\t\t\t<\/div>\n\t\t\t\t<div class=\"elementor-element elementor-element-6dd171a2 elementor-widget elementor-widget-text-editor\" data-id=\"6dd171a2\" data-element_type=\"widget\" data-widget_type=\"text-editor.default\">\n\t\t\t\t<div class=\"elementor-widget-container\">\n\t\t\t\t\t\t\t\t<div class=\"elementor-text-editor elementor-clearfix\">\n\t\t\t\t<p>ORE 17.00<\/p>\t\t\t\t\t<\/div>\n\t\t\t\t\t\t<\/div>\n\t\t\t\t<\/div>\n\t\t\t\t\t\t<\/div>\n\t\t\t\t\t<\/div>\n\t\t<\/div>\n\t\t\t\t\t\t\t\t<\/div>\n\t\t\t\t\t<\/div>\n\t\t<\/section>\n\t\t\t\t\t\t<\/div>\n\t\t\t\t\t<\/div>\n\t\t<\/div>\n\t\t\t\t<div class=\"elementor-column elementor-col-33 elementor-top-column elementor-element elementor-element-36eacaf4\" data-id=\"36eacaf4\" data-element_type=\"column\" data-settings=\"{&quot;background_background&quot;:&quot;classic&quot;}\">\n\t\t\t<div class=\"elementor-column-wrap elementor-element-populated\">\n\t\t\t\t\t\t\t<div class=\"elementor-widget-wrap\">\n\t\t\t\t\t\t<div class=\"elementor-element elementor-element-3257e306 elementor-widget elementor-widget-image\" data-id=\"3257e306\" data-element_type=\"widget\" data-widget_type=\"image.default\">\n\t\t\t\t<div class=\"elementor-widget-container\">\n\t\t\t\t\t\t\t\t<div class=\"elementor-image\">\n\t\t\t\t\t\t\t\t\t\t\t\t<img decoding=\"async\" width=\"640\" height=\"427\" src=\"https:\/\/aifcampania.it\/wp-content\/uploads\/2021\/05\/effetto-digitale-7-1024x683.jpg\" class=\"attachment-large size-large wp-image-599\" alt=\"\" loading=\"lazy\" srcset=\"https:\/\/aifcampania.it\/wp-content\/uploads\/2021\/05\/effetto-digitale-7-1024x683.jpg 1024w, https:\/\/aifcampania.it\/wp-content\/uploads\/2021\/05\/effetto-digitale-7-300x200.jpg 300w, https:\/\/aifcampania.it\/wp-content\/uploads\/2021\/05\/effetto-digitale-7-768x512.jpg 768w, https:\/\/aifcampania.it\/wp-content\/uploads\/2021\/05\/effetto-digitale-7-1536x1024.jpg 1536w, https:\/\/aifcampania.it\/wp-content\/uploads\/2021\/05\/effetto-digitale-7-2048x1365.jpg 2048w\" sizes=\"(max-width: 640px) 100vw, 640px\" \/>\t\t\t\t\t\t\t\t\t\t\t\t\t\t<\/div>\n\t\t\t\t\t\t<\/div>\n\t\t\t\t<\/div>\n\t\t\t\t\t\t<\/div>\n\t\t\t\t\t<\/div>\n\t\t<\/div>\n\t\t\t\t\t\t\t\t<\/div>\n\t\t\t\t\t<\/div>\n\t\t<\/section>\n\t\t\t\t<section class=\"elementor-section elementor-top-section elementor-element elementor-element-6378f9d7 elementor-section-full_width elementor-section-height-min-height elementor-section-items-stretch elementor-section-content-middle elementor-section-height-default\" data-id=\"6378f9d7\" data-element_type=\"section\">\n\t\t\t\t\t\t<div class=\"elementor-container elementor-column-gap-no\">\n\t\t\t\t\t\t\t<div class=\"elementor-row\">\n\t\t\t\t\t<div class=\"elementor-column elementor-col-50 elementor-top-column elementor-element elementor-element-633ef050\" data-id=\"633ef050\" data-element_type=\"column\">\n\t\t\t<div class=\"elementor-column-wrap elementor-element-populated\">\n\t\t\t\t\t\t\t<div class=\"elementor-widget-wrap\">\n\t\t\t\t\t\t<div class=\"elementor-element elementor-element-5b567220 elementor-widget elementor-widget-image\" data-id=\"5b567220\" data-element_type=\"widget\" data-widget_type=\"image.default\">\n\t\t\t\t<div class=\"elementor-widget-container\">\n\t\t\t\t\t\t\t\t<div class=\"elementor-image\">\n\t\t\t\t\t\t\t\t\t\t\t\t<img decoding=\"async\" width=\"640\" height=\"426\" src=\"https:\/\/aifcampania.it\/wp-content\/uploads\/2021\/05\/libro-1024x682.jpg\" class=\"attachment-large size-large wp-image-598\" alt=\"\" loading=\"lazy\" srcset=\"https:\/\/aifcampania.it\/wp-content\/uploads\/2021\/05\/libro-1024x682.jpg 1024w, https:\/\/aifcampania.it\/wp-content\/uploads\/2021\/05\/libro-300x200.jpg 300w, https:\/\/aifcampania.it\/wp-content\/uploads\/2021\/05\/libro-768x512.jpg 768w, https:\/\/aifcampania.it\/wp-content\/uploads\/2021\/05\/libro-1536x1023.jpg 1536w, https:\/\/aifcampania.it\/wp-content\/uploads\/2021\/05\/libro.jpg 1600w\" sizes=\"(max-width: 640px) 100vw, 640px\" \/>\t\t\t\t\t\t\t\t\t\t\t\t\t\t<\/div>\n\t\t\t\t\t\t<\/div>\n\t\t\t\t<\/div>\n\t\t\t\t<div class=\"elementor-element elementor-element-5a3f4ec7 elementor-widget elementor-widget-text-editor\" data-id=\"5a3f4ec7\" data-element_type=\"widget\" data-widget_type=\"text-editor.default\">\n\t\t\t\t<div class=\"elementor-widget-container\">\n\t\t\t\t\t\t\t\t<div class=\"elementor-text-editor elementor-clearfix\">\n\t\t\t\t<div><div><img decoding=\"async\" loading=\"lazy\" src=\"https:\/\/static.xx.fbcdn.net\/images\/emoji.php\/v9\/t33\/1\/16\/2705.png\" alt=\"\u2705\" width=\"16\" height=\"16\" \/> Se \u00e8 vero, come osservava Karl Marx radiografando la civilt\u00e0 industriale, che il lavoro \u00e8 il metabolismo dell&#8217;uomo con la natura, oggi potremmo dire che il lavoro \u00e8 il metabolismo dell&#8217;uomo con le informazioni.<\/div><\/div><div>\u00a0<\/div><div>Il mondo si \u00e8 digitalizzato e, come avevano previsto nei primi anni &#8217;80 alcune tra le pi\u00f9 brillanti menti del XX secolo riunite al MIT di Boston in occasione dell&#8217;inaugurazione di una nuova disciplina, la &#8220;Fisica della co\u00f9mputazione&#8221;, tutto sembra essere diventato bit.<\/div><div>\u00a0<\/div><div>Che non siano questioni appannaggio di scienziati o filosofi ma, piuttosto, che queste siano cose che ci riguardano tutti da vicino, lo abbiamo capito sin troppo bene in questi mesi.<\/div><div>\u00a0<\/div><div>Per un tessuto imprenditoriale come quello italiano, storicamente frammentato,<strong> intrinsecamente resistente al cambiamento e sistematicamente depauperato di risorse e idee<\/strong>, il colpo \u00e8 stato violento. Eppure, non mancano segnali che inducono a pensare che la pandemia potrebbe diventare un catalizzatore di processi di innovazione.<\/div><div>\u00a0<\/div><div><strong>Dipende da noi.<\/strong> <strong>Dipende da noi come cittadini prima ancora che imprenditori, professionisti e intellettuali<\/strong>. Che l&#8217;innovazione digitale sia distribuita in maniera capillare \u00e8 infatti una questione di civilt\u00e0 prima ancora che di opportunit\u00e0 di sviluppo.<\/div><div>\u00a0<\/div><div><img decoding=\"async\" loading=\"lazy\" src=\"https:\/\/static.xx.fbcdn.net\/images\/emoji.php\/v9\/tf3\/1\/16\/1f539.png\" alt=\"\ud83d\udd39\" width=\"16\" height=\"16\" \/> <strong>La nostra asscociazione, <\/strong>che da sempre si \u00e8 pone come l\u2019interlocutore riconosciuto da Aziende, Pubblica Amministrazione e Liberi Professionisti, con qualit\u00e0, seriet\u00e0 e coerenza, \u00e8 lieta di poter ospitare <b>Fabio De Felice<\/b>, che ci presentar\u00e0 il viaggio che sta trasformando il nostro modo di lavorare, fare business, studiare, innovare, in una interazione sempre pi\u00f9 inestricabile tra <strong>agenti cognitivi naturali e artificiali<\/strong>.<\/div><p><img decoding=\"async\" loading=\"lazy\" src=\"https:\/\/static.xx.fbcdn.net\/images\/emoji.php\/v9\/t8d\/1\/16\/2611.png\" alt=\"\u2611\" width=\"16\" height=\"16\" \/> <strong>Noi Formatori vogliamo partecipare a questa importante sfida della trasformazione digitale in atto?<\/strong><\/p><p><strong><img decoding=\"async\" loading=\"lazy\" src=\"https:\/\/static.xx.fbcdn.net\/images\/emoji.php\/v9\/t8d\/1\/16\/2611.png\" alt=\"\u2611\" width=\"16\" height=\"16\" \/>Quali competenze dovremo allenare e come potremo facilitare i percorsi di competenza e di crescit\u00e0 dei nostri allievi?<\/strong><\/p><div>\u00a0<\/div>\t\t\t\t\t<\/div>\n\t\t\t\t\t\t<\/div>\n\t\t\t\t<\/div>\n\t\t\t\t\t\t<\/div>\n\t\t\t\t\t<\/div>\n\t\t<\/div>\n\t\t\t\t<div class=\"elementor-column elementor-col-50 elementor-top-column elementor-element elementor-element-61a3dc29\" data-id=\"61a3dc29\" data-element_type=\"column\">\n\t\t\t<div class=\"elementor-column-wrap elementor-element-populated\">\n\t\t\t\t\t\t\t<div class=\"elementor-widget-wrap\">\n\t\t\t\t\t\t<div class=\"elementor-element elementor-element-6d4900e0 elementor-widget elementor-widget-text-editor\" data-id=\"6d4900e0\" data-element_type=\"widget\" data-widget_type=\"text-editor.default\">\n\t\t\t\t<div class=\"elementor-widget-container\">\n\t\t\t\t\t\t\t\t<div class=\"elementor-text-editor elementor-clearfix\">\n\t\t\t\t<div><p><img decoding=\"async\" loading=\"lazy\" src=\"https:\/\/static.xx.fbcdn.net\/images\/emoji.php\/v9\/tb0\/1\/16\/1f3af.png\" alt=\"\ud83c\udfaf\" width=\"16\" height=\"16\" \/> <strong>OBIETTIVI<\/strong><br \/><img decoding=\"async\" loading=\"lazy\" src=\"https:\/\/static.xx.fbcdn.net\/images\/emoji.php\/v9\/t8d\/1\/16\/2611.png\" alt=\"\u2611\" width=\"16\" height=\"16\" \/> Rafforzare le competenze utili per il mondo del lavoro<br \/><img decoding=\"async\" loading=\"lazy\" src=\"https:\/\/static.xx.fbcdn.net\/images\/emoji.php\/v9\/t8d\/1\/16\/2611.png\" alt=\"\u2611\" width=\"16\" height=\"16\" \/> Conoscere i fattori chiave della Digital Tansformation<br \/><img decoding=\"async\" loading=\"lazy\" src=\"https:\/\/static.xx.fbcdn.net\/images\/emoji.php\/v9\/t8d\/1\/16\/2611.png\" alt=\"\u2611\" width=\"16\" height=\"16\" \/> Comprendere cosa significa essere parte della Community di formatori\u00a0 che a vario titolo contribuiranno alla realizzazione di questa grande epocale sfida digitale.<\/p><\/div><div><img decoding=\"async\" loading=\"lazy\" src=\"https:\/\/static.xx.fbcdn.net\/images\/emoji.php\/v9\/t2b\/1\/16\/1f4cb.png\" alt=\"\ud83d\udccb\" width=\"16\" height=\"16\" \/> <strong>PROGRAMMA<\/strong><br \/><em>Introduce e coordina il seminario <\/em><\/div><div>Vincenzo Bennato &#8211; Consigliere del Direttivo AIF Campania<\/div><div>\u00a0<\/div><div>Al termine dell&#8217;intervento seguir\u00e0 il dibattito con i partecipanti all&#8217;incontro.\u00a0<\/div><div>\u00a0<\/div><div><img decoding=\"async\" loading=\"lazy\" src=\"https:\/\/static.xx.fbcdn.net\/images\/emoji.php\/v9\/t9a\/1\/16\/1f468_200d_1f4bc.png\" alt=\"\ud83d\udc68\u200d\ud83d\udcbc\" width=\"16\" height=\"16\" \/><img decoding=\"async\" loading=\"lazy\" src=\"https:\/\/static.xx.fbcdn.net\/images\/emoji.php\/v9\/t79\/1\/16\/1f469_200d_1f4bc.png\" alt=\"\ud83d\udc69\u200d\ud83d\udcbc\" width=\"16\" height=\"16\" \/> <strong>RELATORE<\/strong><br \/><a href=\"https:\/\/www.fabiodefelice.it\/\"><strong>Fabio De Felice<\/strong><\/a><\/div><div>Professore presso il Dipartimento di Ingegneria Civile e Meccanica dell\u2019Universit\u00e0 degli Studi di Cassino e del Lazio Meridionale.Fondatore di Protom Spa. Membro della <strong>Delegazione italiana presso le task force B20<\/strong>. Gruppi intersettoriali: Digitalizzazione, PMI. Membro del Comitato tecnico operativo del Distretto aerospaziale della Campania (DAC). Presidente del Comitato direttivo strategico del Distretto ATENA per l\u2019energia e l\u2019ambiente. Associato di Italian Cluster of Smart Manufacturing. Fondatore di AHP Academy, associazione no profit sulle metodologie decisionali. Partner e docente accreditato presso Istituto Italiano di Project Management (ISIPM). Coordinatore di diversi progetti di ricerca sui sistemi di produzione e sulla gestione della qualit\u00e0. Membro dei comitati scientifici di riviste internazionali e Presidente di conferenze internazionali, inclusa la <strong>I<\/strong>nternational Association of Science and Technology for Development (IASTED).<\/div><div>\u00a0<\/div><div><strong>INFO E ISCRIZIONI<\/strong><br \/><img decoding=\"async\" loading=\"lazy\" src=\"https:\/\/static.xx.fbcdn.net\/images\/emoji.php\/v9\/tf3\/1\/16\/1f539.png\" alt=\"\ud83d\udd39\" width=\"16\" height=\"16\" \/> Webinar gratuito | 50 posti disponibili<\/div><div><p><i>Aperti ai soci ed ai non soci AIF.\u00a0 <\/i><i>Ai soci sar\u00e0 data priorit\u00e0 di accesso. <\/i><i>L\u2019intero percorso attribuisce 1 credito formativo AIF. <\/i><\/p><\/div><div>\u00a0<\/div><div>\u00a0<\/div><div><img decoding=\"async\" loading=\"lazy\" src=\"https:\/\/static.xx.fbcdn.net\/images\/emoji.php\/v9\/t51\/1\/16\/1f449.png\" alt=\"\ud83d\udc49\" width=\"16\" height=\"16\" \/> PER INFO<\/div><div>\u00a0\u00a0\u00a0\u00a0\u00a0 campania@associazioneitalianaformatori.it<\/div>\t\t\t\t\t<\/div>\n\t\t\t\t\t\t<\/div>\n\t\t\t\t<\/div>\n\t\t\t\t<div class=\"elementor-element elementor-element-14105369 elementor-align-center elementor-widget elementor-widget-button\" data-id=\"14105369\" data-element_type=\"widget\" data-widget_type=\"button.default\">\n\t\t\t\t<div class=\"elementor-widget-container\">\n\t\t\t\t\t<div class=\"elementor-button-wrapper\">\n\t\t\t<a href=\"https:\/\/us02web.zoom.us\/meeting\/register\/tZ0pdumqrjgsE9Sj0324YhNAoZ8oONMNaMhm\" class=\"elementor-button-link elementor-button elementor-size-sm\" role=\"button\">\n\t\t\t\t\t\t<span class=\"elementor-button-content-wrapper\">\n\t\t\t\t\t\t\t<span class=\"elementor-button-icon elementor-align-icon-left\">\n\t\t\t\t<i aria-hidden=\"true\" class=\"fab fa-centercode\"><\/i>\t\t\t<\/span>\n\t\t\t\t\t\t<span class=\"elementor-button-text\">ISCRIVITI SUBITO <\/span>\n\t\t<\/span>\n\t\t\t\t\t<\/a>\n\t\t<\/div>\n\t\t\t\t<\/div>\n\t\t\t\t<\/div>\n\t\t\t\t\t\t<\/div>\n\t\t\t\t\t<\/div>\n\t\t<\/div>\n\t\t\t\t\t\t\t\t<\/div>\n\t\t\t\t\t<\/div>\n\t\t<\/section>\n\t\t\t\t<section class=\"elementor-section elementor-top-section elementor-element elementor-element-dcd6c7d elementor-section-boxed elementor-section-height-default elementor-section-height-default\" data-id=\"dcd6c7d\" data-element_type=\"section\">\n\t\t\t\t\t\t<div class=\"elementor-container elementor-column-gap-default\">\n\t\t\t\t\t\t\t<div class=\"elementor-row\">\n\t\t\t\t\t<div class=\"elementor-column elementor-col-100 elementor-top-column elementor-element elementor-element-1fbd95d\" data-id=\"1fbd95d\" data-element_type=\"column\">\n\t\t\t<div class=\"elementor-column-wrap elementor-element-populated\">\n\t\t\t\t\t\t\t<div class=\"elementor-widget-wrap\">\n\t\t\t\t\t\t<div class=\"elementor-element elementor-element-c692038 elementor-widget elementor-widget-heading\" data-id=\"c692038\" data-element_type=\"widget\" data-widget_type=\"heading.default\">\n\t\t\t\t<div class=\"elementor-widget-container\">\n\t\t\t<h2 class=\"elementor-heading-title elementor-size-default\">PROSSIMI EVENTI<\/h2>\t\t<\/div>\n\t\t\t\t<\/div>\n\t\t\t\t\t\t<\/div>\n\t\t\t\t\t<\/div>\n\t\t<\/div>\n\t\t\t\t\t\t\t\t<\/div>\n\t\t\t\t\t<\/div>\n\t\t<\/section>\n\t\t\t\t<section class=\"elementor-section elementor-top-section elementor-element elementor-element-97b2819 elementor-section-boxed elementor-section-height-default elementor-section-height-default\" data-id=\"97b2819\" data-element_type=\"section\">\n\t\t\t\t\t\t<div class=\"elementor-container elementor-column-gap-default\">\n\t\t\t\t\t\t\t<div class=\"elementor-row\">\n\t\t\t\t\t<div class=\"elementor-column elementor-col-100 elementor-top-column elementor-element elementor-element-88bd373\" data-id=\"88bd373\" data-element_type=\"column\">\n\t\t\t<div class=\"elementor-column-wrap elementor-element-populated\">\n\t\t\t\t\t\t\t<div class=\"elementor-widget-wrap\">\n\t\t\t\t\t\t<div class=\"elementor-element elementor-element-f8f774b elementor-widget elementor-widget-text-editor\" data-id=\"f8f774b\" data-element_type=\"widget\" data-widget_type=\"text-editor.default\">\n\t\t\t\t<div class=\"elementor-widget-container\">\n\t\t\t\t\t\t\t\t<div class=\"elementor-text-editor elementor-clearfix\">\n\t\t\t\t<table width=\"1595\"><tbody><tr><td width=\"165\">Workshop in presenza\u00a0<\/td><td width=\"159\">27\/05\/2021<\/td><td width=\"133\">16:00 &#8211; 19:00<\/td><td width=\"144\">Salerno\u00a0<\/td><td width=\"994\">Il Metodo\u00a0Feuerstein &#8211; come imparare ad imparare<\/td><\/tr><tr><td width=\"165\">Workshop in presenza\u00a0<\/td><td width=\"159\">21\/06\/2021<\/td><td width=\"133\">16:00 &#8211; 19:00<\/td><td width=\"144\">Napoli\u00a0<\/td><td>La metodologia duale: cos\u2019\u00e8, chi la applica, a cosa serve, come mi pu\u00f2 aiutare nel mio ruolo di formatore\/docente\u00a0<\/td><\/tr><tr><td width=\"165\">Workshop in presenza\u00a0<\/td><td width=\"159\">16\/06\/2021<\/td><td width=\"133\">16:00 &#8211; 19:00<\/td><td width=\"144\">Napoli\u00a0<\/td><td>La formazione in azienda: strumenti, modelli e fondi disponibili con ipotesi di rendere i processi pi\u00f9 snelli.<\/td><\/tr><\/tbody><\/table>\t\t\t\t\t<\/div>\n\t\t\t\t\t\t<\/div>\n\t\t\t\t<\/div>\n\t\t\t\t\t\t<\/div>\n\t\t\t\t\t<\/div>\n\t\t<\/div>\n\t\t\t\t\t\t\t\t<\/div>\n\t\t\t\t\t<\/div>\n\t\t<\/section>\n\t\t\t\t\t\t\t\t\t<\/div>\n\t\t\t<\/div>\n\t\t\t\t\t<\/div>\n\t\t<\/div>","protected":false},"excerpt":{"rendered":"<div class=\"entry-content-stat post-content\"><p>I FORMATORI INCONTRANO L&#8217;AUTORE EFFETTO DIGITALE &#8211; VISIONI D&#8217;IMPRESA E<\/p>\n<\/div><a href=\"https:\/\/aifcampania.it\/?page_id=596\">Read More<i class=\"fa fa-long-arrow-right\" aria-hidden=\"true\"><\/i><\/a>","protected":false},"author":1,"featured_media":0,"parent":0,"menu_order":0,"comment_status":"closed","ping_status":"closed","template":"","meta":[],"rise-blocks_excerpt":"I FORMATORI INCONTRANO L&#8217;AUTORE EFFETTO DIGITALE &#8211; VISIONI D&#8217;IMPRESA E INDUSTRIA 5.0 20 maGGIO ORE 17.00 Se \u00e8 vero, come osservava Karl Marx radiografando la civilt\u00e0 industriale, che il lavoro \u00e8 il metabolismo dell&#8217;uomo con la natura, oggi potremmo dire che il lavoro \u00e8 il metabolismo dell&#8217;uomo con le informazioni.&nbsp;Il mondo si \u00e8 digitalizzato e, come avevano previsto nei primi..","_links":{"self":[{"href":"https:\/\/aifcampania.it\/index.php?rest_route=\/wp\/v2\/pages\/596"}],"collection":[{"href":"https:\/\/aifcampania.it\/index.php?rest_route=\/wp\/v2\/pages"}],"about":[{"href":"https:\/\/aifcampania.it\/index.php?rest_route=\/wp\/v2\/types\/page"}],"author":[{"embeddable":true,"href":"https:\/\/aifcampania.it\/index.php?rest_route=\/wp\/v2\/users\/1"}],"replies":[{"embeddable":true,"href":"https:\/\/aifcampania.it\/index.php?rest_route=%2Fwp%2Fv2%2Fcomments&post=596"}],"version-history":[{"count":9,"href":"https:\/\/aifcampania.it\/index.php?rest_route=\/wp\/v2\/pages\/596\/revisions"}],"predecessor-version":[{"id":610,"href":"https:\/\/aifcampania.it\/index.php?rest_route=\/wp\/v2\/pages\/596\/revisions\/610"}],"wp:attachment":[{"href":"https:\/\/aifcampania.it\/index.php?rest_route=%2Fwp%2Fv2%2Fmedia&parent=596"}],"curies":[{"name":"wp","href":"https:\/\/api.w.org\/{rel}","templated":true}]}}