{"id":614,"date":"2021-05-26T07:43:37","date_gmt":"2021-05-26T06:43:37","guid":{"rendered":"https:\/\/aifcampania.it\/?page_id=614"},"modified":"2021-06-09T19:02:35","modified_gmt":"2021-06-09T18:02:35","slug":"metodo-feuerstein","status":"publish","type":"page","link":"https:\/\/aifcampania.it\/?page_id=614","title":{"rendered":"Metodo Feuerstein"},"content":{"rendered":"<div class=\"post-content\">\t\t<div data-elementor-type=\"wp-page\" data-elementor-id=\"614\" class=\"elementor elementor-614\">\n\t\t\t\t\t\t<div class=\"elementor-inner\">\n\t\t\t\t<div class=\"elementor-section-wrap\">\n\t\t\t\t\t\t\t\t\t<section class=\"elementor-section elementor-top-section elementor-element elementor-element-4723d6e2 elementor-section-boxed elementor-section-height-default elementor-section-height-default\" data-id=\"4723d6e2\" data-element_type=\"section\">\n\t\t\t\t\t\t<div class=\"elementor-container elementor-column-gap-default\">\n\t\t\t\t\t\t\t<div class=\"elementor-row\">\n\t\t\t\t\t<div class=\"elementor-column elementor-col-100 elementor-top-column elementor-element elementor-element-1cfb1a0d\" data-id=\"1cfb1a0d\" data-element_type=\"column\">\n\t\t\t<div class=\"elementor-column-wrap elementor-element-populated\">\n\t\t\t\t\t\t\t<div class=\"elementor-widget-wrap\">\n\t\t\t\t\t\t<div class=\"elementor-element elementor-element-1471c940 animated-slow elementor-invisible elementor-widget elementor-widget-heading\" data-id=\"1471c940\" data-element_type=\"widget\" data-settings=\"{&quot;_animation&quot;:&quot;slideInRight&quot;}\" data-widget_type=\"heading.default\">\n\t\t\t\t<div class=\"elementor-widget-container\">\n\t\t\t<h4 class=\"elementor-heading-title elementor-size-default\">IL METODO FEUERSTEIN<\/h4>\t\t<\/div>\n\t\t\t\t<\/div>\n\t\t\t\t\t\t<\/div>\n\t\t\t\t\t<\/div>\n\t\t<\/div>\n\t\t\t\t\t\t\t\t<\/div>\n\t\t\t\t\t<\/div>\n\t\t<\/section>\n\t\t\t\t<section class=\"elementor-section elementor-top-section elementor-element elementor-element-1cb4ae0f elementor-section-boxed elementor-section-height-default elementor-section-height-default\" data-id=\"1cb4ae0f\" data-element_type=\"section\">\n\t\t\t\t\t\t<div class=\"elementor-container elementor-column-gap-default\">\n\t\t\t\t\t\t\t<div class=\"elementor-row\">\n\t\t\t\t\t<div class=\"elementor-column elementor-col-100 elementor-top-column elementor-element elementor-element-5562c20b\" data-id=\"5562c20b\" data-element_type=\"column\">\n\t\t\t<div class=\"elementor-column-wrap elementor-element-populated\">\n\t\t\t\t\t\t\t<div class=\"elementor-widget-wrap\">\n\t\t\t\t\t\t<div class=\"elementor-element elementor-element-2c91b57 elementor-widget elementor-widget-heading\" data-id=\"2c91b57\" data-element_type=\"widget\" data-widget_type=\"heading.default\">\n\t\t\t\t<div class=\"elementor-widget-container\">\n\t\t\t<h1 class=\"elementor-heading-title elementor-size-default\">Approfondire il Metodo per insegnare ad imparare\n<\/h1>\t\t<\/div>\n\t\t\t\t<\/div>\n\t\t\t\t\t\t<\/div>\n\t\t\t\t\t<\/div>\n\t\t<\/div>\n\t\t\t\t\t\t\t\t<\/div>\n\t\t\t\t\t<\/div>\n\t\t<\/section>\n\t\t\t\t<section class=\"elementor-section elementor-top-section elementor-element elementor-element-3caa8dbd elementor-section-full_width elementor-section-content-middle elementor-section-height-default elementor-section-height-default\" data-id=\"3caa8dbd\" data-element_type=\"section\">\n\t\t\t\t\t\t<div class=\"elementor-container elementor-column-gap-no\">\n\t\t\t\t\t\t\t<div class=\"elementor-row\">\n\t\t\t\t\t<div class=\"elementor-column elementor-col-33 elementor-top-column elementor-element elementor-element-34a10f82\" data-id=\"34a10f82\" data-element_type=\"column\" data-settings=\"{&quot;background_background&quot;:&quot;classic&quot;}\">\n\t\t\t<div class=\"elementor-column-wrap elementor-element-populated\">\n\t\t\t\t\t\t\t<div class=\"elementor-widget-wrap\">\n\t\t\t\t\t\t\t\t<\/div>\n\t\t\t\t\t<\/div>\n\t\t<\/div>\n\t\t\t\t<div class=\"elementor-column elementor-col-33 elementor-top-column elementor-element elementor-element-729f2c6d\" data-id=\"729f2c6d\" data-element_type=\"column\">\n\t\t\t<div class=\"elementor-column-wrap elementor-element-populated\">\n\t\t\t\t\t\t\t<div class=\"elementor-widget-wrap\">\n\t\t\t\t\t\t<section class=\"elementor-section elementor-inner-section elementor-element elementor-element-10dbae1b elementor-section-boxed elementor-section-height-default elementor-section-height-default\" data-id=\"10dbae1b\" data-element_type=\"section\">\n\t\t\t\t\t\t<div class=\"elementor-container elementor-column-gap-no\">\n\t\t\t\t\t\t\t<div class=\"elementor-row\">\n\t\t\t\t\t<div class=\"elementor-column elementor-col-50 elementor-inner-column elementor-element elementor-element-1906d8f9\" data-id=\"1906d8f9\" data-element_type=\"column\">\n\t\t\t<div class=\"elementor-column-wrap elementor-element-populated\">\n\t\t\t\t\t\t\t<div class=\"elementor-widget-wrap\">\n\t\t\t\t\t\t<div class=\"elementor-element elementor-element-1dd03698 elementor-widget elementor-widget-heading\" data-id=\"1dd03698\" data-element_type=\"widget\" data-widget_type=\"heading.default\">\n\t\t\t\t<div class=\"elementor-widget-container\">\n\t\t\t<span class=\"elementor-heading-title elementor-size-default\">17<\/span>\t\t<\/div>\n\t\t\t\t<\/div>\n\t\t\t\t\t\t<\/div>\n\t\t\t\t\t<\/div>\n\t\t<\/div>\n\t\t\t\t<div class=\"elementor-column elementor-col-50 elementor-inner-column elementor-element elementor-element-444799d1\" data-id=\"444799d1\" data-element_type=\"column\">\n\t\t\t<div class=\"elementor-column-wrap elementor-element-populated\">\n\t\t\t\t\t\t\t<div class=\"elementor-widget-wrap\">\n\t\t\t\t\t\t<div class=\"elementor-element elementor-element-7fe430cd elementor-widget elementor-widget-heading\" data-id=\"7fe430cd\" data-element_type=\"widget\" data-widget_type=\"heading.default\">\n\t\t\t\t<div class=\"elementor-widget-container\">\n\t\t\t<h2 class=\"elementor-heading-title elementor-size-default\">GIUGNO<\/h2>\t\t<\/div>\n\t\t\t\t<\/div>\n\t\t\t\t<div class=\"elementor-element elementor-element-1f5c6374 elementor-widget elementor-widget-text-editor\" data-id=\"1f5c6374\" data-element_type=\"widget\" data-widget_type=\"text-editor.default\">\n\t\t\t\t<div class=\"elementor-widget-container\">\n\t\t\t\t\t\t\t\t<div class=\"elementor-text-editor elementor-clearfix\">\n\t\t\t\t<p>dalle 17. alle 19. &#8211; 2 ore di formazione.<\/p><p>\u00a0<\/p>\t\t\t\t\t<\/div>\n\t\t\t\t\t\t<\/div>\n\t\t\t\t<\/div>\n\t\t\t\t\t\t<\/div>\n\t\t\t\t\t<\/div>\n\t\t<\/div>\n\t\t\t\t\t\t\t\t<\/div>\n\t\t\t\t\t<\/div>\n\t\t<\/section>\n\t\t\t\t\t\t<\/div>\n\t\t\t\t\t<\/div>\n\t\t<\/div>\n\t\t\t\t<div class=\"elementor-column elementor-col-33 elementor-top-column elementor-element elementor-element-415d2a0f\" data-id=\"415d2a0f\" data-element_type=\"column\" data-settings=\"{&quot;background_background&quot;:&quot;classic&quot;}\">\n\t\t\t<div class=\"elementor-column-wrap elementor-element-populated\">\n\t\t\t\t\t\t\t<div class=\"elementor-widget-wrap\">\n\t\t\t\t\t\t<div class=\"elementor-element elementor-element-662e0b34 elementor-widget elementor-widget-image\" data-id=\"662e0b34\" data-element_type=\"widget\" data-widget_type=\"image.default\">\n\t\t\t\t<div class=\"elementor-widget-container\">\n\t\t\t\t\t\t\t\t<div class=\"elementor-image\">\n\t\t\t\t\t\t\t\t\t\t\t\t<img decoding=\"async\" width=\"362\" height=\"164\" src=\"https:\/\/aifcampania.it\/wp-content\/uploads\/2021\/05\/Immagine1.jpg\" class=\"attachment-large size-large wp-image-617\" alt=\"\" loading=\"lazy\" srcset=\"https:\/\/aifcampania.it\/wp-content\/uploads\/2021\/05\/Immagine1.jpg 362w, https:\/\/aifcampania.it\/wp-content\/uploads\/2021\/05\/Immagine1-300x136.jpg 300w\" sizes=\"(max-width: 362px) 100vw, 362px\" \/>\t\t\t\t\t\t\t\t\t\t\t\t\t\t<\/div>\n\t\t\t\t\t\t<\/div>\n\t\t\t\t<\/div>\n\t\t\t\t\t\t<\/div>\n\t\t\t\t\t<\/div>\n\t\t<\/div>\n\t\t\t\t\t\t\t\t<\/div>\n\t\t\t\t\t<\/div>\n\t\t<\/section>\n\t\t\t\t<section class=\"elementor-section elementor-top-section elementor-element elementor-element-2e0a7768 elementor-section-full_width elementor-section-height-min-height elementor-section-items-stretch elementor-section-content-middle elementor-section-height-default\" data-id=\"2e0a7768\" data-element_type=\"section\">\n\t\t\t\t\t\t<div class=\"elementor-container elementor-column-gap-no\">\n\t\t\t\t\t\t\t<div class=\"elementor-row\">\n\t\t\t\t\t<div class=\"elementor-column elementor-col-50 elementor-top-column elementor-element elementor-element-2362590d\" data-id=\"2362590d\" data-element_type=\"column\">\n\t\t\t<div class=\"elementor-column-wrap elementor-element-populated\">\n\t\t\t\t\t\t\t<div class=\"elementor-widget-wrap\">\n\t\t\t\t\t\t<div class=\"elementor-element elementor-element-9c2b31c elementor-widget elementor-widget-image\" data-id=\"9c2b31c\" data-element_type=\"widget\" data-widget_type=\"image.default\">\n\t\t\t\t<div class=\"elementor-widget-container\">\n\t\t\t\t\t\t\t\t<div class=\"elementor-image\">\n\t\t\t\t\t\t\t\t\t\t\t\t<img decoding=\"async\" width=\"184\" height=\"184\" src=\"https:\/\/aifcampania.it\/wp-content\/uploads\/2021\/05\/arianna-milani-foto_2.jpeg\" class=\"attachment-large size-large wp-image-616\" alt=\"\" loading=\"lazy\" srcset=\"https:\/\/aifcampania.it\/wp-content\/uploads\/2021\/05\/arianna-milani-foto_2.jpeg 184w, https:\/\/aifcampania.it\/wp-content\/uploads\/2021\/05\/arianna-milani-foto_2-150x150.jpeg 150w\" sizes=\"(max-width: 184px) 100vw, 184px\" \/>\t\t\t\t\t\t\t\t\t\t\t\t\t\t<\/div>\n\t\t\t\t\t\t<\/div>\n\t\t\t\t<\/div>\n\t\t\t\t<div class=\"elementor-element elementor-element-2ae6bacc elementor-widget elementor-widget-text-editor\" data-id=\"2ae6bacc\" data-element_type=\"widget\" data-widget_type=\"text-editor.default\">\n\t\t\t\t<div class=\"elementor-widget-container\">\n\t\t\t\t\t\t\t\t<div class=\"elementor-text-editor elementor-clearfix\">\n\t\t\t\t<div><img decoding=\"async\" loading=\"lazy\" src=\"https:\/\/static.xx.fbcdn.net\/images\/emoji.php\/v9\/tf3\/1\/16\/1f539.png\" alt=\"\ud83d\udd39\" width=\"16\" height=\"16\" \/> <strong>La nostra asscociazione, <\/strong>che da sempre si \u00e8 pone come l\u2019interlocutore riconosciuto da Aziende, Pubblica Amministrazione e Liberi Professionisti, con qualit\u00e0, seriet\u00e0 e coerenza, \u00e8 lieta di poter ospitare <b>Arianna Milani<\/b>, che ci presentar\u00e0 il <strong>metodo Feuerstein. <\/strong><\/div><div><p><i>Cosa del Metodo <\/i><i>Feuerstein<\/i><i> pu\u00f2 essere interessante e utile per chi si occupa di formazione?<\/i><\/p><p><img decoding=\"async\" loading=\"lazy\" src=\"https:\/\/static.xx.fbcdn.net\/images\/emoji.php\/v9\/tb0\/1\/16\/1f3af.png\" alt=\"\ud83c\udfaf\" width=\"16\" height=\"16\" \/> <strong>OBIETTIVI<\/strong><\/p><p>Il workshop aiuter\u00e0 i partecipanti ad approfondire modelli e condividere prassi per rinnovare il proprio approccio alla formazione<\/p><\/div><p><img decoding=\"async\" loading=\"lazy\" src=\"https:\/\/static.xx.fbcdn.net\/images\/emoji.php\/v9\/t8d\/1\/16\/2611.png\" alt=\"\u2611\" width=\"16\" height=\"16\" \/> Rafforzare le competenze utili per il mondo dell&#8217;apprendimento<br \/><img decoding=\"async\" loading=\"lazy\" src=\"https:\/\/static.xx.fbcdn.net\/images\/emoji.php\/v9\/t8d\/1\/16\/2611.png\" alt=\"\u2611\" width=\"16\" height=\"16\" \/> Conoscere i fattori chiave della metodologia<br \/><img decoding=\"async\" loading=\"lazy\" src=\"https:\/\/static.xx.fbcdn.net\/images\/emoji.php\/v9\/t8d\/1\/16\/2611.png\" alt=\"\u2611\" width=\"16\" height=\"16\" \/> Comprendere cosa significa essere parte di una comunit\u00e0 in apprendomento. <\/p><div><em>Introduce e coordina il seminario <\/em><\/div><div><strong>Immacolata Stizzo<\/strong> &#8211; Consigliere del Direttivo AIF Campania<\/div>\t\t\t\t\t<\/div>\n\t\t\t\t\t\t<\/div>\n\t\t\t\t<\/div>\n\t\t\t\t\t\t<\/div>\n\t\t\t\t\t<\/div>\n\t\t<\/div>\n\t\t\t\t<div class=\"elementor-column elementor-col-50 elementor-top-column elementor-element elementor-element-79f7be6e\" data-id=\"79f7be6e\" data-element_type=\"column\">\n\t\t\t<div class=\"elementor-column-wrap elementor-element-populated\">\n\t\t\t\t\t\t\t<div class=\"elementor-widget-wrap\">\n\t\t\t\t\t\t<div class=\"elementor-element elementor-element-3fe1a289 elementor-widget elementor-widget-text-editor\" data-id=\"3fe1a289\" data-element_type=\"widget\" data-widget_type=\"text-editor.default\">\n\t\t\t\t<div class=\"elementor-widget-container\">\n\t\t\t\t\t\t\t\t<div class=\"elementor-text-editor elementor-clearfix\">\n\t\t\t\t<div>\u00a0<\/div><div><img decoding=\"async\" loading=\"lazy\" src=\"https:\/\/static.xx.fbcdn.net\/images\/emoji.php\/v9\/t2b\/1\/16\/1f4cb.png\" alt=\"\ud83d\udccb\" width=\"16\" height=\"16\" \/> <strong>PROGRAMMA<\/strong><\/div><div><ul><li>Il cuore del Metodo Feuerstein: cosa \u00e8 la modificabilit\u00e0 cognitiva strutturale?<\/li><li>le prove delle neuroscienze: quali indicazioni per lo sviluppo dell\u2019apprendimento?<\/li><li>Bisogni e credenze del formatore e del suo pubblico<\/li><li>L\u2019esperienza di formazione: quali caratteristiche deve avere una relazione per sviluppare apprendimento?<\/li><li>Imparare ad imparare: il ruolo della domanda<\/li><\/ul><\/div><div>Al termine dell&#8217;intervento seguir\u00e0 il dibattito con i partecipanti all&#8217;incontro.\u00a0<\/div><div>\u00a0<\/div><div><img decoding=\"async\" loading=\"lazy\" src=\"https:\/\/static.xx.fbcdn.net\/images\/emoji.php\/v9\/t9a\/1\/16\/1f468_200d_1f4bc.png\" alt=\"\ud83d\udc68\u200d\ud83d\udcbc\" width=\"16\" height=\"16\" \/><img decoding=\"async\" loading=\"lazy\" src=\"https:\/\/static.xx.fbcdn.net\/images\/emoji.php\/v9\/t79\/1\/16\/1f469_200d_1f4bc.png\" alt=\"\ud83d\udc69\u200d\ud83d\udcbc\" width=\"16\" height=\"16\" \/> <strong>RELATORE<\/strong><br \/><strong>Arianna Milani<\/strong><\/div><div>Learning Trainer &amp; Coach, specialista in sviluppo dell\u2019apprendimento cognitivo, coach certificato,\u00a0 esperta di modelli e metodologie di intervento per BES, DSA e Gifted Children<\/div><div>\u00a0<\/div><div><strong>INFO E ISCRIZIONI<\/strong><br \/><img decoding=\"async\" loading=\"lazy\" src=\"https:\/\/static.xx.fbcdn.net\/images\/emoji.php\/v9\/tf3\/1\/16\/1f539.png\" alt=\"\ud83d\udd39\" width=\"16\" height=\"16\" \/> Webinar gratuito | 50 posti disponibili<\/div><div><p><i>Aperti ai soci ed ai non soci AIF.\u00a0 <\/i><i>Ai soci sar\u00e0 data priorit\u00e0 di accesso. <\/i><i>L\u2019intero percorso attribuisce 1 credito formativo AIF. <\/i><\/p><\/div><div>\u00a0<\/div><div>\u00a0<\/div><div><img decoding=\"async\" loading=\"lazy\" src=\"https:\/\/static.xx.fbcdn.net\/images\/emoji.php\/v9\/t51\/1\/16\/1f449.png\" alt=\"\ud83d\udc49\" width=\"16\" height=\"16\" \/> PER INFO<\/div><div>\u00a0\u00a0\u00a0\u00a0\u00a0 campania@associazioneitalianaformatori.it<\/div>\t\t\t\t\t<\/div>\n\t\t\t\t\t\t<\/div>\n\t\t\t\t<\/div>\n\t\t\t\t\t\t<\/div>\n\t\t\t\t\t<\/div>\n\t\t<\/div>\n\t\t\t\t\t\t\t\t<\/div>\n\t\t\t\t\t<\/div>\n\t\t<\/section>\n\t\t\t\t<section class=\"elementor-section elementor-top-section elementor-element elementor-element-8841e5f elementor-section-boxed elementor-section-height-default elementor-section-height-default\" data-id=\"8841e5f\" data-element_type=\"section\">\n\t\t\t\t\t\t<div class=\"elementor-container elementor-column-gap-default\">\n\t\t\t\t\t\t\t<div class=\"elementor-row\">\n\t\t\t\t\t<div class=\"elementor-column elementor-col-100 elementor-top-column elementor-element elementor-element-038e1d6\" data-id=\"038e1d6\" data-element_type=\"column\">\n\t\t\t<div class=\"elementor-column-wrap elementor-element-populated\">\n\t\t\t\t\t\t\t<div class=\"elementor-widget-wrap\">\n\t\t\t\t\t\t<div class=\"elementor-element elementor-element-79fe799 elementor-align-center elementor-widget elementor-widget-button\" data-id=\"79fe799\" data-element_type=\"widget\" data-widget_type=\"button.default\">\n\t\t\t\t<div class=\"elementor-widget-container\">\n\t\t\t\t\t<div class=\"elementor-button-wrapper\">\n\t\t\t<a href=\"https:\/\/us02web.zoom.us\/meeting\/register\/tZUpf-qqqzsrGNcyILbvT2NaU8HpYGRgNPnF\" class=\"elementor-button-link elementor-button elementor-size-xl\" role=\"button\">\n\t\t\t\t\t\t<span class=\"elementor-button-content-wrapper\">\n\t\t\t\t\t\t<span class=\"elementor-button-text\">ISCRIVITI  SUBITO<\/span>\n\t\t<\/span>\n\t\t\t\t\t<\/a>\n\t\t<\/div>\n\t\t\t\t<\/div>\n\t\t\t\t<\/div>\n\t\t\t\t\t\t<\/div>\n\t\t\t\t\t<\/div>\n\t\t<\/div>\n\t\t\t\t\t\t\t\t<\/div>\n\t\t\t\t\t<\/div>\n\t\t<\/section>\n\t\t\t\t<section class=\"elementor-section elementor-top-section elementor-element elementor-element-b4988df elementor-section-boxed elementor-section-height-default elementor-section-height-default\" data-id=\"b4988df\" data-element_type=\"section\">\n\t\t\t\t\t\t<div class=\"elementor-container elementor-column-gap-default\">\n\t\t\t\t\t\t\t<div class=\"elementor-row\">\n\t\t\t\t\t<div class=\"elementor-column elementor-col-100 elementor-top-column elementor-element elementor-element-6cfc06ca\" data-id=\"6cfc06ca\" data-element_type=\"column\">\n\t\t\t<div class=\"elementor-column-wrap elementor-element-populated\">\n\t\t\t\t\t\t\t<div class=\"elementor-widget-wrap\">\n\t\t\t\t\t\t<div class=\"elementor-element elementor-element-7c17d319 elementor-widget elementor-widget-heading\" data-id=\"7c17d319\" data-element_type=\"widget\" data-widget_type=\"heading.default\">\n\t\t\t\t<div class=\"elementor-widget-container\">\n\t\t\t<h2 class=\"elementor-heading-title elementor-size-default\">PROSSIMI EVENTI<\/h2>\t\t<\/div>\n\t\t\t\t<\/div>\n\t\t\t\t\t\t<\/div>\n\t\t\t\t\t<\/div>\n\t\t<\/div>\n\t\t\t\t\t\t\t\t<\/div>\n\t\t\t\t\t<\/div>\n\t\t<\/section>\n\t\t\t\t<section class=\"elementor-section elementor-top-section elementor-element elementor-element-587839cc elementor-section-boxed elementor-section-height-default elementor-section-height-default\" data-id=\"587839cc\" data-element_type=\"section\">\n\t\t\t\t\t\t<div class=\"elementor-container elementor-column-gap-default\">\n\t\t\t\t\t\t\t<div class=\"elementor-row\">\n\t\t\t\t\t<div class=\"elementor-column elementor-col-100 elementor-top-column elementor-element elementor-element-311723e8\" data-id=\"311723e8\" data-element_type=\"column\">\n\t\t\t<div class=\"elementor-column-wrap elementor-element-populated\">\n\t\t\t\t\t\t\t<div class=\"elementor-widget-wrap\">\n\t\t\t\t\t\t<div class=\"elementor-element elementor-element-64deccb5 elementor-widget elementor-widget-text-editor\" data-id=\"64deccb5\" data-element_type=\"widget\" data-widget_type=\"text-editor.default\">\n\t\t\t\t<div class=\"elementor-widget-container\">\n\t\t\t\t\t\t\t\t<div class=\"elementor-text-editor elementor-clearfix\">\n\t\t\t\t<table width=\"1595\"><tbody><tr><td width=\"165\">\u00a0<\/td><td width=\"159\">\u00a0<\/td><td width=\"133\">\u00a0<\/td><td width=\"144\">\u00a0<\/td><td width=\"994\">\u00a0<\/td><\/tr><tr><td width=\"165\">Workshop in presenza\u00a0<\/td><td width=\"159\">21\/06\/2021<\/td><td width=\"133\">16:00 &#8211; 19:00<\/td><td width=\"144\">Napoli\u00a0<\/td><td>La metodologia duale: cos\u2019\u00e8, chi la applica, a cosa serve, come mi pu\u00f2 aiutare nel mio ruolo di formatore\/docente\u00a0<\/td><\/tr><tr><td width=\"165\">Workshop in presenza\u00a0<\/td><td width=\"159\">16\/07\/2021<\/td><td width=\"133\">16:00 &#8211; 19:00<\/td><td width=\"144\">Napoli\u00a0<\/td><td>La formazione in azienda: strumenti, modelli e fondi disponibili con ipotesi di rendere i processi pi\u00f9 snelli.<\/td><\/tr><\/tbody><\/table>\t\t\t\t\t<\/div>\n\t\t\t\t\t\t<\/div>\n\t\t\t\t<\/div>\n\t\t\t\t\t\t<\/div>\n\t\t\t\t\t<\/div>\n\t\t<\/div>\n\t\t\t\t\t\t\t\t<\/div>\n\t\t\t\t\t<\/div>\n\t\t<\/section>\n\t\t\t\t\t\t\t\t\t<\/div>\n\t\t\t<\/div>\n\t\t\t\t\t<\/div>\n\t\t<\/div>","protected":false},"excerpt":{"rendered":"<div class=\"entry-content-stat post-content\"><p>IL METODO FEUERSTEIN Approfondire il Metodo per insegnare ad imparare<\/p>\n<\/div><a href=\"https:\/\/aifcampania.it\/?page_id=614\">Read More<i class=\"fa fa-long-arrow-right\" aria-hidden=\"true\"><\/i><\/a>","protected":false},"author":1,"featured_media":0,"parent":0,"menu_order":0,"comment_status":"closed","ping_status":"closed","template":"","meta":[],"rise-blocks_excerpt":"IL METODO FEUERSTEIN Approfondire il Metodo per insegnare ad imparare 17 GIUGNO dalle 17. alle 19. &#8211; 2 ore di formazione.\u00a0 La nostra asscociazione, che da sempre si \u00e8 pone come l\u2019interlocutore riconosciuto da Aziende, Pubblica Amministrazione e Liberi Professionisti, con qualit\u00e0, seriet\u00e0 e coerenza, \u00e8 lieta di poter ospitare Arianna Milani, che ci presentar\u00e0 il metodo Feuerstein. Cosa del..","_links":{"self":[{"href":"https:\/\/aifcampania.it\/index.php?rest_route=\/wp\/v2\/pages\/614"}],"collection":[{"href":"https:\/\/aifcampania.it\/index.php?rest_route=\/wp\/v2\/pages"}],"about":[{"href":"https:\/\/aifcampania.it\/index.php?rest_route=\/wp\/v2\/types\/page"}],"author":[{"embeddable":true,"href":"https:\/\/aifcampania.it\/index.php?rest_route=\/wp\/v2\/users\/1"}],"replies":[{"embeddable":true,"href":"https:\/\/aifcampania.it\/index.php?rest_route=%2Fwp%2Fv2%2Fcomments&post=614"}],"version-history":[{"count":24,"href":"https:\/\/aifcampania.it\/index.php?rest_route=\/wp\/v2\/pages\/614\/revisions"}],"predecessor-version":[{"id":644,"href":"https:\/\/aifcampania.it\/index.php?rest_route=\/wp\/v2\/pages\/614\/revisions\/644"}],"wp:attachment":[{"href":"https:\/\/aifcampania.it\/index.php?rest_route=%2Fwp%2Fv2%2Fmedia&parent=614"}],"curies":[{"name":"wp","href":"https:\/\/api.w.org\/{rel}","templated":true}]}}